











{"id":17180,"date":"2025-02-12T07:46:51","date_gmt":"2025-02-12T07:46:51","guid":{"rendered":"https:\/\/tiennong.vn\/?post_type=product&#038;p=17180"},"modified":"2025-05-16T00:57:28","modified_gmt":"2025-05-16T00:57:28","slug":"nk-15-185s-tien-nong-red-dragon","status":"publish","type":"product","link":"https:\/\/tiennong.vn\/en\/product\/nk-15-185s-tien-nong-red-dragon\/","title":{"rendered":"NK 15-18+5S Ti\u1ebfn N\u00f4ng Red Dragon"},"content":{"rendered":"<p class=\"\" data-start=\"0\" data-end=\"77\"><strong data-start=\"0\" data-end=\"23\">Product Description<\/strong><br data-start=\"23\" data-end=\"26\" \/><strong data-start=\"26\" data-end=\"49\">COMPOUND FERTILIZER<\/strong><br data-start=\"49\" data-end=\"52\" \/><strong data-start=\"52\" data-end=\"77\">NK 15-18+5S TI\u1ebeN N\u00d4NG<\/strong><\/p>\n<p class=\"\" data-start=\"79\" data-end=\"104\"><strong data-start=\"79\" data-end=\"102\">Guaranteed Analysis<\/strong><\/p>\n<ul data-start=\"105\" data-end=\"209\">\n<li class=\"\" data-start=\"105\" data-end=\"134\">\n<p class=\"\" data-start=\"107\" data-end=\"134\">Total Nitrogen (Nts): 15%<\/p>\n<\/li>\n<li class=\"\" data-start=\"135\" data-end=\"167\">\n<p class=\"\" data-start=\"137\" data-end=\"167\">Soluble Potassium (K\u2082O): 18%<\/p>\n<\/li>\n<li class=\"\" data-start=\"168\" data-end=\"186\">\n<p class=\"\" data-start=\"170\" data-end=\"186\">Sulfur (S): 5%<\/p>\n<\/li>\n<li class=\"\" data-start=\"187\" data-end=\"209\">\n<p class=\"\" data-start=\"189\" data-end=\"209\">Moisture content: 5%<\/p>\n<\/li>\n<\/ul>\n<p class=\"\" data-start=\"211\" data-end=\"439\"><strong data-start=\"211\" data-end=\"231\">Product Benefits<\/strong><br data-start=\"231\" data-end=\"234\" \/>NK 15-18+5S by Ti\u1ebfn N\u00f4ng is a new-generation, multi-nutrient, multi-functional granular fertilizer that provides essential nitrogen (N), potassium (K), and secondary nutrients to effectively nourish crops.<\/p>\n<p class=\"\" data-start=\"441\" data-end=\"463\"><strong data-start=\"441\" data-end=\"463\">Directions for Use<\/strong><\/p>\n<p class=\"\" data-start=\"465\" data-end=\"554\"><strong data-start=\"465\" data-end=\"485\">Short-term crops<\/strong> (e.g. rice, corn, sweet potato, beans, peanuts, leafy vegetables):<\/p>\n<ul data-start=\"555\" data-end=\"966\">\n<li class=\"\" data-start=\"555\" data-end=\"600\">\n<p class=\"\" data-start=\"557\" data-end=\"600\"><strong data-start=\"557\" data-end=\"567\">Dosage<\/strong>: 100\u2013300 kg\/ha per application<\/p>\n<\/li>\n<li class=\"\" data-start=\"601\" data-end=\"760\">\n<p class=\"\" data-start=\"603\" data-end=\"760\"><strong data-start=\"603\" data-end=\"625\">Application timing<\/strong>: Apply during the panicle initiation stage, tuber\/fruit\/ear formation, and throughout the growth of tubers, fruits, ears, and seeds.<\/p>\n<\/li>\n<li class=\"\" data-start=\"761\" data-end=\"966\">\n<p class=\"\" data-start=\"763\" data-end=\"966\"><strong data-start=\"763\" data-end=\"785\">Application method<\/strong>: Apply along crop rows or around the plant base. Incorporate into the soil by weeding and cultivating, then cover with soil or broadcast evenly over the field surface and irrigate.<\/p>\n<\/li>\n<\/ul>\n<p class=\"\" data-start=\"968\" data-end=\"1077\"><strong data-start=\"968\" data-end=\"987\">Perennial crops<\/strong> (e.g. coffee, cocoa, cashew, pepper, rubber, dragon fruit, durian, orange, grapefruit):<\/p>\n<ul data-start=\"1078\" data-end=\"1420\">\n<li class=\"\" data-start=\"1078\" data-end=\"1154\">\n<p class=\"\" data-start=\"1080\" data-end=\"1154\"><strong data-start=\"1080\" data-end=\"1090\">Dosage<\/strong>: 0.2\u20130.8 kg\/tree\/application (or 100\u2013150 g\/m\u00b2 of canopy area)<\/p>\n<\/li>\n<li class=\"\" data-start=\"1155\" data-end=\"1253\">\n<p class=\"\" data-start=\"1157\" data-end=\"1253\"><strong data-start=\"1157\" data-end=\"1179\">Application timing<\/strong>: Apply during the period of vegetative growth and biomass accumulation.<\/p>\n<\/li>\n<li class=\"\" data-start=\"1254\" data-end=\"1420\">\n<p class=\"\" data-start=\"1256\" data-end=\"1420\"><strong data-start=\"1256\" data-end=\"1278\">Application method<\/strong>: Dig trenches from \u00bd to \u00be of the canopy radius, evenly distribute the fertilizer, cover with soil, and water if the soil is not moist enough.<\/p>\n<\/li>\n<\/ul>\n<p class=\"\" data-start=\"1422\" data-end=\"1675\"><strong data-start=\"1422\" data-end=\"1441\">Fertilizer Code<\/strong>: 10804<br data-start=\"1448\" data-end=\"1451\" \/><strong data-start=\"1451\" data-end=\"1459\">Type<\/strong>: Compound NK fertilizer<br data-start=\"1483\" data-end=\"1486\" \/><strong data-start=\"1486\" data-end=\"1508\">Application method<\/strong>: Apply to roots<br data-start=\"1524\" data-end=\"1527\" \/><strong data-start=\"1527\" data-end=\"1544\">Standard Code<\/strong>: 37:2018\/TN-TH<br data-start=\"1559\" data-end=\"1562\" \/><strong data-start=\"1562\" data-end=\"1595\">Date and Place of Manufacture<\/strong>: Printed on packaging<br data-start=\"1617\" data-end=\"1620\" \/><strong data-start=\"1620\" data-end=\"1634\" data-is-only-node=\"\">Shelf Life<\/strong>: 36 months from the manufacturing date<\/p>\n<p class=\"\" data-start=\"1677\" data-end=\"1725\">Certified: <strong data-start=\"1688\" data-end=\"1706\">ISO 14001:2015<\/strong>\u2003\u2003<strong data-start=\"1708\" data-end=\"1725\" data-is-last-node=\"\">ISO 9001:2015<\/strong><\/p>\n","protected":false},"excerpt":{"rendered":"<p>NK 15-18+5S fertilizer by Ti\u1ebfn N\u00f4ng is a new-generation, multi-nutrient, multi-purpose granular fertilizer that provides essential nutrients including nitrogen (N), potassium (K), and secondary elements to nourish crops effectively.<\/p>\n","protected":false},"featured_media":8412,"comment_status":"open","ping_status":"closed","template":"","meta":{"_acf_changed":false},"product_brand":[],"product_cat":[134],"product_tag":[],"class_list":{"0":"post-17180","1":"product","2":"type-product","3":"status-publish","4":"has-post-thumbnail","6":"product_cat-multipurpose-fertilizers","8":"first","9":"instock","10":"shipping-taxable","11":"product-type-simple"},"acf":[],"yoast_head":"<!-- This site is optimized with the Yoast SEO plugin v25.8 - https:\/\/yoast.com\/wordpress\/plugins\/seo\/ -->\n<title>NK 15-18+5S Ti\u1ebfn N\u00f4ng Red Dragon - Ti\u00ean N\u00f4ng Group<\/title>\n<meta name=\"robots\" content=\"index, follow, max-snippet:-1, max-image-preview:large, max-video-preview:-1\" \/>\n<link rel=\"canonical\" href=\"https:\/\/tiennong.vn\/en\/product\/nk-15-185s-tien-nong-red-dragon\/\" \/>\n<meta property=\"og:locale\" content=\"en_US\" \/>\n<meta property=\"og:type\" content=\"article\" \/>\n<meta property=\"og:title\" content=\"NK 15-18+5S Ti\u1ebfn N\u00f4ng Red Dragon - Ti\u00ean N\u00f4ng Group\" \/>\n<meta property=\"og:description\" content=\"NK 15-18+5S fertilizer by Ti\u1ebfn N\u00f4ng is a new-generation, multi-nutrient, multi-purpose granular fertilizer that provides essential nutrients including nitrogen (N), potassium (K), and secondary elements to nourish crops effectively.\" \/>\n<meta property=\"og:url\" content=\"https:\/\/tiennong.vn\/en\/product\/nk-15-185s-tien-nong-red-dragon\/\" \/>\n<meta property=\"og:site_name\" content=\"Ti\u00ean N\u00f4ng Group\" \/>\n<meta property=\"article:modified_time\" content=\"2025-05-16T00:57:28+00:00\" \/>\n<meta property=\"og:image\" content=\"https:\/\/tiennong.vn\/wp-content\/uploads\/2025\/02\/con-rong-do-moi.jpg\" \/>\n\t<meta property=\"og:image:width\" content=\"1585\" \/>\n\t<meta property=\"og:image:height\" content=\"1547\" \/>\n\t<meta property=\"og:image:type\" content=\"image\/jpeg\" \/>\n<meta name=\"twitter:card\" content=\"summary_large_image\" \/>\n<meta name=\"twitter:label1\" content=\"Est. reading time\" \/>\n\t<meta name=\"twitter:data1\" content=\"2 minutes\" \/>\n<script type=\"application\/ld+json\" class=\"yoast-schema-graph\">{\"@context\":\"https:\/\/schema.org\",\"@graph\":[{\"@type\":\"WebPage\",\"@id\":\"https:\/\/tiennong.vn\/en\/product\/nk-15-185s-tien-nong-red-dragon\/\",\"url\":\"https:\/\/tiennong.vn\/en\/product\/nk-15-185s-tien-nong-red-dragon\/\",\"name\":\"NK 15-18+5S Ti\u1ebfn N\u00f4ng Red Dragon - Ti\u00ean N\u00f4ng Group\",\"isPartOf\":{\"@id\":\"https:\/\/tiennong.vn\/en\/#website\"},\"primaryImageOfPage\":{\"@id\":\"https:\/\/tiennong.vn\/en\/product\/nk-15-185s-tien-nong-red-dragon\/#primaryimage\"},\"image\":{\"@id\":\"https:\/\/tiennong.vn\/en\/product\/nk-15-185s-tien-nong-red-dragon\/#primaryimage\"},\"thumbnailUrl\":\"https:\/\/tiennong.vn\/wp-content\/uploads\/2025\/02\/con-rong-do-moi.jpg\",\"datePublished\":\"2025-02-12T07:46:51+00:00\",\"dateModified\":\"2025-05-16T00:57:28+00:00\",\"breadcrumb\":{\"@id\":\"https:\/\/tiennong.vn\/en\/product\/nk-15-185s-tien-nong-red-dragon\/#breadcrumb\"},\"inLanguage\":\"en-US\",\"potentialAction\":[{\"@type\":\"ReadAction\",\"target\":[\"https:\/\/tiennong.vn\/en\/product\/nk-15-185s-tien-nong-red-dragon\/\"]}]},{\"@type\":\"ImageObject\",\"inLanguage\":\"en-US\",\"@id\":\"https:\/\/tiennong.vn\/en\/product\/nk-15-185s-tien-nong-red-dragon\/#primaryimage\",\"url\":\"https:\/\/tiennong.vn\/wp-content\/uploads\/2025\/02\/con-rong-do-moi.jpg\",\"contentUrl\":\"https:\/\/tiennong.vn\/wp-content\/uploads\/2025\/02\/con-rong-do-moi.jpg\",\"width\":1585,\"height\":1547},{\"@type\":\"BreadcrumbList\",\"@id\":\"https:\/\/tiennong.vn\/en\/product\/nk-15-185s-tien-nong-red-dragon\/#breadcrumb\",\"itemListElement\":[{\"@type\":\"ListItem\",\"position\":1,\"name\":\"Home\",\"item\":\"https:\/\/tiennong.vn\/en\/\"},{\"@type\":\"ListItem\",\"position\":2,\"name\":\"Shop\",\"item\":\"https:\/\/tiennong.vn\/en\/shop\/\"},{\"@type\":\"ListItem\",\"position\":3,\"name\":\"NK 15-18+5S Ti\u1ebfn N\u00f4ng Red Dragon\"}]},{\"@type\":\"WebSite\",\"@id\":\"https:\/\/tiennong.vn\/en\/#website\",\"url\":\"https:\/\/tiennong.vn\/en\/\",\"name\":\"Ti\u00ean N\u00f4ng Group\",\"description\":\"\",\"potentialAction\":[{\"@type\":\"SearchAction\",\"target\":{\"@type\":\"EntryPoint\",\"urlTemplate\":\"https:\/\/tiennong.vn\/en\/?s={search_term_string}\"},\"query-input\":{\"@type\":\"PropertyValueSpecification\",\"valueRequired\":true,\"valueName\":\"search_term_string\"}}],\"inLanguage\":\"en-US\"}]}<\/script>\n<!-- \/ Yoast SEO plugin. -->","yoast_head_json":{"title":"NK 15-18+5S Ti\u1ebfn N\u00f4ng Red Dragon - Ti\u00ean N\u00f4ng Group","robots":{"index":"index","follow":"follow","max-snippet":"max-snippet:-1","max-image-preview":"max-image-preview:large","max-video-preview":"max-video-preview:-1"},"canonical":"https:\/\/tiennong.vn\/en\/product\/nk-15-185s-tien-nong-red-dragon\/","og_locale":"en_US","og_type":"article","og_title":"NK 15-18+5S Ti\u1ebfn N\u00f4ng Red Dragon - Ti\u00ean N\u00f4ng Group","og_description":"NK 15-18+5S fertilizer by Ti\u1ebfn N\u00f4ng is a new-generation, multi-nutrient, multi-purpose granular fertilizer that provides essential nutrients including nitrogen (N), potassium (K), and secondary elements to nourish crops effectively.","og_url":"https:\/\/tiennong.vn\/en\/product\/nk-15-185s-tien-nong-red-dragon\/","og_site_name":"Ti\u00ean N\u00f4ng Group","article_modified_time":"2025-05-16T00:57:28+00:00","og_image":[{"width":1585,"height":1547,"url":"https:\/\/tiennong.vn\/wp-content\/uploads\/2025\/02\/con-rong-do-moi.jpg","type":"image\/jpeg"}],"twitter_card":"summary_large_image","twitter_misc":{"Est. reading time":"2 minutes"},"schema":{"@context":"https:\/\/schema.org","@graph":[{"@type":"WebPage","@id":"https:\/\/tiennong.vn\/en\/product\/nk-15-185s-tien-nong-red-dragon\/","url":"https:\/\/tiennong.vn\/en\/product\/nk-15-185s-tien-nong-red-dragon\/","name":"NK 15-18+5S Ti\u1ebfn N\u00f4ng Red Dragon - Ti\u00ean N\u00f4ng Group","isPartOf":{"@id":"https:\/\/tiennong.vn\/en\/#website"},"primaryImageOfPage":{"@id":"https:\/\/tiennong.vn\/en\/product\/nk-15-185s-tien-nong-red-dragon\/#primaryimage"},"image":{"@id":"https:\/\/tiennong.vn\/en\/product\/nk-15-185s-tien-nong-red-dragon\/#primaryimage"},"thumbnailUrl":"https:\/\/tiennong.vn\/wp-content\/uploads\/2025\/02\/con-rong-do-moi.jpg","datePublished":"2025-02-12T07:46:51+00:00","dateModified":"2025-05-16T00:57:28+00:00","breadcrumb":{"@id":"https:\/\/tiennong.vn\/en\/product\/nk-15-185s-tien-nong-red-dragon\/#breadcrumb"},"inLanguage":"en-US","potentialAction":[{"@type":"ReadAction","target":["https:\/\/tiennong.vn\/en\/product\/nk-15-185s-tien-nong-red-dragon\/"]}]},{"@type":"ImageObject","inLanguage":"en-US","@id":"https:\/\/tiennong.vn\/en\/product\/nk-15-185s-tien-nong-red-dragon\/#primaryimage","url":"https:\/\/tiennong.vn\/wp-content\/uploads\/2025\/02\/con-rong-do-moi.jpg","contentUrl":"https:\/\/tiennong.vn\/wp-content\/uploads\/2025\/02\/con-rong-do-moi.jpg","width":1585,"height":1547},{"@type":"BreadcrumbList","@id":"https:\/\/tiennong.vn\/en\/product\/nk-15-185s-tien-nong-red-dragon\/#breadcrumb","itemListElement":[{"@type":"ListItem","position":1,"name":"Home","item":"https:\/\/tiennong.vn\/en\/"},{"@type":"ListItem","position":2,"name":"Shop","item":"https:\/\/tiennong.vn\/en\/shop\/"},{"@type":"ListItem","position":3,"name":"NK 15-18+5S Ti\u1ebfn N\u00f4ng Red Dragon"}]},{"@type":"WebSite","@id":"https:\/\/tiennong.vn\/en\/#website","url":"https:\/\/tiennong.vn\/en\/","name":"Ti\u00ean N\u00f4ng Group","description":"","potentialAction":[{"@type":"SearchAction","target":{"@type":"EntryPoint","urlTemplate":"https:\/\/tiennong.vn\/en\/?s={search_term_string}"},"query-input":{"@type":"PropertyValueSpecification","valueRequired":true,"valueName":"search_term_string"}}],"inLanguage":"en-US"}]}},"_links":{"self":[{"href":"https:\/\/tiennong.vn\/en\/wp-json\/wp\/v2\/product\/17180","targetHints":{"allow":["GET"]}}],"collection":[{"href":"https:\/\/tiennong.vn\/en\/wp-json\/wp\/v2\/product"}],"about":[{"href":"https:\/\/tiennong.vn\/en\/wp-json\/wp\/v2\/types\/product"}],"replies":[{"embeddable":true,"href":"https:\/\/tiennong.vn\/en\/wp-json\/wp\/v2\/comments?post=17180"}],"wp:featuredmedia":[{"embeddable":true,"href":"https:\/\/tiennong.vn\/en\/wp-json\/wp\/v2\/media\/8412"}],"wp:attachment":[{"href":"https:\/\/tiennong.vn\/en\/wp-json\/wp\/v2\/media?parent=17180"}],"wp:term":[{"taxonomy":"product_brand","embeddable":true,"href":"https:\/\/tiennong.vn\/en\/wp-json\/wp\/v2\/product_brand?post=17180"},{"taxonomy":"product_cat","embeddable":true,"href":"https:\/\/tiennong.vn\/en\/wp-json\/wp\/v2\/product_cat?post=17180"},{"taxonomy":"product_tag","embeddable":true,"href":"https:\/\/tiennong.vn\/en\/wp-json\/wp\/v2\/product_tag?post=17180"}],"curies":[{"name":"wp","href":"https:\/\/api.w.org\/{rel}","templated":true}]}}