











{"id":17181,"date":"2025-02-10T09:17:07","date_gmt":"2025-02-10T09:17:07","guid":{"rendered":"https:\/\/tiennong.vn\/?post_type=product&#038;p=17181"},"modified":"2025-05-16T01:01:58","modified_gmt":"2025-05-16T01:01:58","slug":"tien-nong-golden-granular-nitrogen","status":"publish","type":"product","link":"https:\/\/tiennong.vn\/en\/product\/tien-nong-golden-granular-nitrogen\/","title":{"rendered":"Ti\u1ebfn N\u00f4ng Golden Granular Nitrogen"},"content":{"rendered":"<p class=\"\" data-start=\"0\" data-end=\"80\"><strong data-start=\"0\" data-end=\"23\">Product Description<\/strong><br data-start=\"23\" data-end=\"26\" \/><strong data-start=\"26\" data-end=\"78\">TI\u1ebeN N\u00d4NG SECONDARY NUTRIENT NITROGEN FERTILIZER<\/strong><\/p>\n<p class=\"\" data-start=\"82\" data-end=\"107\"><strong data-start=\"82\" data-end=\"105\">Guaranteed Analysis<\/strong><\/p>\n<ul data-start=\"108\" data-end=\"220\">\n<li class=\"\" data-start=\"108\" data-end=\"137\">\n<p class=\"\" data-start=\"110\" data-end=\"137\">Total Nitrogen (Nts): 25%<\/p>\n<\/li>\n<li class=\"\" data-start=\"138\" data-end=\"159\">\n<p class=\"\" data-start=\"140\" data-end=\"159\">Calcium (Ca): 12%<\/p>\n<\/li>\n<li class=\"\" data-start=\"160\" data-end=\"184\">\n<p class=\"\" data-start=\"162\" data-end=\"184\">Magnesium (Mg): 1.5%<\/p>\n<\/li>\n<li class=\"\" data-start=\"185\" data-end=\"205\">\n<p class=\"\" data-start=\"187\" data-end=\"205\">Sulfur (S): 6.5%<\/p>\n<\/li>\n<li class=\"\" data-start=\"206\" data-end=\"220\">\n<p class=\"\" data-start=\"208\" data-end=\"220\">Moisture: 5%<\/p>\n<\/li>\n<\/ul>\n<p class=\"\" data-start=\"222\" data-end=\"542\"><strong data-start=\"222\" data-end=\"242\">Product Benefits<\/strong><br data-start=\"242\" data-end=\"245\" \/>This product is suitable for both basal and top dressing for various crops. It supplies nitrogen and essential secondary nutrients to promote strong plant growth and improve productivity. Additionally, it helps reduce pest pressure and minimizes nitrogen losses due to volatilization and leaching.<\/p>\n<hr class=\"\" data-start=\"544\" data-end=\"547\" \/>\n<p class=\"\" data-start=\"549\" data-end=\"571\"><strong data-start=\"549\" data-end=\"571\">Directions for Use<\/strong><\/p>\n<ol data-start=\"573\" data-end=\"586\">\n<li class=\"\" data-start=\"573\" data-end=\"586\">\n<p class=\"\" data-start=\"576\" data-end=\"586\"><strong data-start=\"576\" data-end=\"584\">Rice<\/strong><\/p>\n<\/li>\n<\/ol>\n<ul data-start=\"587\" data-end=\"1048\">\n<li class=\"\" data-start=\"587\" data-end=\"617\">\n<p class=\"\" data-start=\"589\" data-end=\"617\"><strong data-start=\"589\" data-end=\"599\">Dosage<\/strong>: 396 kg\/ha\/crop<\/p>\n<\/li>\n<li class=\"\" data-start=\"618\" data-end=\"923\">\n<p class=\"\" data-start=\"620\" data-end=\"647\"><strong data-start=\"620\" data-end=\"644\">Application schedule<\/strong>:<\/p>\n<ul data-start=\"650\" data-end=\"923\">\n<li class=\"\" data-start=\"650\" data-end=\"715\">\n<p class=\"\" data-start=\"652\" data-end=\"715\"><em data-start=\"652\" data-end=\"659\">Basal<\/em>: 1\u20132 days before transplanting \u2014 79 kg\/ha\/application<\/p>\n<\/li>\n<li class=\"\" data-start=\"718\" data-end=\"923\">\n<p class=\"\" data-start=\"720\" data-end=\"737\"><em data-start=\"720\" data-end=\"734\">Top dressing<\/em>:<\/p>\n<ul data-start=\"742\" data-end=\"923\">\n<li class=\"\" data-start=\"742\" data-end=\"825\">\n<p class=\"\" data-start=\"744\" data-end=\"825\">First application (tillering stage): 10\u201315 days after transplanting \u2014 178 kg\/ha<\/p>\n<\/li>\n<li class=\"\" data-start=\"830\" data-end=\"923\">\n<p class=\"\" data-start=\"832\" data-end=\"923\">Second application (panicle initiation): when the rice enters the stand stage \u2014 139 kg\/ha<\/p>\n<\/li>\n<\/ul>\n<\/li>\n<\/ul>\n<\/li>\n<li class=\"\" data-start=\"924\" data-end=\"1048\">\n<p class=\"\" data-start=\"926\" data-end=\"1048\"><strong data-start=\"926\" data-end=\"936\">Method<\/strong>: Apply in combination with weeding and soil puddling to enhance nutrient absorption and reduce fertilizer loss.<\/p>\n<\/li>\n<\/ul>\n<ol start=\"2\" data-start=\"1050\" data-end=\"1071\">\n<li class=\"\" data-start=\"1050\" data-end=\"1071\">\n<p class=\"\" data-start=\"1053\" data-end=\"1071\"><strong data-start=\"1053\" data-end=\"1069\">Sweet Potato<\/strong><\/p>\n<\/li>\n<\/ol>\n<ul data-start=\"1072\" data-end=\"1418\">\n<li class=\"\" data-start=\"1072\" data-end=\"1102\">\n<p class=\"\" data-start=\"1074\" data-end=\"1102\"><strong data-start=\"1074\" data-end=\"1084\">Dosage<\/strong>: 360 kg\/ha\/crop<\/p>\n<\/li>\n<li class=\"\" data-start=\"1103\" data-end=\"1334\">\n<p class=\"\" data-start=\"1105\" data-end=\"1132\"><strong data-start=\"1105\" data-end=\"1129\">Application schedule<\/strong>:<\/p>\n<ul data-start=\"1135\" data-end=\"1334\">\n<li class=\"\" data-start=\"1135\" data-end=\"1181\">\n<p class=\"\" data-start=\"1137\" data-end=\"1181\"><em data-start=\"1137\" data-end=\"1144\">Basal<\/em>: After land preparation \u2014 72 kg\/ha<\/p>\n<\/li>\n<li class=\"\" data-start=\"1184\" data-end=\"1334\">\n<p class=\"\" data-start=\"1186\" data-end=\"1203\"><em data-start=\"1186\" data-end=\"1200\">Top dressing<\/em>:<\/p>\n<ul data-start=\"1208\" data-end=\"1334\">\n<li class=\"\" data-start=\"1208\" data-end=\"1268\">\n<p class=\"\" data-start=\"1210\" data-end=\"1268\">First application: 20\u201325 days after planting \u2014 144 kg\/ha<\/p>\n<\/li>\n<li class=\"\" data-start=\"1273\" data-end=\"1334\">\n<p class=\"\" data-start=\"1275\" data-end=\"1334\">Second application: 40\u201345 days after planting \u2014 144 kg\/ha<\/p>\n<\/li>\n<\/ul>\n<\/li>\n<\/ul>\n<\/li>\n<li class=\"\" data-start=\"1335\" data-end=\"1418\">\n<p class=\"\" data-start=\"1337\" data-end=\"1418\"><strong data-start=\"1337\" data-end=\"1347\">Method<\/strong>: Loosen soil, incorporate fertilizer, and lightly ridge around plants.<\/p>\n<\/li>\n<\/ul>\n<ol start=\"3\" data-start=\"1420\" data-end=\"1462\">\n<li class=\"\" data-start=\"1420\" data-end=\"1462\">\n<p class=\"\" data-start=\"1423\" data-end=\"1462\"><strong data-start=\"1423\" data-end=\"1460\">Mustard Greens (Leafy Vegetables)<\/strong><\/p>\n<\/li>\n<\/ol>\n<ul data-start=\"1463\" data-end=\"1849\">\n<li class=\"\" data-start=\"1463\" data-end=\"1493\">\n<p class=\"\" data-start=\"1465\" data-end=\"1493\"><strong data-start=\"1465\" data-end=\"1475\">Dosage<\/strong>: 432 kg\/ha\/crop<\/p>\n<\/li>\n<li class=\"\" data-start=\"1494\" data-end=\"1735\">\n<p class=\"\" data-start=\"1496\" data-end=\"1523\"><strong data-start=\"1496\" data-end=\"1520\">Application schedule<\/strong>:<\/p>\n<ul data-start=\"1526\" data-end=\"1735\">\n<li class=\"\" data-start=\"1526\" data-end=\"1573\">\n<p class=\"\" data-start=\"1528\" data-end=\"1573\"><em data-start=\"1528\" data-end=\"1535\">Basal<\/em>: After land preparation \u2014 108 kg\/ha<\/p>\n<\/li>\n<li class=\"\" data-start=\"1576\" data-end=\"1735\">\n<p class=\"\" data-start=\"1578\" data-end=\"1595\"><em data-start=\"1578\" data-end=\"1592\">Top dressing<\/em>:<\/p>\n<ul data-start=\"1600\" data-end=\"1735\">\n<li class=\"\" data-start=\"1600\" data-end=\"1664\">\n<p class=\"\" data-start=\"1602\" data-end=\"1664\">First application: 7\u201310 days after transplanting \u2014 173 kg\/ha<\/p>\n<\/li>\n<li class=\"\" data-start=\"1669\" data-end=\"1735\">\n<p class=\"\" data-start=\"1671\" data-end=\"1735\">Second application: 20\u201325 days after transplanting \u2014 151 kg\/ha<\/p>\n<\/li>\n<\/ul>\n<\/li>\n<\/ul>\n<\/li>\n<li class=\"\" data-start=\"1736\" data-end=\"1849\">\n<p class=\"\" data-start=\"1738\" data-end=\"1849\"><strong data-start=\"1738\" data-end=\"1748\">Method<\/strong>: Broadcast evenly over bed surface or dissolve in water and irrigate. Maintain 60\u201370% soil moisture.<\/p>\n<\/li>\n<\/ul>\n<ol start=\"4\" data-start=\"1851\" data-end=\"1886\">\n<li class=\"\" data-start=\"1851\" data-end=\"1886\">\n<p class=\"\" data-start=\"1854\" data-end=\"1886\"><strong data-start=\"1854\" data-end=\"1884\">Melon (e.g., Korean melon)<\/strong><\/p>\n<\/li>\n<\/ol>\n<ul data-start=\"1887\" data-end=\"2355\">\n<li class=\"\" data-start=\"1887\" data-end=\"1917\">\n<p class=\"\" data-start=\"1889\" data-end=\"1917\"><strong data-start=\"1889\" data-end=\"1899\">Dosage<\/strong>: 432 kg\/ha\/crop<\/p>\n<\/li>\n<li class=\"\" data-start=\"1918\" data-end=\"2221\">\n<p class=\"\" data-start=\"1920\" data-end=\"1947\"><strong data-start=\"1920\" data-end=\"1944\">Application schedule<\/strong>:<\/p>\n<ul data-start=\"1950\" data-end=\"2221\">\n<li class=\"\" data-start=\"1950\" data-end=\"1998\">\n<p class=\"\" data-start=\"1952\" data-end=\"1998\"><em data-start=\"1952\" data-end=\"1959\">Basal<\/em>: After land preparation \u2014 86.4 kg\/ha<\/p>\n<\/li>\n<li class=\"\" data-start=\"2001\" data-end=\"2221\">\n<p class=\"\" data-start=\"2003\" data-end=\"2020\"><em data-start=\"2003\" data-end=\"2017\">Top dressing<\/em>:<\/p>\n<ul data-start=\"2025\" data-end=\"2221\">\n<li class=\"\" data-start=\"2025\" data-end=\"2086\">\n<p class=\"\" data-start=\"2027\" data-end=\"2086\">First application: 10\u201315 days after planting \u2014 86.4 kg\/ha<\/p>\n<\/li>\n<li class=\"\" data-start=\"2091\" data-end=\"2154\">\n<p class=\"\" data-start=\"2093\" data-end=\"2154\">Second application: 25\u201330 days after planting \u2014 129.6 kg\/ha<\/p>\n<\/li>\n<li class=\"\" data-start=\"2159\" data-end=\"2221\">\n<p class=\"\" data-start=\"2161\" data-end=\"2221\">Third application: 40\u201345 days after planting \u2014 129.6 kg\/ha<\/p>\n<\/li>\n<\/ul>\n<\/li>\n<\/ul>\n<\/li>\n<li class=\"\" data-start=\"2222\" data-end=\"2355\">\n<p class=\"\" data-start=\"2224\" data-end=\"2355\"><strong data-start=\"2224\" data-end=\"2234\">Method<\/strong>: Cultivate and weed the soil, apply fertilizer around the base or dissolve in water and apply directly to the root area.<\/p>\n<\/li>\n<\/ul>\n<ol start=\"5\" data-start=\"2357\" data-end=\"2378\">\n<li class=\"\" data-start=\"2357\" data-end=\"2378\">\n<p class=\"\" data-start=\"2360\" data-end=\"2378\"><strong data-start=\"2360\" data-end=\"2376\">Dragon Fruit<\/strong><\/p>\n<\/li>\n<\/ol>\n<ul data-start=\"2379\" data-end=\"2757\">\n<li class=\"\" data-start=\"2379\" data-end=\"2458\">\n<p class=\"\" data-start=\"2381\" data-end=\"2458\"><strong data-start=\"2381\" data-end=\"2391\">Dosage<\/strong>: 1.8 kg\/pillar\/year (depending on plant age and canopy diameter)<\/p>\n<\/li>\n<li class=\"\" data-start=\"2459\" data-end=\"2632\">\n<p class=\"\" data-start=\"2461\" data-end=\"2632\"><strong data-start=\"2461\" data-end=\"2485\">Application schedule<\/strong>: Split into 4 applications\/year, using 0.45 kg\/pillar each time. Apply during basal fertilization, plant recovery, and fruit development stages.<\/p>\n<\/li>\n<li class=\"\" data-start=\"2633\" data-end=\"2757\">\n<p class=\"\" data-start=\"2635\" data-end=\"2757\"><strong data-start=\"2635\" data-end=\"2645\">Method<\/strong>: Dig a trench around the pillar, apply fertilizer 20\u201330 cm from the base, cover with soil, and water as needed.<\/p>\n<\/li>\n<\/ul>\n<hr class=\"\" data-start=\"2759\" data-end=\"2762\" \/>\n<p class=\"\" data-start=\"2764\" data-end=\"2789\"><strong data-start=\"2764\" data-end=\"2787\">Product Information<\/strong><\/p>\n<ul data-start=\"2790\" data-end=\"3072\">\n<li class=\"\" data-start=\"2790\" data-end=\"2820\">\n<p class=\"\" data-start=\"2792\" data-end=\"2820\"><strong data-start=\"2792\" data-end=\"2811\">Fertilizer Code<\/strong>: 27344<\/p>\n<\/li>\n<li class=\"\" data-start=\"2821\" data-end=\"2873\">\n<p class=\"\" data-start=\"2823\" data-end=\"2873\"><strong data-start=\"2823\" data-end=\"2831\">Type<\/strong>: Nitrogen\u2013Secondary Nutrient Fertilizer<\/p>\n<\/li>\n<li class=\"\" data-start=\"2874\" data-end=\"2918\">\n<p class=\"\" data-start=\"2876\" data-end=\"2918\"><strong data-start=\"2876\" data-end=\"2898\">Application Method<\/strong>: Root application<\/p>\n<\/li>\n<li class=\"\" data-start=\"2919\" data-end=\"2955\">\n<p class=\"\" data-start=\"2921\" data-end=\"2955\"><strong data-start=\"2921\" data-end=\"2938\">Standard Code<\/strong>: 01:2023\/TN-TH<\/p>\n<\/li>\n<li class=\"\" data-start=\"2956\" data-end=\"3013\">\n<p class=\"\" data-start=\"2958\" data-end=\"3013\"><strong data-start=\"2958\" data-end=\"2989\">Manufacture Date &amp; Location<\/strong>: Printed on packaging<\/p>\n<\/li>\n<li class=\"\" data-start=\"3014\" data-end=\"3072\">\n<p class=\"\" data-start=\"3016\" data-end=\"3072\"><strong data-start=\"3016\" data-end=\"3030\">Shelf Life<\/strong>: 36 months from the date of manufacture<\/p>\n<\/li>\n<\/ul>\n<p class=\"\" data-start=\"3074\" data-end=\"3122\">Certified: <strong data-start=\"3085\" data-end=\"3103\">ISO 14001:2015<\/strong>\u2003\u2003<strong data-start=\"3105\" data-end=\"3122\" data-is-last-node=\"\">ISO 9001:2015<\/strong><\/p>\n","protected":false},"excerpt":{"rendered":"<p>This product is used for both basal and top dressing applications across various crops. It provides nitrogen and essential secondary nutrients to support plant growth and development, enhance yield, and reduce pest and disease pressure. Additionally, it helps minimize nitrogen loss through volatilization and leaching.<\/p>\n","protected":false},"featured_media":17837,"comment_status":"open","ping_status":"closed","template":"","meta":{"_acf_changed":false},"product_brand":[],"product_cat":[134],"product_tag":[],"class_list":{"0":"post-17181","1":"product","2":"type-product","3":"status-publish","4":"has-post-thumbnail","6":"product_cat-multipurpose-fertilizers","8":"first","9":"instock","10":"shipping-taxable","11":"product-type-simple"},"acf":[],"yoast_head":"<!-- This site is optimized with the Yoast SEO plugin v25.8 - https:\/\/yoast.com\/wordpress\/plugins\/seo\/ -->\n<title>Ti\u1ebfn N\u00f4ng Golden Granular Nitrogen - Ti\u00ean N\u00f4ng Group<\/title>\n<meta name=\"robots\" content=\"index, follow, max-snippet:-1, max-image-preview:large, max-video-preview:-1\" \/>\n<link rel=\"canonical\" href=\"https:\/\/tiennong.vn\/en\/product\/tien-nong-golden-granular-nitrogen\/\" \/>\n<meta property=\"og:locale\" content=\"en_US\" \/>\n<meta property=\"og:type\" content=\"article\" \/>\n<meta property=\"og:title\" content=\"Ti\u1ebfn N\u00f4ng Golden Granular Nitrogen - Ti\u00ean N\u00f4ng Group\" \/>\n<meta property=\"og:description\" content=\"This product is used for both basal and top dressing applications across various crops. It provides nitrogen and essential secondary nutrients to support plant growth and development, enhance yield, and reduce pest and disease pressure. Additionally, it helps minimize nitrogen loss through volatilization and leaching.\" \/>\n<meta property=\"og:url\" content=\"https:\/\/tiennong.vn\/en\/product\/tien-nong-golden-granular-nitrogen\/\" \/>\n<meta property=\"og:site_name\" content=\"Ti\u00ean N\u00f4ng Group\" \/>\n<meta property=\"article:modified_time\" content=\"2025-05-16T01:01:58+00:00\" \/>\n<meta property=\"og:image\" content=\"https:\/\/tiennong.vn\/wp-content\/uploads\/2025\/01\/thumb.png\" \/>\n\t<meta property=\"og:image:width\" content=\"1200\" \/>\n\t<meta property=\"og:image:height\" content=\"675\" \/>\n\t<meta property=\"og:image:type\" content=\"image\/png\" \/>\n<meta name=\"twitter:card\" content=\"summary_large_image\" \/>\n<meta name=\"twitter:label1\" content=\"Est. reading time\" \/>\n\t<meta name=\"twitter:data1\" content=\"3 minutes\" \/>\n<script type=\"application\/ld+json\" class=\"yoast-schema-graph\">{\"@context\":\"https:\/\/schema.org\",\"@graph\":[{\"@type\":\"WebPage\",\"@id\":\"https:\/\/tiennong.vn\/en\/product\/tien-nong-golden-granular-nitrogen\/\",\"url\":\"https:\/\/tiennong.vn\/en\/product\/tien-nong-golden-granular-nitrogen\/\",\"name\":\"Ti\u1ebfn N\u00f4ng Golden Granular Nitrogen - Ti\u00ean N\u00f4ng Group\",\"isPartOf\":{\"@id\":\"https:\/\/tiennong.vn\/en\/#website\"},\"primaryImageOfPage\":{\"@id\":\"https:\/\/tiennong.vn\/en\/product\/tien-nong-golden-granular-nitrogen\/#primaryimage\"},\"image\":{\"@id\":\"https:\/\/tiennong.vn\/en\/product\/tien-nong-golden-granular-nitrogen\/#primaryimage\"},\"thumbnailUrl\":\"https:\/\/tiennong.vn\/wp-content\/uploads\/2025\/02\/Dam-hat-vang-3D.png\",\"datePublished\":\"2025-02-10T09:17:07+00:00\",\"dateModified\":\"2025-05-16T01:01:58+00:00\",\"breadcrumb\":{\"@id\":\"https:\/\/tiennong.vn\/en\/product\/tien-nong-golden-granular-nitrogen\/#breadcrumb\"},\"inLanguage\":\"en-US\",\"potentialAction\":[{\"@type\":\"ReadAction\",\"target\":[\"https:\/\/tiennong.vn\/en\/product\/tien-nong-golden-granular-nitrogen\/\"]}]},{\"@type\":\"ImageObject\",\"inLanguage\":\"en-US\",\"@id\":\"https:\/\/tiennong.vn\/en\/product\/tien-nong-golden-granular-nitrogen\/#primaryimage\",\"url\":\"https:\/\/tiennong.vn\/wp-content\/uploads\/2025\/02\/Dam-hat-vang-3D.png\",\"contentUrl\":\"https:\/\/tiennong.vn\/wp-content\/uploads\/2025\/02\/Dam-hat-vang-3D.png\",\"width\":1466,\"height\":1466},{\"@type\":\"BreadcrumbList\",\"@id\":\"https:\/\/tiennong.vn\/en\/product\/tien-nong-golden-granular-nitrogen\/#breadcrumb\",\"itemListElement\":[{\"@type\":\"ListItem\",\"position\":1,\"name\":\"Home\",\"item\":\"https:\/\/tiennong.vn\/en\/\"},{\"@type\":\"ListItem\",\"position\":2,\"name\":\"Shop\",\"item\":\"https:\/\/tiennong.vn\/en\/shop\/\"},{\"@type\":\"ListItem\",\"position\":3,\"name\":\"Ti\u1ebfn N\u00f4ng Golden Granular Nitrogen\"}]},{\"@type\":\"WebSite\",\"@id\":\"https:\/\/tiennong.vn\/en\/#website\",\"url\":\"https:\/\/tiennong.vn\/en\/\",\"name\":\"Ti\u00ean N\u00f4ng Group\",\"description\":\"\",\"potentialAction\":[{\"@type\":\"SearchAction\",\"target\":{\"@type\":\"EntryPoint\",\"urlTemplate\":\"https:\/\/tiennong.vn\/en\/?s={search_term_string}\"},\"query-input\":{\"@type\":\"PropertyValueSpecification\",\"valueRequired\":true,\"valueName\":\"search_term_string\"}}],\"inLanguage\":\"en-US\"}]}<\/script>\n<!-- \/ Yoast SEO plugin. -->","yoast_head_json":{"title":"Ti\u1ebfn N\u00f4ng Golden Granular Nitrogen - Ti\u00ean N\u00f4ng Group","robots":{"index":"index","follow":"follow","max-snippet":"max-snippet:-1","max-image-preview":"max-image-preview:large","max-video-preview":"max-video-preview:-1"},"canonical":"https:\/\/tiennong.vn\/en\/product\/tien-nong-golden-granular-nitrogen\/","og_locale":"en_US","og_type":"article","og_title":"Ti\u1ebfn N\u00f4ng Golden Granular Nitrogen - Ti\u00ean N\u00f4ng Group","og_description":"This product is used for both basal and top dressing applications across various crops. It provides nitrogen and essential secondary nutrients to support plant growth and development, enhance yield, and reduce pest and disease pressure. Additionally, it helps minimize nitrogen loss through volatilization and leaching.","og_url":"https:\/\/tiennong.vn\/en\/product\/tien-nong-golden-granular-nitrogen\/","og_site_name":"Ti\u00ean N\u00f4ng Group","article_modified_time":"2025-05-16T01:01:58+00:00","og_image":[{"width":1200,"height":675,"url":"https:\/\/tiennong.vn\/wp-content\/uploads\/2025\/01\/thumb.png","type":"image\/png"}],"twitter_card":"summary_large_image","twitter_misc":{"Est. reading time":"3 minutes"},"schema":{"@context":"https:\/\/schema.org","@graph":[{"@type":"WebPage","@id":"https:\/\/tiennong.vn\/en\/product\/tien-nong-golden-granular-nitrogen\/","url":"https:\/\/tiennong.vn\/en\/product\/tien-nong-golden-granular-nitrogen\/","name":"Ti\u1ebfn N\u00f4ng Golden Granular Nitrogen - Ti\u00ean N\u00f4ng Group","isPartOf":{"@id":"https:\/\/tiennong.vn\/en\/#website"},"primaryImageOfPage":{"@id":"https:\/\/tiennong.vn\/en\/product\/tien-nong-golden-granular-nitrogen\/#primaryimage"},"image":{"@id":"https:\/\/tiennong.vn\/en\/product\/tien-nong-golden-granular-nitrogen\/#primaryimage"},"thumbnailUrl":"https:\/\/tiennong.vn\/wp-content\/uploads\/2025\/02\/Dam-hat-vang-3D.png","datePublished":"2025-02-10T09:17:07+00:00","dateModified":"2025-05-16T01:01:58+00:00","breadcrumb":{"@id":"https:\/\/tiennong.vn\/en\/product\/tien-nong-golden-granular-nitrogen\/#breadcrumb"},"inLanguage":"en-US","potentialAction":[{"@type":"ReadAction","target":["https:\/\/tiennong.vn\/en\/product\/tien-nong-golden-granular-nitrogen\/"]}]},{"@type":"ImageObject","inLanguage":"en-US","@id":"https:\/\/tiennong.vn\/en\/product\/tien-nong-golden-granular-nitrogen\/#primaryimage","url":"https:\/\/tiennong.vn\/wp-content\/uploads\/2025\/02\/Dam-hat-vang-3D.png","contentUrl":"https:\/\/tiennong.vn\/wp-content\/uploads\/2025\/02\/Dam-hat-vang-3D.png","width":1466,"height":1466},{"@type":"BreadcrumbList","@id":"https:\/\/tiennong.vn\/en\/product\/tien-nong-golden-granular-nitrogen\/#breadcrumb","itemListElement":[{"@type":"ListItem","position":1,"name":"Home","item":"https:\/\/tiennong.vn\/en\/"},{"@type":"ListItem","position":2,"name":"Shop","item":"https:\/\/tiennong.vn\/en\/shop\/"},{"@type":"ListItem","position":3,"name":"Ti\u1ebfn N\u00f4ng Golden Granular Nitrogen"}]},{"@type":"WebSite","@id":"https:\/\/tiennong.vn\/en\/#website","url":"https:\/\/tiennong.vn\/en\/","name":"Ti\u00ean N\u00f4ng Group","description":"","potentialAction":[{"@type":"SearchAction","target":{"@type":"EntryPoint","urlTemplate":"https:\/\/tiennong.vn\/en\/?s={search_term_string}"},"query-input":{"@type":"PropertyValueSpecification","valueRequired":true,"valueName":"search_term_string"}}],"inLanguage":"en-US"}]}},"_links":{"self":[{"href":"https:\/\/tiennong.vn\/en\/wp-json\/wp\/v2\/product\/17181","targetHints":{"allow":["GET"]}}],"collection":[{"href":"https:\/\/tiennong.vn\/en\/wp-json\/wp\/v2\/product"}],"about":[{"href":"https:\/\/tiennong.vn\/en\/wp-json\/wp\/v2\/types\/product"}],"replies":[{"embeddable":true,"href":"https:\/\/tiennong.vn\/en\/wp-json\/wp\/v2\/comments?post=17181"}],"wp:featuredmedia":[{"embeddable":true,"href":"https:\/\/tiennong.vn\/en\/wp-json\/wp\/v2\/media\/17837"}],"wp:attachment":[{"href":"https:\/\/tiennong.vn\/en\/wp-json\/wp\/v2\/media?parent=17181"}],"wp:term":[{"taxonomy":"product_brand","embeddable":true,"href":"https:\/\/tiennong.vn\/en\/wp-json\/wp\/v2\/product_brand?post=17181"},{"taxonomy":"product_cat","embeddable":true,"href":"https:\/\/tiennong.vn\/en\/wp-json\/wp\/v2\/product_cat?post=17181"},{"taxonomy":"product_tag","embeddable":true,"href":"https:\/\/tiennong.vn\/en\/wp-json\/wp\/v2\/product_tag?post=17181"}],"curies":[{"name":"wp","href":"https:\/\/api.w.org\/{rel}","templated":true}]}}