











{"id":17185,"date":"2025-02-12T07:37:22","date_gmt":"2025-02-12T07:37:22","guid":{"rendered":"https:\/\/tiennong.vn\/?post_type=product&#038;p=17185"},"modified":"2025-05-16T01:15:48","modified_gmt":"2025-05-16T01:15:48","slug":"npk-10-5-101-sio%e2%82%82hh-tien-nong","status":"publish","type":"product","link":"https:\/\/tiennong.vn\/en\/product\/npk-10-5-101-sio%e2%82%82hh-tien-nong\/","title":{"rendered":"NPK 10-5-10+1 SiO\u2082hh \u2013 Ti\u1ebfn N\u00f4ng"},"content":{"rendered":"<p class=\"\" data-start=\"0\" data-end=\"46\">Description<br data-start=\"11\" data-end=\"14\" \/>NPK 10-5-10+1 SiO\u2082hh Ti\u1ebfn N\u00f4ng<\/p>\n<p class=\"\" data-start=\"48\" data-end=\"80\">Essential nutrients for plants<\/p>\n<p class=\"\" data-start=\"82\" data-end=\"96\">Composition:<\/p>\n<ul data-start=\"97\" data-end=\"261\">\n<li class=\"\" data-start=\"97\" data-end=\"126\">\n<p class=\"\" data-start=\"99\" data-end=\"126\">Total Nitrogen (Nts): 10%<\/p>\n<\/li>\n<li class=\"\" data-start=\"127\" data-end=\"164\">\n<p class=\"\" data-start=\"129\" data-end=\"164\">Available Phosphorus (P\u2082O\u2085hh): 5%<\/p>\n<\/li>\n<li class=\"\" data-start=\"165\" data-end=\"201\">\n<p class=\"\" data-start=\"167\" data-end=\"201\">Available Potassium (K\u2082Ohh): 10%<\/p>\n<\/li>\n<li class=\"\" data-start=\"202\" data-end=\"236\">\n<p class=\"\" data-start=\"204\" data-end=\"236\">Available Silicon (SiO\u2082hh): 1%<\/p>\n<\/li>\n<li class=\"\" data-start=\"237\" data-end=\"261\">\n<p class=\"\" data-start=\"239\" data-end=\"261\">Moisture content: 5%<\/p>\n<\/li>\n<\/ul>\n<p class=\"\" data-start=\"263\" data-end=\"273\">Effects:<\/p>\n<ul data-start=\"274\" data-end=\"908\">\n<li class=\"\" data-start=\"274\" data-end=\"435\">\n<p class=\"\" data-start=\"276\" data-end=\"435\">Nitrogen: A basic component of protein and the main element of chlorophyll. Nitrogen promotes budding, leaf growth, fruit development, and increases biomass.<\/p>\n<\/li>\n<li class=\"\" data-start=\"436\" data-end=\"550\">\n<p class=\"\" data-start=\"438\" data-end=\"550\">Phosphorus: Needed for cell division, promotes root growth, flower bud formation, and young fruit development.<\/p>\n<\/li>\n<li class=\"\" data-start=\"551\" data-end=\"759\">\n<p class=\"\" data-start=\"553\" data-end=\"759\">Potassium: Facilitates photosynthesis, synthesis of carbohydrates and glucose, sugar and starch formation, and enhances transport of photosynthesis products to storage organs, improving yield and quality.<\/p>\n<\/li>\n<li class=\"\" data-start=\"760\" data-end=\"908\">\n<p class=\"\" data-start=\"762\" data-end=\"908\">Silicon: Strengthens cell walls, helping plants stay sturdy, resist lodging, reduce pests and diseases, and tolerate adverse weather conditions.<\/p>\n<\/li>\n<\/ul>\n<p class=\"\" data-start=\"910\" data-end=\"931\">Usage Instructions:<\/p>\n<ol data-start=\"933\" data-end=\"1036\">\n<li class=\"\" data-start=\"933\" data-end=\"1036\">\n<p class=\"\" data-start=\"936\" data-end=\"1036\">Short-term crops (rice, corn, sugarcane, sweet potato, cassava, tomato, vegetables, fruits, etc.):<\/p>\n<\/li>\n<\/ol>\n<ul data-start=\"1037\" data-end=\"1433\">\n<li class=\"\" data-start=\"1037\" data-end=\"1160\">\n<p class=\"\" data-start=\"1039\" data-end=\"1160\">Dosage: 11\u201318 kg per 360m\u00b2 (s\u00e0o), 15\u201325 kg per 500m\u00b2 (s\u00e0o), 30\u201350 kg per 1,000m\u00b2 (c\u00f4ng), 300\u2013500 kg\/ha per application.<\/p>\n<\/li>\n<li class=\"\" data-start=\"1161\" data-end=\"1253\">\n<p class=\"\" data-start=\"1163\" data-end=\"1253\">Application timing: Basal fertilization and topdressing at different crop growth stages.<\/p>\n<\/li>\n<li class=\"\" data-start=\"1254\" data-end=\"1433\">\n<p class=\"\" data-start=\"1256\" data-end=\"1433\">Method: Apply evenly along rows or around roots combined with weeding and soil loosening, cover fertilizer with soil or spread evenly on the field surface and water afterward.<\/p>\n<\/li>\n<\/ul>\n<ol start=\"2\" data-start=\"1435\" data-end=\"1513\">\n<li class=\"\" data-start=\"1435\" data-end=\"1513\">\n<p class=\"\" data-start=\"1438\" data-end=\"1513\">Long-term crops (pomelo, orange, mandarin, lychee, cashew, coffee, etc.):<\/p>\n<\/li>\n<\/ol>\n<ul data-start=\"1514\" data-end=\"1847\">\n<li class=\"\" data-start=\"1514\" data-end=\"1599\">\n<p class=\"\" data-start=\"1516\" data-end=\"1599\">Foundation phase: 0.3\u20130.5 kg per tree per application (100\u2013200 g\/m\u00b2 canopy area).<\/p>\n<\/li>\n<li class=\"\" data-start=\"1600\" data-end=\"1685\">\n<p class=\"\" data-start=\"1602\" data-end=\"1685\">Production phase: 0.5\u20131.5 kg per tree per application (100\u2013200 g\/m\u00b2 canopy area).<\/p>\n<\/li>\n<li class=\"\" data-start=\"1686\" data-end=\"1847\">\n<p class=\"\" data-start=\"1688\" data-end=\"1847\">Method: Dig alternate trenches from 3\/4 canopy radius to canopy edge or dig holes for fertilizer, cover with soil and water if soil moisture is insufficient.<\/p>\n<\/li>\n<\/ul>\n<p class=\"\" data-start=\"1849\" data-end=\"1870\">Safety and Storage:<\/p>\n<ul data-start=\"1871\" data-end=\"1991\">\n<li class=\"\" data-start=\"1871\" data-end=\"1936\">\n<p class=\"\" data-start=\"1873\" data-end=\"1936\">Store in a dry, well-ventilated place. Avoid direct sunlight.<\/p>\n<\/li>\n<li class=\"\" data-start=\"1937\" data-end=\"1991\">\n<p class=\"\" data-start=\"1939\" data-end=\"1991\">Safety warning: Not hazardous upon direct contact.<\/p>\n<\/li>\n<\/ul>\n<p class=\"\" data-start=\"1993\" data-end=\"2015\">Product Information:<\/p>\n<ul data-start=\"2016\" data-end=\"2121\" data-is-last-node=\"\" data-is-only-node=\"\">\n<li class=\"\" data-start=\"2016\" data-end=\"2042\">\n<p class=\"\" data-start=\"2018\" data-end=\"2042\">Fertilizer code: 10844<\/p>\n<\/li>\n<li class=\"\" data-start=\"2043\" data-end=\"2087\">\n<p class=\"\" data-start=\"2045\" data-end=\"2087\">Fertilizer type: NPK compound fertilizer<\/p>\n<\/li>\n<li class=\"\" data-start=\"2088\" data-end=\"2121\">\n<p class=\"\" data-start=\"2090\" data-end=\"2121\">Quality standard: 64:2018\/TN-TH<\/p>\n<\/li>\n<\/ul>\n","protected":false},"excerpt":{"rendered":"<ul data-start=\"274\" data-end=\"908\">\n<li class=\"\" data-start=\"274\" data-end=\"435\">\n<p class=\"\" data-start=\"276\" data-end=\"435\">Nitrogen: A basic component of protein and the main element of chlorophyll. Nitrogen promotes budding, leaf growth, fruit development, and increases biomass.<\/p>\n<\/li>\n<li class=\"\" data-start=\"436\" data-end=\"550\">\n<p class=\"\" data-start=\"438\" data-end=\"550\">Phosphorus: Needed for cell division, promotes root growth, flower bud formation, and young fruit development.<\/p>\n<\/li>\n<li class=\"\" data-start=\"551\" data-end=\"759\">\n<p class=\"\" data-start=\"553\" data-end=\"759\">Potassium: Facilitates photosynthesis, synthesis of carbohydrates and glucose, sugar and starch formation, and enhances transport of photosynthesis products to storage organs, improving yield and quality.<\/p>\n<\/li>\n<li class=\"\" data-start=\"760\" data-end=\"908\">\n<p class=\"\" data-start=\"762\" data-end=\"908\">Silicon: Strengthens cell walls, helping plants stay sturdy, resist lodging, reduce pests and diseases, and tolerate adverse weather conditions.<\/p>\n<\/li>\n<\/ul>\n","protected":false},"featured_media":8387,"comment_status":"open","ping_status":"closed","template":"","meta":{"_acf_changed":false},"product_brand":[],"product_cat":[134],"product_tag":[],"class_list":{"0":"post-17185","1":"product","2":"type-product","3":"status-publish","4":"has-post-thumbnail","6":"product_cat-multipurpose-fertilizers","8":"first","9":"instock","10":"shipping-taxable","11":"product-type-simple"},"acf":[],"yoast_head":"<!-- This site is optimized with the Yoast SEO plugin v25.8 - https:\/\/yoast.com\/wordpress\/plugins\/seo\/ -->\n<title>NPK 10-5-10+1 SiO\u2082hh \u2013 Ti\u1ebfn N\u00f4ng - Ti\u00ean N\u00f4ng Group<\/title>\n<meta name=\"robots\" content=\"index, follow, max-snippet:-1, max-image-preview:large, max-video-preview:-1\" \/>\n<link rel=\"canonical\" href=\"https:\/\/tiennong.vn\/en\/product\/npk-10-5-101-sio%e2%82%82hh-tien-nong\/\" \/>\n<meta property=\"og:locale\" content=\"en_US\" \/>\n<meta property=\"og:type\" content=\"article\" \/>\n<meta property=\"og:title\" content=\"NPK 10-5-10+1 SiO\u2082hh \u2013 Ti\u1ebfn N\u00f4ng - Ti\u00ean N\u00f4ng Group\" \/>\n<meta property=\"og:description\" content=\"Nitrogen: A basic component of protein and the main element of chlorophyll. Nitrogen promotes budding, leaf growth, fruit development, and increases biomass.    Phosphorus: Needed for cell division, promotes root growth, flower bud formation, and young fruit development.    Potassium: Facilitates photosynthesis, synthesis of carbohydrates and glucose, sugar and starch formation, and enhances transport of photosynthesis products to storage organs, improving yield and quality.    Silicon: Strengthens cell walls, helping plants stay sturdy, resist lodging, reduce pests and diseases, and tolerate adverse weather conditions.\" \/>\n<meta property=\"og:url\" content=\"https:\/\/tiennong.vn\/en\/product\/npk-10-5-101-sio%e2%82%82hh-tien-nong\/\" \/>\n<meta property=\"og:site_name\" content=\"Ti\u00ean N\u00f4ng Group\" \/>\n<meta property=\"article:modified_time\" content=\"2025-05-16T01:15:48+00:00\" \/>\n<meta property=\"og:image\" content=\"https:\/\/tiennong.vn\/wp-content\/uploads\/2025\/02\/10-5-10-1.jpg\" \/>\n\t<meta property=\"og:image:width\" content=\"1500\" \/>\n\t<meta property=\"og:image:height\" content=\"1500\" \/>\n\t<meta property=\"og:image:type\" content=\"image\/jpeg\" \/>\n<meta name=\"twitter:card\" content=\"summary_large_image\" \/>\n<meta name=\"twitter:label1\" content=\"Est. reading time\" \/>\n\t<meta name=\"twitter:data1\" content=\"2 minutes\" \/>\n<script type=\"application\/ld+json\" class=\"yoast-schema-graph\">{\"@context\":\"https:\/\/schema.org\",\"@graph\":[{\"@type\":\"WebPage\",\"@id\":\"https:\/\/tiennong.vn\/en\/product\/npk-10-5-101-sio%e2%82%82hh-tien-nong\/\",\"url\":\"https:\/\/tiennong.vn\/en\/product\/npk-10-5-101-sio%e2%82%82hh-tien-nong\/\",\"name\":\"NPK 10-5-10+1 SiO\u2082hh \u2013 Ti\u1ebfn N\u00f4ng - Ti\u00ean N\u00f4ng Group\",\"isPartOf\":{\"@id\":\"https:\/\/tiennong.vn\/en\/#website\"},\"primaryImageOfPage\":{\"@id\":\"https:\/\/tiennong.vn\/en\/product\/npk-10-5-101-sio%e2%82%82hh-tien-nong\/#primaryimage\"},\"image\":{\"@id\":\"https:\/\/tiennong.vn\/en\/product\/npk-10-5-101-sio%e2%82%82hh-tien-nong\/#primaryimage\"},\"thumbnailUrl\":\"https:\/\/tiennong.vn\/wp-content\/uploads\/2025\/02\/10-5-10-1.jpg\",\"datePublished\":\"2025-02-12T07:37:22+00:00\",\"dateModified\":\"2025-05-16T01:15:48+00:00\",\"breadcrumb\":{\"@id\":\"https:\/\/tiennong.vn\/en\/product\/npk-10-5-101-sio%e2%82%82hh-tien-nong\/#breadcrumb\"},\"inLanguage\":\"en-US\",\"potentialAction\":[{\"@type\":\"ReadAction\",\"target\":[\"https:\/\/tiennong.vn\/en\/product\/npk-10-5-101-sio%e2%82%82hh-tien-nong\/\"]}]},{\"@type\":\"ImageObject\",\"inLanguage\":\"en-US\",\"@id\":\"https:\/\/tiennong.vn\/en\/product\/npk-10-5-101-sio%e2%82%82hh-tien-nong\/#primaryimage\",\"url\":\"https:\/\/tiennong.vn\/wp-content\/uploads\/2025\/02\/10-5-10-1.jpg\",\"contentUrl\":\"https:\/\/tiennong.vn\/wp-content\/uploads\/2025\/02\/10-5-10-1.jpg\",\"width\":1500,\"height\":1500},{\"@type\":\"BreadcrumbList\",\"@id\":\"https:\/\/tiennong.vn\/en\/product\/npk-10-5-101-sio%e2%82%82hh-tien-nong\/#breadcrumb\",\"itemListElement\":[{\"@type\":\"ListItem\",\"position\":1,\"name\":\"Home\",\"item\":\"https:\/\/tiennong.vn\/en\/\"},{\"@type\":\"ListItem\",\"position\":2,\"name\":\"Shop\",\"item\":\"https:\/\/tiennong.vn\/en\/shop\/\"},{\"@type\":\"ListItem\",\"position\":3,\"name\":\"NPK 10-5-10+1 SiO\u2082hh \u2013 Ti\u1ebfn N\u00f4ng\"}]},{\"@type\":\"WebSite\",\"@id\":\"https:\/\/tiennong.vn\/en\/#website\",\"url\":\"https:\/\/tiennong.vn\/en\/\",\"name\":\"Ti\u00ean N\u00f4ng Group\",\"description\":\"\",\"potentialAction\":[{\"@type\":\"SearchAction\",\"target\":{\"@type\":\"EntryPoint\",\"urlTemplate\":\"https:\/\/tiennong.vn\/en\/?s={search_term_string}\"},\"query-input\":{\"@type\":\"PropertyValueSpecification\",\"valueRequired\":true,\"valueName\":\"search_term_string\"}}],\"inLanguage\":\"en-US\"}]}<\/script>\n<!-- \/ Yoast SEO plugin. -->","yoast_head_json":{"title":"NPK 10-5-10+1 SiO\u2082hh \u2013 Ti\u1ebfn N\u00f4ng - Ti\u00ean N\u00f4ng Group","robots":{"index":"index","follow":"follow","max-snippet":"max-snippet:-1","max-image-preview":"max-image-preview:large","max-video-preview":"max-video-preview:-1"},"canonical":"https:\/\/tiennong.vn\/en\/product\/npk-10-5-101-sio%e2%82%82hh-tien-nong\/","og_locale":"en_US","og_type":"article","og_title":"NPK 10-5-10+1 SiO\u2082hh \u2013 Ti\u1ebfn N\u00f4ng - Ti\u00ean N\u00f4ng Group","og_description":"Nitrogen: A basic component of protein and the main element of chlorophyll. Nitrogen promotes budding, leaf growth, fruit development, and increases biomass.    Phosphorus: Needed for cell division, promotes root growth, flower bud formation, and young fruit development.    Potassium: Facilitates photosynthesis, synthesis of carbohydrates and glucose, sugar and starch formation, and enhances transport of photosynthesis products to storage organs, improving yield and quality.    Silicon: Strengthens cell walls, helping plants stay sturdy, resist lodging, reduce pests and diseases, and tolerate adverse weather conditions.","og_url":"https:\/\/tiennong.vn\/en\/product\/npk-10-5-101-sio%e2%82%82hh-tien-nong\/","og_site_name":"Ti\u00ean N\u00f4ng Group","article_modified_time":"2025-05-16T01:15:48+00:00","og_image":[{"width":1500,"height":1500,"url":"https:\/\/tiennong.vn\/wp-content\/uploads\/2025\/02\/10-5-10-1.jpg","type":"image\/jpeg"}],"twitter_card":"summary_large_image","twitter_misc":{"Est. reading time":"2 minutes"},"schema":{"@context":"https:\/\/schema.org","@graph":[{"@type":"WebPage","@id":"https:\/\/tiennong.vn\/en\/product\/npk-10-5-101-sio%e2%82%82hh-tien-nong\/","url":"https:\/\/tiennong.vn\/en\/product\/npk-10-5-101-sio%e2%82%82hh-tien-nong\/","name":"NPK 10-5-10+1 SiO\u2082hh \u2013 Ti\u1ebfn N\u00f4ng - Ti\u00ean N\u00f4ng Group","isPartOf":{"@id":"https:\/\/tiennong.vn\/en\/#website"},"primaryImageOfPage":{"@id":"https:\/\/tiennong.vn\/en\/product\/npk-10-5-101-sio%e2%82%82hh-tien-nong\/#primaryimage"},"image":{"@id":"https:\/\/tiennong.vn\/en\/product\/npk-10-5-101-sio%e2%82%82hh-tien-nong\/#primaryimage"},"thumbnailUrl":"https:\/\/tiennong.vn\/wp-content\/uploads\/2025\/02\/10-5-10-1.jpg","datePublished":"2025-02-12T07:37:22+00:00","dateModified":"2025-05-16T01:15:48+00:00","breadcrumb":{"@id":"https:\/\/tiennong.vn\/en\/product\/npk-10-5-101-sio%e2%82%82hh-tien-nong\/#breadcrumb"},"inLanguage":"en-US","potentialAction":[{"@type":"ReadAction","target":["https:\/\/tiennong.vn\/en\/product\/npk-10-5-101-sio%e2%82%82hh-tien-nong\/"]}]},{"@type":"ImageObject","inLanguage":"en-US","@id":"https:\/\/tiennong.vn\/en\/product\/npk-10-5-101-sio%e2%82%82hh-tien-nong\/#primaryimage","url":"https:\/\/tiennong.vn\/wp-content\/uploads\/2025\/02\/10-5-10-1.jpg","contentUrl":"https:\/\/tiennong.vn\/wp-content\/uploads\/2025\/02\/10-5-10-1.jpg","width":1500,"height":1500},{"@type":"BreadcrumbList","@id":"https:\/\/tiennong.vn\/en\/product\/npk-10-5-101-sio%e2%82%82hh-tien-nong\/#breadcrumb","itemListElement":[{"@type":"ListItem","position":1,"name":"Home","item":"https:\/\/tiennong.vn\/en\/"},{"@type":"ListItem","position":2,"name":"Shop","item":"https:\/\/tiennong.vn\/en\/shop\/"},{"@type":"ListItem","position":3,"name":"NPK 10-5-10+1 SiO\u2082hh \u2013 Ti\u1ebfn N\u00f4ng"}]},{"@type":"WebSite","@id":"https:\/\/tiennong.vn\/en\/#website","url":"https:\/\/tiennong.vn\/en\/","name":"Ti\u00ean N\u00f4ng Group","description":"","potentialAction":[{"@type":"SearchAction","target":{"@type":"EntryPoint","urlTemplate":"https:\/\/tiennong.vn\/en\/?s={search_term_string}"},"query-input":{"@type":"PropertyValueSpecification","valueRequired":true,"valueName":"search_term_string"}}],"inLanguage":"en-US"}]}},"_links":{"self":[{"href":"https:\/\/tiennong.vn\/en\/wp-json\/wp\/v2\/product\/17185","targetHints":{"allow":["GET"]}}],"collection":[{"href":"https:\/\/tiennong.vn\/en\/wp-json\/wp\/v2\/product"}],"about":[{"href":"https:\/\/tiennong.vn\/en\/wp-json\/wp\/v2\/types\/product"}],"replies":[{"embeddable":true,"href":"https:\/\/tiennong.vn\/en\/wp-json\/wp\/v2\/comments?post=17185"}],"wp:featuredmedia":[{"embeddable":true,"href":"https:\/\/tiennong.vn\/en\/wp-json\/wp\/v2\/media\/8387"}],"wp:attachment":[{"href":"https:\/\/tiennong.vn\/en\/wp-json\/wp\/v2\/media?parent=17185"}],"wp:term":[{"taxonomy":"product_brand","embeddable":true,"href":"https:\/\/tiennong.vn\/en\/wp-json\/wp\/v2\/product_brand?post=17185"},{"taxonomy":"product_cat","embeddable":true,"href":"https:\/\/tiennong.vn\/en\/wp-json\/wp\/v2\/product_cat?post=17185"},{"taxonomy":"product_tag","embeddable":true,"href":"https:\/\/tiennong.vn\/en\/wp-json\/wp\/v2\/product_tag?post=17185"}],"curies":[{"name":"wp","href":"https:\/\/api.w.org\/{rel}","templated":true}]}}