











{"id":17188,"date":"2025-02-10T09:16:00","date_gmt":"2025-02-10T09:16:00","guid":{"rendered":"https:\/\/tiennong.vn\/?post_type=product&#038;p=17188"},"modified":"2025-05-16T01:25:14","modified_gmt":"2025-05-16T01:25:14","slug":"npk-12-3-12-tien-nong","status":"publish","type":"product","link":"https:\/\/tiennong.vn\/en\/product\/npk-12-3-12-tien-nong\/","title":{"rendered":"NPK 12-3-12 Ti\u1ebfn N\u00f4ng"},"content":{"rendered":"<p class=\"\" data-start=\"113\" data-end=\"187\"><strong data-start=\"113\" data-end=\"128\">Description<\/strong><br data-start=\"128\" data-end=\"131\" \/><strong data-start=\"131\" data-end=\"154\">Compound Fertilizer<\/strong><br data-start=\"154\" data-end=\"157\" \/>NPK 12-3-12 Ti\u1ebfn N\u00f4ng (Rice 2)<\/p>\n<p class=\"\" data-start=\"189\" data-end=\"206\"><strong data-start=\"189\" data-end=\"204\">Composition<\/strong><\/p>\n<ul data-start=\"207\" data-end=\"325\">\n<li class=\"\" data-start=\"207\" data-end=\"235\">\n<p class=\"\" data-start=\"209\" data-end=\"235\">Total Nitrogen (N\u209c): 12%<\/p>\n<\/li>\n<li class=\"\" data-start=\"236\" data-end=\"273\">\n<p class=\"\" data-start=\"238\" data-end=\"273\">Available Phosphorus (P\u2082O\u2085hh): 3%<\/p>\n<\/li>\n<li class=\"\" data-start=\"274\" data-end=\"310\">\n<p class=\"\" data-start=\"276\" data-end=\"310\">Available Potassium (K\u2082Ohh): 12%<\/p>\n<\/li>\n<li class=\"\" data-start=\"311\" data-end=\"325\">\n<p class=\"\" data-start=\"313\" data-end=\"325\">Moisture: 5%<\/p>\n<\/li>\n<\/ul>\n<p class=\"\" data-start=\"327\" data-end=\"340\"><strong data-start=\"327\" data-end=\"338\">Effects<\/strong><\/p>\n<ul data-start=\"341\" data-end=\"698\">\n<li class=\"\" data-start=\"341\" data-end=\"405\">\n<p class=\"\" data-start=\"343\" data-end=\"405\">Provides a balanced supply of essential nutrients for crops.<\/p>\n<\/li>\n<li class=\"\" data-start=\"406\" data-end=\"483\">\n<p class=\"\" data-start=\"408\" data-end=\"483\">Increases productivity and improves the quality of agricultural products.<\/p>\n<\/li>\n<li class=\"\" data-start=\"484\" data-end=\"567\">\n<p class=\"\" data-start=\"486\" data-end=\"567\">Enhances plants\u2019 resistance to pests, diseases, and adverse weather conditions.<\/p>\n<\/li>\n<li class=\"\" data-start=\"568\" data-end=\"627\">\n<p class=\"\" data-start=\"570\" data-end=\"627\">Maintains nutrient balance and improves soil fertility.<\/p>\n<\/li>\n<li class=\"\" data-start=\"628\" data-end=\"698\">\n<p class=\"\" data-start=\"630\" data-end=\"698\">Contributes to environmental protection and sustainable development.<\/p>\n<\/li>\n<\/ul>\n<p class=\"\" data-start=\"700\" data-end=\"726\"><strong data-start=\"700\" data-end=\"724\">Instructions for Use<\/strong><\/p>\n<ol data-start=\"727\" data-end=\"831\">\n<li class=\"\" data-start=\"727\" data-end=\"831\">\n<p class=\"\" data-start=\"730\" data-end=\"831\"><strong data-start=\"730\" data-end=\"746\">Annual crops<\/strong> (rice, corn, sweet potato, flowers, vegetables, sugarcane, peanut, bean, tobacco):<\/p>\n<\/li>\n<\/ol>\n<ul data-start=\"832\" data-end=\"1171\">\n<li class=\"\" data-start=\"832\" data-end=\"879\">\n<p class=\"\" data-start=\"834\" data-end=\"879\">Application rate: 300 \u2013 500 kg\/ha per time.<\/p>\n<\/li>\n<li class=\"\" data-start=\"880\" data-end=\"984\">\n<p class=\"\" data-start=\"882\" data-end=\"984\">Timing: Apply during tillering, heading, biomass growth, and nourishing tubers, fruits, ears, seeds.<\/p>\n<\/li>\n<li class=\"\" data-start=\"985\" data-end=\"1171\">\n<p class=\"\" data-start=\"987\" data-end=\"1171\">Method: Broadcast along rows or around the base combined with weeding and soil loosening, covering fertilizer with soil, or evenly spread on the field surface combined with irrigation.<\/p>\n<\/li>\n<\/ul>\n<ol start=\"2\" data-start=\"1173\" data-end=\"1253\">\n<li class=\"\" data-start=\"1173\" data-end=\"1253\">\n<p class=\"\" data-start=\"1176\" data-end=\"1253\"><strong data-start=\"1176\" data-end=\"1195\">Perennial crops<\/strong> (coffee, cocoa, cashew, pepper, rubber, guava, orange):<\/p>\n<\/li>\n<\/ol>\n<ul data-start=\"1254\" data-end=\"1585\">\n<li class=\"\" data-start=\"1254\" data-end=\"1330\">\n<p class=\"\" data-start=\"1256\" data-end=\"1330\">Application rate: 0.2 \u2013 1.0 kg\/tree per time (100 \u2013 200 g\/m\u00b2 of canopy).<\/p>\n<\/li>\n<li class=\"\" data-start=\"1331\" data-end=\"1420\">\n<p class=\"\" data-start=\"1333\" data-end=\"1420\">Timing: Fertilize to promote shoot growth, branch development, and fruit nourishment.<\/p>\n<\/li>\n<li class=\"\" data-start=\"1421\" data-end=\"1585\">\n<p class=\"\" data-start=\"1423\" data-end=\"1585\">Method: Make staggered furrows from 3\/4 canopy radius to canopy edge or dig holes to apply fertilizer, cover with soil and water if soil moisture is insufficient.<\/p>\n<\/li>\n<\/ul>\n<p class=\"\" data-start=\"1587\" data-end=\"1611\"><strong data-start=\"1587\" data-end=\"1609\">Safety and Storage<\/strong><\/p>\n<ul data-start=\"1612\" data-end=\"1725\">\n<li class=\"\" data-start=\"1612\" data-end=\"1650\">\n<p class=\"\" data-start=\"1614\" data-end=\"1650\">Not hazardous upon direct contact.<\/p>\n<\/li>\n<li class=\"\" data-start=\"1651\" data-end=\"1689\">\n<p class=\"\" data-start=\"1653\" data-end=\"1689\">Non-toxic to humans and livestock.<\/p>\n<\/li>\n<li class=\"\" data-start=\"1690\" data-end=\"1725\">\n<p class=\"\" data-start=\"1692\" data-end=\"1725\">Store in a dry, ventilated place.<\/p>\n<\/li>\n<\/ul>\n<p class=\"\" data-start=\"1727\" data-end=\"1755\"><strong data-start=\"1727\" data-end=\"1753\">Fertilizer Information<\/strong><\/p>\n<ul data-start=\"1756\" data-end=\"2054\">\n<li class=\"\" data-start=\"1756\" data-end=\"1782\">\n<p class=\"\" data-start=\"1758\" data-end=\"1782\">Fertilizer Code: 20108<\/p>\n<\/li>\n<li class=\"\" data-start=\"1783\" data-end=\"1827\">\n<p class=\"\" data-start=\"1785\" data-end=\"1827\">Fertilizer Type: Compound NPK fertilizer<\/p>\n<\/li>\n<li class=\"\" data-start=\"1828\" data-end=\"1870\">\n<p class=\"\" data-start=\"1830\" data-end=\"1870\">Application Method: Root fertilization<\/p>\n<\/li>\n<li class=\"\" data-start=\"1871\" data-end=\"1914\">\n<p class=\"\" data-start=\"1873\" data-end=\"1914\">Technical Standard Code: 107:2018\/TN-TH<\/p>\n<\/li>\n<li class=\"\" data-start=\"1915\" data-end=\"1965\">\n<p class=\"\" data-start=\"1917\" data-end=\"1965\">Manufacturing Date &amp; Place: Printed on the bag<\/p>\n<\/li>\n<li class=\"\" data-start=\"1966\" data-end=\"2012\">\n<p class=\"\" data-start=\"1968\" data-end=\"2012\">Shelf life: 36 months from production date<\/p>\n<\/li>\n<li class=\"\" data-start=\"2013\" data-end=\"2054\">\n<p class=\"\" data-start=\"2015\" data-end=\"2054\">Certified: ISO 14001:2015\u2003ISO 9001:2015<\/p>\n<\/li>\n<\/ul>\n","protected":false},"excerpt":{"rendered":"<p class=\"\" data-start=\"88\" data-end=\"176\">Provides a balanced supply of essential nutrients for crops.<\/p>\n<p class=\"\" data-start=\"178\" data-end=\"251\">Increases productivity and improves the quality of agricultural products.<\/p>\n<p class=\"\" data-start=\"253\" data-end=\"332\">Enhances plants\u2019 resistance to pests, diseases, and adverse weather conditions.<\/p>\n<p class=\"\" data-start=\"334\" data-end=\"389\">Maintains nutrient balance and improves soil fertility.<\/p>\n<p class=\"\" data-start=\"391\" data-end=\"459\">Contributes to environmental protection and sustainable development.<\/p>\n","protected":false},"featured_media":17839,"comment_status":"open","ping_status":"closed","template":"","meta":{"_acf_changed":false},"product_brand":[],"product_cat":[134],"product_tag":[],"class_list":{"0":"post-17188","1":"product","2":"type-product","3":"status-publish","4":"has-post-thumbnail","6":"product_cat-multipurpose-fertilizers","8":"first","9":"instock","10":"shipping-taxable","11":"product-type-simple"},"acf":[],"yoast_head":"<!-- This site is optimized with the Yoast SEO plugin v25.8 - https:\/\/yoast.com\/wordpress\/plugins\/seo\/ -->\n<title>NPK 12-3-12 Ti\u1ebfn N\u00f4ng - Ti\u00ean N\u00f4ng Group<\/title>\n<meta name=\"robots\" content=\"index, follow, max-snippet:-1, max-image-preview:large, max-video-preview:-1\" \/>\n<link rel=\"canonical\" href=\"https:\/\/tiennong.vn\/en\/product\/npk-12-3-12-tien-nong\/\" \/>\n<meta property=\"og:locale\" content=\"en_US\" \/>\n<meta property=\"og:type\" content=\"article\" \/>\n<meta property=\"og:title\" content=\"NPK 12-3-12 Ti\u1ebfn N\u00f4ng - Ti\u00ean N\u00f4ng Group\" \/>\n<meta property=\"og:description\" content=\"Provides a balanced supply of essential nutrients for crops. Increases productivity and improves the quality of agricultural products. Enhances plants\u2019 resistance to pests, diseases, and adverse weather conditions. Maintains nutrient balance and improves soil fertility. Contributes to environmental protection and sustainable development.\" \/>\n<meta property=\"og:url\" content=\"https:\/\/tiennong.vn\/en\/product\/npk-12-3-12-tien-nong\/\" \/>\n<meta property=\"og:site_name\" content=\"Ti\u00ean N\u00f4ng Group\" \/>\n<meta property=\"article:modified_time\" content=\"2025-05-16T01:25:14+00:00\" \/>\n<meta property=\"og:image\" content=\"https:\/\/tiennong.vn\/wp-content\/uploads\/2025\/02\/12.3.12-2023.png\" \/>\n\t<meta property=\"og:image:width\" content=\"1730\" \/>\n\t<meta property=\"og:image:height\" content=\"1730\" \/>\n\t<meta property=\"og:image:type\" content=\"image\/png\" \/>\n<meta name=\"twitter:card\" content=\"summary_large_image\" \/>\n<meta name=\"twitter:label1\" content=\"Est. reading time\" \/>\n\t<meta name=\"twitter:data1\" content=\"2 minutes\" \/>\n<script type=\"application\/ld+json\" class=\"yoast-schema-graph\">{\"@context\":\"https:\/\/schema.org\",\"@graph\":[{\"@type\":\"WebPage\",\"@id\":\"https:\/\/tiennong.vn\/en\/product\/npk-12-3-12-tien-nong\/\",\"url\":\"https:\/\/tiennong.vn\/en\/product\/npk-12-3-12-tien-nong\/\",\"name\":\"NPK 12-3-12 Ti\u1ebfn N\u00f4ng - Ti\u00ean N\u00f4ng Group\",\"isPartOf\":{\"@id\":\"https:\/\/tiennong.vn\/en\/#website\"},\"primaryImageOfPage\":{\"@id\":\"https:\/\/tiennong.vn\/en\/product\/npk-12-3-12-tien-nong\/#primaryimage\"},\"image\":{\"@id\":\"https:\/\/tiennong.vn\/en\/product\/npk-12-3-12-tien-nong\/#primaryimage\"},\"thumbnailUrl\":\"https:\/\/tiennong.vn\/wp-content\/uploads\/2025\/02\/12.3.12-2023.png\",\"datePublished\":\"2025-02-10T09:16:00+00:00\",\"dateModified\":\"2025-05-16T01:25:14+00:00\",\"breadcrumb\":{\"@id\":\"https:\/\/tiennong.vn\/en\/product\/npk-12-3-12-tien-nong\/#breadcrumb\"},\"inLanguage\":\"en-US\",\"potentialAction\":[{\"@type\":\"ReadAction\",\"target\":[\"https:\/\/tiennong.vn\/en\/product\/npk-12-3-12-tien-nong\/\"]}]},{\"@type\":\"ImageObject\",\"inLanguage\":\"en-US\",\"@id\":\"https:\/\/tiennong.vn\/en\/product\/npk-12-3-12-tien-nong\/#primaryimage\",\"url\":\"https:\/\/tiennong.vn\/wp-content\/uploads\/2025\/02\/12.3.12-2023.png\",\"contentUrl\":\"https:\/\/tiennong.vn\/wp-content\/uploads\/2025\/02\/12.3.12-2023.png\",\"width\":1730,\"height\":1730},{\"@type\":\"BreadcrumbList\",\"@id\":\"https:\/\/tiennong.vn\/en\/product\/npk-12-3-12-tien-nong\/#breadcrumb\",\"itemListElement\":[{\"@type\":\"ListItem\",\"position\":1,\"name\":\"Home\",\"item\":\"https:\/\/tiennong.vn\/en\/\"},{\"@type\":\"ListItem\",\"position\":2,\"name\":\"Shop\",\"item\":\"https:\/\/tiennong.vn\/en\/shop\/\"},{\"@type\":\"ListItem\",\"position\":3,\"name\":\"NPK 12-3-12 Ti\u1ebfn N\u00f4ng\"}]},{\"@type\":\"WebSite\",\"@id\":\"https:\/\/tiennong.vn\/en\/#website\",\"url\":\"https:\/\/tiennong.vn\/en\/\",\"name\":\"Ti\u00ean N\u00f4ng Group\",\"description\":\"\",\"potentialAction\":[{\"@type\":\"SearchAction\",\"target\":{\"@type\":\"EntryPoint\",\"urlTemplate\":\"https:\/\/tiennong.vn\/en\/?s={search_term_string}\"},\"query-input\":{\"@type\":\"PropertyValueSpecification\",\"valueRequired\":true,\"valueName\":\"search_term_string\"}}],\"inLanguage\":\"en-US\"}]}<\/script>\n<!-- \/ Yoast SEO plugin. -->","yoast_head_json":{"title":"NPK 12-3-12 Ti\u1ebfn N\u00f4ng - Ti\u00ean N\u00f4ng Group","robots":{"index":"index","follow":"follow","max-snippet":"max-snippet:-1","max-image-preview":"max-image-preview:large","max-video-preview":"max-video-preview:-1"},"canonical":"https:\/\/tiennong.vn\/en\/product\/npk-12-3-12-tien-nong\/","og_locale":"en_US","og_type":"article","og_title":"NPK 12-3-12 Ti\u1ebfn N\u00f4ng - Ti\u00ean N\u00f4ng Group","og_description":"Provides a balanced supply of essential nutrients for crops. Increases productivity and improves the quality of agricultural products. Enhances plants\u2019 resistance to pests, diseases, and adverse weather conditions. Maintains nutrient balance and improves soil fertility. Contributes to environmental protection and sustainable development.","og_url":"https:\/\/tiennong.vn\/en\/product\/npk-12-3-12-tien-nong\/","og_site_name":"Ti\u00ean N\u00f4ng Group","article_modified_time":"2025-05-16T01:25:14+00:00","og_image":[{"width":1730,"height":1730,"url":"https:\/\/tiennong.vn\/wp-content\/uploads\/2025\/02\/12.3.12-2023.png","type":"image\/png"}],"twitter_card":"summary_large_image","twitter_misc":{"Est. reading time":"2 minutes"},"schema":{"@context":"https:\/\/schema.org","@graph":[{"@type":"WebPage","@id":"https:\/\/tiennong.vn\/en\/product\/npk-12-3-12-tien-nong\/","url":"https:\/\/tiennong.vn\/en\/product\/npk-12-3-12-tien-nong\/","name":"NPK 12-3-12 Ti\u1ebfn N\u00f4ng - Ti\u00ean N\u00f4ng Group","isPartOf":{"@id":"https:\/\/tiennong.vn\/en\/#website"},"primaryImageOfPage":{"@id":"https:\/\/tiennong.vn\/en\/product\/npk-12-3-12-tien-nong\/#primaryimage"},"image":{"@id":"https:\/\/tiennong.vn\/en\/product\/npk-12-3-12-tien-nong\/#primaryimage"},"thumbnailUrl":"https:\/\/tiennong.vn\/wp-content\/uploads\/2025\/02\/12.3.12-2023.png","datePublished":"2025-02-10T09:16:00+00:00","dateModified":"2025-05-16T01:25:14+00:00","breadcrumb":{"@id":"https:\/\/tiennong.vn\/en\/product\/npk-12-3-12-tien-nong\/#breadcrumb"},"inLanguage":"en-US","potentialAction":[{"@type":"ReadAction","target":["https:\/\/tiennong.vn\/en\/product\/npk-12-3-12-tien-nong\/"]}]},{"@type":"ImageObject","inLanguage":"en-US","@id":"https:\/\/tiennong.vn\/en\/product\/npk-12-3-12-tien-nong\/#primaryimage","url":"https:\/\/tiennong.vn\/wp-content\/uploads\/2025\/02\/12.3.12-2023.png","contentUrl":"https:\/\/tiennong.vn\/wp-content\/uploads\/2025\/02\/12.3.12-2023.png","width":1730,"height":1730},{"@type":"BreadcrumbList","@id":"https:\/\/tiennong.vn\/en\/product\/npk-12-3-12-tien-nong\/#breadcrumb","itemListElement":[{"@type":"ListItem","position":1,"name":"Home","item":"https:\/\/tiennong.vn\/en\/"},{"@type":"ListItem","position":2,"name":"Shop","item":"https:\/\/tiennong.vn\/en\/shop\/"},{"@type":"ListItem","position":3,"name":"NPK 12-3-12 Ti\u1ebfn N\u00f4ng"}]},{"@type":"WebSite","@id":"https:\/\/tiennong.vn\/en\/#website","url":"https:\/\/tiennong.vn\/en\/","name":"Ti\u00ean N\u00f4ng Group","description":"","potentialAction":[{"@type":"SearchAction","target":{"@type":"EntryPoint","urlTemplate":"https:\/\/tiennong.vn\/en\/?s={search_term_string}"},"query-input":{"@type":"PropertyValueSpecification","valueRequired":true,"valueName":"search_term_string"}}],"inLanguage":"en-US"}]}},"_links":{"self":[{"href":"https:\/\/tiennong.vn\/en\/wp-json\/wp\/v2\/product\/17188","targetHints":{"allow":["GET"]}}],"collection":[{"href":"https:\/\/tiennong.vn\/en\/wp-json\/wp\/v2\/product"}],"about":[{"href":"https:\/\/tiennong.vn\/en\/wp-json\/wp\/v2\/types\/product"}],"replies":[{"embeddable":true,"href":"https:\/\/tiennong.vn\/en\/wp-json\/wp\/v2\/comments?post=17188"}],"wp:featuredmedia":[{"embeddable":true,"href":"https:\/\/tiennong.vn\/en\/wp-json\/wp\/v2\/media\/17839"}],"wp:attachment":[{"href":"https:\/\/tiennong.vn\/en\/wp-json\/wp\/v2\/media?parent=17188"}],"wp:term":[{"taxonomy":"product_brand","embeddable":true,"href":"https:\/\/tiennong.vn\/en\/wp-json\/wp\/v2\/product_brand?post=17188"},{"taxonomy":"product_cat","embeddable":true,"href":"https:\/\/tiennong.vn\/en\/wp-json\/wp\/v2\/product_cat?post=17188"},{"taxonomy":"product_tag","embeddable":true,"href":"https:\/\/tiennong.vn\/en\/wp-json\/wp\/v2\/product_tag?post=17188"}],"curies":[{"name":"wp","href":"https:\/\/api.w.org\/{rel}","templated":true}]}}