











{"id":17189,"date":"2025-02-12T07:40:37","date_gmt":"2025-02-12T07:40:37","guid":{"rendered":"https:\/\/tiennong.vn\/?post_type=product&#038;p=17189"},"modified":"2025-05-16T01:27:32","modified_gmt":"2025-05-16T01:27:32","slug":"npk-12-5-101-5-sio%e2%82%82hh-tien-nong","status":"publish","type":"product","link":"https:\/\/tiennong.vn\/en\/product\/npk-12-5-101-5-sio%e2%82%82hh-tien-nong\/","title":{"rendered":"NPK 12-5-10+1.5 SiO\u2082hh Ti\u1ebfn N\u00f4ng"},"content":{"rendered":"<p class=\"\" data-start=\"124\" data-end=\"202\"><strong data-start=\"124\" data-end=\"139\">Description<\/strong><br data-start=\"139\" data-end=\"142\" \/><strong data-start=\"142\" data-end=\"165\">Compound Fertilizer<\/strong><br data-start=\"165\" data-end=\"168\" \/>NPK 12-5-10+1.5 SiO\u2082hh Ti\u1ebfn N\u00f4ng<\/p>\n<p class=\"\" data-start=\"204\" data-end=\"229\"><strong data-start=\"204\" data-end=\"227\">Guaranteed Analysis<\/strong><\/p>\n<div class=\"_tableContainer_16hzy_1\">\n<div class=\"_tableWrapper_16hzy_14 group flex w-fit flex-col-reverse\" tabindex=\"-1\">\n<table class=\"w-fit min-w-(--thread-content-width)\" data-start=\"231\" data-end=\"981\">\n<thead data-start=\"231\" data-end=\"337\">\n<tr data-start=\"231\" data-end=\"337\">\n<th data-start=\"231\" data-end=\"237\" data-col-size=\"sm\">No.<\/th>\n<th data-start=\"237\" data-end=\"275\" data-col-size=\"sm\">Quality Indicator<\/th>\n<th data-start=\"275\" data-end=\"308\" data-col-size=\"sm\">Declared Content (% by weight)<\/th>\n<th data-start=\"308\" data-end=\"337\" data-col-size=\"sm\">Testing Standard<\/th>\n<\/tr>\n<\/thead>\n<tbody data-start=\"445\" data-end=\"981\">\n<tr data-start=\"445\" data-end=\"551\">\n<td data-start=\"445\" data-end=\"452\" data-col-size=\"sm\">1<\/td>\n<td data-start=\"452\" data-end=\"489\" data-col-size=\"sm\">Total Nitrogen (N\u209c)<\/td>\n<td data-start=\"489\" data-end=\"523\" data-col-size=\"sm\">12<\/td>\n<td data-col-size=\"sm\" data-start=\"523\" data-end=\"551\">TCVN 5815:2018<\/td>\n<\/tr>\n<tr data-start=\"552\" data-end=\"658\">\n<td data-start=\"552\" data-end=\"559\" data-col-size=\"sm\">2<\/td>\n<td data-start=\"559\" data-end=\"596\" data-col-size=\"sm\">Available Phosphorus (P\u2082O\u2085hh)<\/td>\n<td data-start=\"596\" data-end=\"630\" data-col-size=\"sm\">5<\/td>\n<td data-col-size=\"sm\" data-start=\"630\" data-end=\"658\">TCVN 5815:2018<\/td>\n<\/tr>\n<tr data-start=\"659\" data-end=\"766\">\n<td data-start=\"659\" data-end=\"666\" data-col-size=\"sm\">3<\/td>\n<td data-start=\"666\" data-end=\"704\" data-col-size=\"sm\">Available Potassium (K\u2082Ohh)<\/td>\n<td data-col-size=\"sm\" data-start=\"704\" data-end=\"738\">10<\/td>\n<td data-col-size=\"sm\" data-start=\"738\" data-end=\"766\">TCVN 8560:2018<\/td>\n<\/tr>\n<tr data-start=\"767\" data-end=\"874\">\n<td data-start=\"767\" data-end=\"774\" data-col-size=\"sm\">4<\/td>\n<td data-start=\"774\" data-end=\"812\" data-col-size=\"sm\">Available Silicon (SiO\u2082hh)<\/td>\n<td data-col-size=\"sm\" data-start=\"812\" data-end=\"846\">1.5<\/td>\n<td data-col-size=\"sm\" data-start=\"846\" data-end=\"874\">TCCS 772:2020\/BVTV<\/td>\n<\/tr>\n<tr data-start=\"875\" data-end=\"981\">\n<td data-start=\"875\" data-end=\"882\" data-col-size=\"sm\">5<\/td>\n<td data-start=\"882\" data-end=\"919\" data-col-size=\"sm\">Moisture<\/td>\n<td data-col-size=\"sm\" data-start=\"919\" data-end=\"953\">5<\/td>\n<td data-col-size=\"sm\" data-start=\"953\" data-end=\"981\">TCVN 5815:2018<\/td>\n<\/tr>\n<\/tbody>\n<\/table>\n<div class=\"sticky end-(--thread-content-margin) h-0 self-end select-none\">\n<div class=\"absolute end-0 flex items-end\"><\/div>\n<\/div>\n<\/div>\n<\/div>\n<p class=\"\" data-start=\"983\" data-end=\"997\"><strong data-start=\"983\" data-end=\"995\">Benefits<\/strong><\/p>\n<ul data-start=\"998\" data-end=\"1322\">\n<li class=\"\" data-start=\"998\" data-end=\"1063\">\n<p class=\"\" data-start=\"1000\" data-end=\"1063\">Provides complete and balanced essential nutrients for crops.<\/p>\n<\/li>\n<li class=\"\" data-start=\"1064\" data-end=\"1109\">\n<p class=\"\" data-start=\"1066\" data-end=\"1109\">Increases crop yield and product quality.<\/p>\n<\/li>\n<li class=\"\" data-start=\"1110\" data-end=\"1191\">\n<p class=\"\" data-start=\"1112\" data-end=\"1191\">Enhances plant resistance to pests, diseases, and adverse weather conditions.<\/p>\n<\/li>\n<li class=\"\" data-start=\"1192\" data-end=\"1251\">\n<p class=\"\" data-start=\"1194\" data-end=\"1251\">Maintains nutrient balance and improves soil fertility.<\/p>\n<\/li>\n<li class=\"\" data-start=\"1252\" data-end=\"1322\">\n<p class=\"\" data-start=\"1254\" data-end=\"1322\">Contributes to environmental protection and sustainable development.<\/p>\n<\/li>\n<\/ul>\n<p class=\"\" data-start=\"1324\" data-end=\"1354\"><strong data-start=\"1324\" data-end=\"1352\">Application Instructions<\/strong><\/p>\n<ol data-start=\"1356\" data-end=\"1369\">\n<li class=\"\" data-start=\"1356\" data-end=\"1369\">\n<p class=\"\" data-start=\"1359\" data-end=\"1369\"><strong data-start=\"1359\" data-end=\"1367\">Rice<\/strong><\/p>\n<\/li>\n<\/ol>\n<ul data-start=\"1370\" data-end=\"1544\">\n<li class=\"\" data-start=\"1370\" data-end=\"1416\">\n<p class=\"\" data-start=\"1372\" data-end=\"1416\">Top dressing for tillering: 300\u2013400 kg\/ha.<\/p>\n<\/li>\n<li class=\"\" data-start=\"1417\" data-end=\"1461\">\n<p class=\"\" data-start=\"1419\" data-end=\"1461\">Top dressing for heading: 200\u2013300 kg\/ha.<\/p>\n<\/li>\n<li class=\"\" data-start=\"1462\" data-end=\"1544\">\n<p class=\"\" data-start=\"1464\" data-end=\"1544\">Application method: evenly spread on the field surface combined with irrigation.<\/p>\n<\/li>\n<\/ul>\n<ol start=\"2\" data-start=\"1546\" data-end=\"1634\">\n<li class=\"\" data-start=\"1546\" data-end=\"1634\">\n<p class=\"\" data-start=\"1549\" data-end=\"1634\"><strong data-start=\"1549\" data-end=\"1569\">Short-term crops<\/strong> (corn, sweet potato, flowers, vegetables, sugarcane, tobacco):<\/p>\n<\/li>\n<\/ol>\n<ul data-start=\"1635\" data-end=\"1896\">\n<li class=\"\" data-start=\"1635\" data-end=\"1720\">\n<p class=\"\" data-start=\"1637\" data-end=\"1720\">Application rate: 250\u2013350 kg\/ha, apply as top dressing during crop growth stages.<\/p>\n<\/li>\n<li class=\"\" data-start=\"1721\" data-end=\"1896\">\n<p class=\"\" data-start=\"1723\" data-end=\"1896\">Application method: spread along rows or around plants combined with weeding and loosening soil, cover fertilizer with soil, or evenly spread on the surface with irrigation.<\/p>\n<\/li>\n<\/ul>\n<ol start=\"3\" data-start=\"1898\" data-end=\"1993\">\n<li class=\"\" data-start=\"1898\" data-end=\"1993\">\n<p class=\"\" data-start=\"1901\" data-end=\"1993\"><strong data-start=\"1901\" data-end=\"1920\">Perennial crops<\/strong> (coffee, cocoa, cashew, pepper, rubber, guava, orange, mango, durian):<\/p>\n<\/li>\n<\/ol>\n<ul data-start=\"1994\" data-end=\"2391\">\n<li class=\"\" data-start=\"1994\" data-end=\"2079\">\n<p class=\"\" data-start=\"1996\" data-end=\"2079\">Application rate: 0.2\u20131.5 kg per tree per application (100\u2013200 g\/m\u00b2 canopy area).<\/p>\n<\/li>\n<li class=\"\" data-start=\"2080\" data-end=\"2214\">\n<p class=\"\" data-start=\"2082\" data-end=\"2214\">Application timing: top dressing for bud growth, stem and branch nourishment, flower differentiation, and young fruit development.<\/p>\n<\/li>\n<li class=\"\" data-start=\"2215\" data-end=\"2391\">\n<p class=\"\" data-start=\"2217\" data-end=\"2391\">Application method: make staggered trenches from 3\/4 of canopy radius to edge or dig holes to apply fertilizer, cover with soil and irrigate if soil moisture is insufficient.<\/p>\n<\/li>\n<\/ul>\n<p class=\"\" data-start=\"2393\" data-end=\"2415\"><strong data-start=\"2393\" data-end=\"2413\">Safety &amp; Storage<\/strong><\/p>\n<ul data-start=\"2416\" data-end=\"2544\">\n<li class=\"\" data-start=\"2416\" data-end=\"2454\">\n<p class=\"\" data-start=\"2418\" data-end=\"2454\">Not hazardous upon direct contact.<\/p>\n<\/li>\n<li class=\"\" data-start=\"2455\" data-end=\"2493\">\n<p class=\"\" data-start=\"2457\" data-end=\"2493\">Non-toxic to humans and livestock.<\/p>\n<\/li>\n<li class=\"\" data-start=\"2494\" data-end=\"2544\">\n<p class=\"\" data-start=\"2496\" data-end=\"2544\">Store in a dry, cool, and well-ventilated place.<\/p>\n<\/li>\n<\/ul>\n<p class=\"\" data-start=\"2546\" data-end=\"2569\"><strong data-start=\"2546\" data-end=\"2561\">Net Weight:<\/strong> 25 kg<\/p>\n<p class=\"\" data-start=\"2571\" data-end=\"2854\"><strong data-start=\"2571\" data-end=\"2606\">Fertilizer Registration Number:<\/strong> 10868<br data-start=\"2612\" data-end=\"2615\" \/><strong data-start=\"2615\" data-end=\"2635\">Fertilizer Type:<\/strong> Compound NPK Fertilizer<br data-start=\"2659\" data-end=\"2662\" \/><strong data-start=\"2662\" data-end=\"2685\">Application Method:<\/strong> Root fertilization<br data-start=\"2704\" data-end=\"2707\" \/><strong data-start=\"2707\" data-end=\"2737\">Technical Standard Number:<\/strong> 56:2018\/TN-TH<br data-start=\"2751\" data-end=\"2754\" \/><strong data-start=\"2754\" data-end=\"2783\">Manufacture Date &amp; Place:<\/strong> Printed on package<br data-start=\"2802\" data-end=\"2805\" \/><strong data-start=\"2805\" data-end=\"2820\">Shelf Life:<\/strong> 36 months from manufacture date<\/p>\n<p class=\"\" data-start=\"2856\" data-end=\"2908\"><strong data-start=\"2856\" data-end=\"2875\">Certifications:<\/strong> ISO 14001:2015 | ISO 9001:2015<\/p>\n","protected":false},"excerpt":{"rendered":"<p class=\"\" data-start=\"112\" data-end=\"212\">Provides complete and balanced essential nutrients for crops.<\/p>\n<p class=\"\" data-start=\"214\" data-end=\"280\">Increases yield and improves the quality of agricultural products.<\/p>\n<p class=\"\" data-start=\"282\" data-end=\"365\">Helps plants enhance resistance to pests, diseases, and adverse weather conditions.<\/p>\n<p class=\"\" data-start=\"367\" data-end=\"422\">Maintains nutrient balance and improves soil fertility.<\/p>\n<p class=\"\" data-start=\"424\" data-end=\"492\">Contributes to environmental protection and sustainable development.<\/p>\n","protected":false},"featured_media":16986,"comment_status":"open","ping_status":"closed","template":"","meta":{"_acf_changed":false},"product_brand":[],"product_cat":[134],"product_tag":[],"class_list":{"0":"post-17189","1":"product","2":"type-product","3":"status-publish","4":"has-post-thumbnail","6":"product_cat-multipurpose-fertilizers","8":"first","9":"instock","10":"shipping-taxable","11":"product-type-simple"},"acf":[],"yoast_head":"<!-- This site is optimized with the Yoast SEO plugin v25.8 - https:\/\/yoast.com\/wordpress\/plugins\/seo\/ -->\n<title>NPK 12-5-10+1.5 SiO\u2082hh Ti\u1ebfn N\u00f4ng - Ti\u00ean N\u00f4ng Group<\/title>\n<meta name=\"robots\" content=\"index, follow, max-snippet:-1, max-image-preview:large, max-video-preview:-1\" \/>\n<link rel=\"canonical\" href=\"https:\/\/tiennong.vn\/en\/product\/npk-12-5-101-5-sio%e2%82%82hh-tien-nong\/\" \/>\n<meta property=\"og:locale\" content=\"en_US\" \/>\n<meta property=\"og:type\" content=\"article\" \/>\n<meta property=\"og:title\" content=\"NPK 12-5-10+1.5 SiO\u2082hh Ti\u1ebfn N\u00f4ng - Ti\u00ean N\u00f4ng Group\" \/>\n<meta property=\"og:description\" content=\"Provides complete and balanced essential nutrients for crops. Increases yield and improves the quality of agricultural products. Helps plants enhance resistance to pests, diseases, and adverse weather conditions. Maintains nutrient balance and improves soil fertility. Contributes to environmental protection and sustainable development.\" \/>\n<meta property=\"og:url\" content=\"https:\/\/tiennong.vn\/en\/product\/npk-12-5-101-5-sio%e2%82%82hh-tien-nong\/\" \/>\n<meta property=\"og:site_name\" content=\"Ti\u00ean N\u00f4ng Group\" \/>\n<meta property=\"article:modified_time\" content=\"2025-05-16T01:27:32+00:00\" \/>\n<meta property=\"og:image\" content=\"https:\/\/tiennong.vn\/wp-content\/uploads\/2025\/02\/12-5-10-1.jpg\" \/>\n\t<meta property=\"og:image:width\" content=\"1704\" \/>\n\t<meta property=\"og:image:height\" content=\"1704\" \/>\n\t<meta property=\"og:image:type\" content=\"image\/jpeg\" \/>\n<meta name=\"twitter:card\" content=\"summary_large_image\" \/>\n<meta name=\"twitter:label1\" content=\"Est. reading time\" \/>\n\t<meta name=\"twitter:data1\" content=\"2 minutes\" \/>\n<script type=\"application\/ld+json\" class=\"yoast-schema-graph\">{\"@context\":\"https:\/\/schema.org\",\"@graph\":[{\"@type\":\"WebPage\",\"@id\":\"https:\/\/tiennong.vn\/en\/product\/npk-12-5-101-5-sio%e2%82%82hh-tien-nong\/\",\"url\":\"https:\/\/tiennong.vn\/en\/product\/npk-12-5-101-5-sio%e2%82%82hh-tien-nong\/\",\"name\":\"NPK 12-5-10+1.5 SiO\u2082hh Ti\u1ebfn N\u00f4ng - Ti\u00ean N\u00f4ng Group\",\"isPartOf\":{\"@id\":\"https:\/\/tiennong.vn\/en\/#website\"},\"primaryImageOfPage\":{\"@id\":\"https:\/\/tiennong.vn\/en\/product\/npk-12-5-101-5-sio%e2%82%82hh-tien-nong\/#primaryimage\"},\"image\":{\"@id\":\"https:\/\/tiennong.vn\/en\/product\/npk-12-5-101-5-sio%e2%82%82hh-tien-nong\/#primaryimage\"},\"thumbnailUrl\":\"https:\/\/tiennong.vn\/wp-content\/uploads\/2025\/02\/12-5-10-1.jpg\",\"datePublished\":\"2025-02-12T07:40:37+00:00\",\"dateModified\":\"2025-05-16T01:27:32+00:00\",\"breadcrumb\":{\"@id\":\"https:\/\/tiennong.vn\/en\/product\/npk-12-5-101-5-sio%e2%82%82hh-tien-nong\/#breadcrumb\"},\"inLanguage\":\"en-US\",\"potentialAction\":[{\"@type\":\"ReadAction\",\"target\":[\"https:\/\/tiennong.vn\/en\/product\/npk-12-5-101-5-sio%e2%82%82hh-tien-nong\/\"]}]},{\"@type\":\"ImageObject\",\"inLanguage\":\"en-US\",\"@id\":\"https:\/\/tiennong.vn\/en\/product\/npk-12-5-101-5-sio%e2%82%82hh-tien-nong\/#primaryimage\",\"url\":\"https:\/\/tiennong.vn\/wp-content\/uploads\/2025\/02\/12-5-10-1.jpg\",\"contentUrl\":\"https:\/\/tiennong.vn\/wp-content\/uploads\/2025\/02\/12-5-10-1.jpg\",\"width\":1704,\"height\":1704},{\"@type\":\"BreadcrumbList\",\"@id\":\"https:\/\/tiennong.vn\/en\/product\/npk-12-5-101-5-sio%e2%82%82hh-tien-nong\/#breadcrumb\",\"itemListElement\":[{\"@type\":\"ListItem\",\"position\":1,\"name\":\"Home\",\"item\":\"https:\/\/tiennong.vn\/en\/\"},{\"@type\":\"ListItem\",\"position\":2,\"name\":\"Shop\",\"item\":\"https:\/\/tiennong.vn\/en\/shop\/\"},{\"@type\":\"ListItem\",\"position\":3,\"name\":\"NPK 12-5-10+1.5 SiO\u2082hh Ti\u1ebfn N\u00f4ng\"}]},{\"@type\":\"WebSite\",\"@id\":\"https:\/\/tiennong.vn\/en\/#website\",\"url\":\"https:\/\/tiennong.vn\/en\/\",\"name\":\"Ti\u00ean N\u00f4ng Group\",\"description\":\"\",\"potentialAction\":[{\"@type\":\"SearchAction\",\"target\":{\"@type\":\"EntryPoint\",\"urlTemplate\":\"https:\/\/tiennong.vn\/en\/?s={search_term_string}\"},\"query-input\":{\"@type\":\"PropertyValueSpecification\",\"valueRequired\":true,\"valueName\":\"search_term_string\"}}],\"inLanguage\":\"en-US\"}]}<\/script>\n<!-- \/ Yoast SEO plugin. -->","yoast_head_json":{"title":"NPK 12-5-10+1.5 SiO\u2082hh Ti\u1ebfn N\u00f4ng - Ti\u00ean N\u00f4ng Group","robots":{"index":"index","follow":"follow","max-snippet":"max-snippet:-1","max-image-preview":"max-image-preview:large","max-video-preview":"max-video-preview:-1"},"canonical":"https:\/\/tiennong.vn\/en\/product\/npk-12-5-101-5-sio%e2%82%82hh-tien-nong\/","og_locale":"en_US","og_type":"article","og_title":"NPK 12-5-10+1.5 SiO\u2082hh Ti\u1ebfn N\u00f4ng - Ti\u00ean N\u00f4ng Group","og_description":"Provides complete and balanced essential nutrients for crops. Increases yield and improves the quality of agricultural products. Helps plants enhance resistance to pests, diseases, and adverse weather conditions. Maintains nutrient balance and improves soil fertility. Contributes to environmental protection and sustainable development.","og_url":"https:\/\/tiennong.vn\/en\/product\/npk-12-5-101-5-sio%e2%82%82hh-tien-nong\/","og_site_name":"Ti\u00ean N\u00f4ng Group","article_modified_time":"2025-05-16T01:27:32+00:00","og_image":[{"width":1704,"height":1704,"url":"https:\/\/tiennong.vn\/wp-content\/uploads\/2025\/02\/12-5-10-1.jpg","type":"image\/jpeg"}],"twitter_card":"summary_large_image","twitter_misc":{"Est. reading time":"2 minutes"},"schema":{"@context":"https:\/\/schema.org","@graph":[{"@type":"WebPage","@id":"https:\/\/tiennong.vn\/en\/product\/npk-12-5-101-5-sio%e2%82%82hh-tien-nong\/","url":"https:\/\/tiennong.vn\/en\/product\/npk-12-5-101-5-sio%e2%82%82hh-tien-nong\/","name":"NPK 12-5-10+1.5 SiO\u2082hh Ti\u1ebfn N\u00f4ng - Ti\u00ean N\u00f4ng Group","isPartOf":{"@id":"https:\/\/tiennong.vn\/en\/#website"},"primaryImageOfPage":{"@id":"https:\/\/tiennong.vn\/en\/product\/npk-12-5-101-5-sio%e2%82%82hh-tien-nong\/#primaryimage"},"image":{"@id":"https:\/\/tiennong.vn\/en\/product\/npk-12-5-101-5-sio%e2%82%82hh-tien-nong\/#primaryimage"},"thumbnailUrl":"https:\/\/tiennong.vn\/wp-content\/uploads\/2025\/02\/12-5-10-1.jpg","datePublished":"2025-02-12T07:40:37+00:00","dateModified":"2025-05-16T01:27:32+00:00","breadcrumb":{"@id":"https:\/\/tiennong.vn\/en\/product\/npk-12-5-101-5-sio%e2%82%82hh-tien-nong\/#breadcrumb"},"inLanguage":"en-US","potentialAction":[{"@type":"ReadAction","target":["https:\/\/tiennong.vn\/en\/product\/npk-12-5-101-5-sio%e2%82%82hh-tien-nong\/"]}]},{"@type":"ImageObject","inLanguage":"en-US","@id":"https:\/\/tiennong.vn\/en\/product\/npk-12-5-101-5-sio%e2%82%82hh-tien-nong\/#primaryimage","url":"https:\/\/tiennong.vn\/wp-content\/uploads\/2025\/02\/12-5-10-1.jpg","contentUrl":"https:\/\/tiennong.vn\/wp-content\/uploads\/2025\/02\/12-5-10-1.jpg","width":1704,"height":1704},{"@type":"BreadcrumbList","@id":"https:\/\/tiennong.vn\/en\/product\/npk-12-5-101-5-sio%e2%82%82hh-tien-nong\/#breadcrumb","itemListElement":[{"@type":"ListItem","position":1,"name":"Home","item":"https:\/\/tiennong.vn\/en\/"},{"@type":"ListItem","position":2,"name":"Shop","item":"https:\/\/tiennong.vn\/en\/shop\/"},{"@type":"ListItem","position":3,"name":"NPK 12-5-10+1.5 SiO\u2082hh Ti\u1ebfn N\u00f4ng"}]},{"@type":"WebSite","@id":"https:\/\/tiennong.vn\/en\/#website","url":"https:\/\/tiennong.vn\/en\/","name":"Ti\u00ean N\u00f4ng Group","description":"","potentialAction":[{"@type":"SearchAction","target":{"@type":"EntryPoint","urlTemplate":"https:\/\/tiennong.vn\/en\/?s={search_term_string}"},"query-input":{"@type":"PropertyValueSpecification","valueRequired":true,"valueName":"search_term_string"}}],"inLanguage":"en-US"}]}},"_links":{"self":[{"href":"https:\/\/tiennong.vn\/en\/wp-json\/wp\/v2\/product\/17189","targetHints":{"allow":["GET"]}}],"collection":[{"href":"https:\/\/tiennong.vn\/en\/wp-json\/wp\/v2\/product"}],"about":[{"href":"https:\/\/tiennong.vn\/en\/wp-json\/wp\/v2\/types\/product"}],"replies":[{"embeddable":true,"href":"https:\/\/tiennong.vn\/en\/wp-json\/wp\/v2\/comments?post=17189"}],"wp:featuredmedia":[{"embeddable":true,"href":"https:\/\/tiennong.vn\/en\/wp-json\/wp\/v2\/media\/16986"}],"wp:attachment":[{"href":"https:\/\/tiennong.vn\/en\/wp-json\/wp\/v2\/media?parent=17189"}],"wp:term":[{"taxonomy":"product_brand","embeddable":true,"href":"https:\/\/tiennong.vn\/en\/wp-json\/wp\/v2\/product_brand?post=17189"},{"taxonomy":"product_cat","embeddable":true,"href":"https:\/\/tiennong.vn\/en\/wp-json\/wp\/v2\/product_cat?post=17189"},{"taxonomy":"product_tag","embeddable":true,"href":"https:\/\/tiennong.vn\/en\/wp-json\/wp\/v2\/product_tag?post=17189"}],"curies":[{"name":"wp","href":"https:\/\/api.w.org\/{rel}","templated":true}]}}