











{"id":17190,"date":"2025-02-12T07:51:23","date_gmt":"2025-02-12T07:51:23","guid":{"rendered":"https:\/\/tiennong.vn\/?post_type=product&#038;p=17190"},"modified":"2025-05-16T01:29:54","modified_gmt":"2025-05-16T01:29:54","slug":"npk-5-10-33-sio%e2%82%82hh-tien-nong","status":"publish","type":"product","link":"https:\/\/tiennong.vn\/en\/product\/npk-5-10-33-sio%e2%82%82hh-tien-nong\/","title":{"rendered":"NPK 5-10-3+3 SiO\u2082hh Ti\u1ebfn N\u00f4ng"},"content":{"rendered":"<p class=\"\" data-start=\"121\" data-end=\"172\"><strong data-start=\"121\" data-end=\"136\">Description<\/strong><br data-start=\"136\" data-end=\"139\" \/><strong data-start=\"139\" data-end=\"172\">NPK 5-10-3+3 SiO\u2082hh Ti\u1ebfn N\u00f4ng<\/strong><\/p>\n<p class=\"\" data-start=\"174\" data-end=\"203\"><strong data-start=\"174\" data-end=\"201\">Composition and Content<\/strong><\/p>\n<div class=\"_tableContainer_16hzy_1\">\n<div class=\"_tableWrapper_16hzy_14 group flex w-fit flex-col-reverse\" tabindex=\"-1\">\n<table class=\"w-fit min-w-(--thread-content-width)\" data-start=\"204\" data-end=\"980\">\n<thead data-start=\"204\" data-end=\"316\">\n<tr data-start=\"204\" data-end=\"316\">\n<th data-start=\"204\" data-end=\"210\" data-col-size=\"sm\">No.<\/th>\n<th data-start=\"210\" data-end=\"252\" data-col-size=\"sm\">Quality Indicator<\/th>\n<th data-start=\"252\" data-end=\"285\" data-col-size=\"sm\">Declared Content (% by weight)<\/th>\n<th data-start=\"285\" data-end=\"316\" data-col-size=\"sm\">Testing Method<\/th>\n<\/tr>\n<\/thead>\n<tbody data-start=\"427\" data-end=\"980\">\n<tr data-start=\"427\" data-end=\"536\">\n<td data-start=\"427\" data-end=\"433\" data-col-size=\"sm\">1<\/td>\n<td data-start=\"433\" data-end=\"473\" data-col-size=\"sm\">Total Nitrogen (N\u209c)<\/td>\n<td data-start=\"473\" data-end=\"506\" data-col-size=\"sm\">5<\/td>\n<td data-start=\"506\" data-end=\"536\" data-col-size=\"sm\">TCVN 5815:2018<\/td>\n<\/tr>\n<tr data-start=\"537\" data-end=\"646\">\n<td data-start=\"537\" data-end=\"543\" data-col-size=\"sm\">2<\/td>\n<td data-start=\"543\" data-end=\"583\" data-col-size=\"sm\">Available Phosphorus (P\u2082O\u2085hh)<\/td>\n<td data-col-size=\"sm\" data-start=\"583\" data-end=\"616\">10<\/td>\n<td data-col-size=\"sm\" data-start=\"616\" data-end=\"646\">TCVN 5815:2018<\/td>\n<\/tr>\n<tr data-start=\"647\" data-end=\"757\">\n<td data-start=\"647\" data-end=\"653\" data-col-size=\"sm\">3<\/td>\n<td data-start=\"653\" data-end=\"694\" data-col-size=\"sm\">Available Potassium (K\u2082Ohh)<\/td>\n<td data-start=\"694\" data-end=\"727\" data-col-size=\"sm\">3<\/td>\n<td data-start=\"727\" data-end=\"757\" data-col-size=\"sm\">TCVN 8560:2018<\/td>\n<\/tr>\n<tr data-start=\"758\" data-end=\"869\">\n<td data-start=\"758\" data-end=\"764\" data-col-size=\"sm\">4<\/td>\n<td data-start=\"764\" data-end=\"806\" data-col-size=\"sm\">Available Silica (SiO\u2082hh)<\/td>\n<td data-start=\"806\" data-end=\"839\" data-col-size=\"sm\">3<\/td>\n<td data-start=\"839\" data-end=\"869\" data-col-size=\"sm\">TCCS 772:2020\/BVTV<\/td>\n<\/tr>\n<tr data-start=\"870\" data-end=\"980\">\n<td data-start=\"870\" data-end=\"876\" data-col-size=\"sm\">5<\/td>\n<td data-col-size=\"sm\" data-start=\"876\" data-end=\"917\">Moisture<\/td>\n<td data-col-size=\"sm\" data-start=\"917\" data-end=\"950\">5<\/td>\n<td data-col-size=\"sm\" data-start=\"950\" data-end=\"980\">TCVN 5815:2018<\/td>\n<\/tr>\n<\/tbody>\n<\/table>\n<div class=\"sticky end-(--thread-content-margin) h-0 self-end select-none\">\n<div class=\"absolute end-0 flex items-end\"><\/div>\n<\/div>\n<\/div>\n<\/div>\n<p class=\"\" data-start=\"982\" data-end=\"995\"><strong data-start=\"982\" data-end=\"993\">Effects<\/strong><\/p>\n<ul data-start=\"996\" data-end=\"1224\">\n<li class=\"\" data-start=\"996\" data-end=\"1091\">\n<p class=\"\" data-start=\"998\" data-end=\"1091\">Provides complete and balanced nutrients to meet the growth and development needs of crops.<\/p>\n<\/li>\n<li class=\"\" data-start=\"1092\" data-end=\"1171\">\n<p class=\"\" data-start=\"1094\" data-end=\"1171\">Suitable for basal fertilization and for restoring plants after harvesting.<\/p>\n<\/li>\n<li class=\"\" data-start=\"1172\" data-end=\"1224\">\n<p class=\"\" data-start=\"1174\" data-end=\"1224\">Slow-release fertilizer with long-lasting effects.<\/p>\n<\/li>\n<\/ul>\n<p class=\"\" data-start=\"1226\" data-end=\"1250\"><strong data-start=\"1226\" data-end=\"1248\">Usage Instructions<\/strong><\/p>\n<ol data-start=\"1252\" data-end=\"1333\">\n<li class=\"\" data-start=\"1252\" data-end=\"1333\">\n<p class=\"\" data-start=\"1255\" data-end=\"1333\"><strong data-start=\"1255\" data-end=\"1275\">Short-term crops<\/strong> (rice, corn, sweet potato, beans, peanuts, vegetables):<\/p>\n<\/li>\n<\/ol>\n<ul data-start=\"1334\" data-end=\"1679\">\n<li class=\"\" data-start=\"1334\" data-end=\"1388\">\n<p class=\"\" data-start=\"1336\" data-end=\"1388\">Application rate: 500 \u2013 700 kg\/ha per application.<\/p>\n<\/li>\n<li class=\"\" data-start=\"1389\" data-end=\"1484\">\n<p class=\"\" data-start=\"1391\" data-end=\"1484\">Timing: Used as basal fertilizer or as the first topdressing (10 \u2013 20 days after planting).<\/p>\n<\/li>\n<li class=\"\" data-start=\"1485\" data-end=\"1679\">\n<p class=\"\" data-start=\"1487\" data-end=\"1679\">Method: Spread evenly along rows or around the base, combined with weeding and soil loosening, cover the fertilizer with soil, or spread evenly on the field surface combined with irrigation.<\/p>\n<\/li>\n<\/ul>\n<ol start=\"2\" data-start=\"1681\" data-end=\"1809\">\n<li class=\"\" data-start=\"1681\" data-end=\"1809\">\n<p class=\"\" data-start=\"1684\" data-end=\"1809\"><strong data-start=\"1684\" data-end=\"1703\">Perennial crops<\/strong> (coffee, cocoa, cashew, pepper, dragon fruit, orange, grapefruit, custard apple, apple, apricot, plum):<\/p>\n<\/li>\n<\/ol>\n<ul data-start=\"1810\" data-end=\"2351\">\n<li class=\"\" data-start=\"1810\" data-end=\"1990\">\n<p class=\"\" data-start=\"1812\" data-end=\"1990\">Foundation period: 0.3 \u2013 0.6 kg per plant per application (150 \u2013 250 g\/m\u00b2 canopy area), applied 2-3 times per year: early rainy season, mid rainy season, and late rainy season.<\/p>\n<\/li>\n<li class=\"\" data-start=\"1991\" data-end=\"2170\">\n<p class=\"\" data-start=\"1993\" data-end=\"2170\">Production period: 0.5 \u2013 2 kg per plant per application (150 \u2013 250 g\/m\u00b2 canopy area), applied to restore trees after harvest or to stimulate shoot growth and flower formation.<\/p>\n<\/li>\n<li class=\"\" data-start=\"2171\" data-end=\"2351\">\n<p class=\"\" data-start=\"2173\" data-end=\"2351\">Method: Make staggered furrows from 3\/4 of the canopy radius to the canopy edge or dig holes to apply fertilizer, cover with soil and irrigate if soil moisture is insufficient.<\/p>\n<\/li>\n<\/ul>\n<p class=\"\" data-start=\"2353\" data-end=\"2377\"><strong data-start=\"2353\" data-end=\"2375\">Safety and Storage<\/strong><\/p>\n<ul data-start=\"2378\" data-end=\"2499\">\n<li class=\"\" data-start=\"2378\" data-end=\"2416\">\n<p class=\"\" data-start=\"2380\" data-end=\"2416\">Not hazardous upon direct contact.<\/p>\n<\/li>\n<li class=\"\" data-start=\"2417\" data-end=\"2453\">\n<p class=\"\" data-start=\"2419\" data-end=\"2453\">Non-toxic to humans and animals.<\/p>\n<\/li>\n<li class=\"\" data-start=\"2454\" data-end=\"2499\">\n<p class=\"\" data-start=\"2456\" data-end=\"2499\">Store in a dry, cool, and ventilated place.<\/p>\n<\/li>\n<\/ul>\n<p class=\"\" data-start=\"2501\" data-end=\"2526\"><strong data-start=\"2501\" data-end=\"2524\">Product Information<\/strong><\/p>\n<ul data-start=\"2527\" data-end=\"2833\">\n<li class=\"\" data-start=\"2527\" data-end=\"2553\">\n<p class=\"\" data-start=\"2529\" data-end=\"2553\">Fertilizer code: 10809<\/p>\n<\/li>\n<li class=\"\" data-start=\"2554\" data-end=\"2598\">\n<p class=\"\" data-start=\"2556\" data-end=\"2598\">Fertilizer type: NPK compound fertilizer<\/p>\n<\/li>\n<li class=\"\" data-start=\"2599\" data-end=\"2641\">\n<p class=\"\" data-start=\"2601\" data-end=\"2641\">Application method: Root fertilization<\/p>\n<\/li>\n<li class=\"\" data-start=\"2642\" data-end=\"2686\">\n<p class=\"\" data-start=\"2644\" data-end=\"2686\">Technical standard number: 83:2018\/TN-TH<\/p>\n<\/li>\n<li class=\"\" data-start=\"2687\" data-end=\"2739\">\n<p class=\"\" data-start=\"2689\" data-end=\"2739\">Production date and location: Printed on the bag<\/p>\n<\/li>\n<li class=\"\" data-start=\"2740\" data-end=\"2786\">\n<p class=\"\" data-start=\"2742\" data-end=\"2786\">Shelf life: 36 months from production date<\/p>\n<\/li>\n<li class=\"\" data-start=\"2787\" data-end=\"2833\">\n<p class=\"\" data-start=\"2789\" data-end=\"2833\">Certifications: ISO 14001:2015\u2003ISO 9001:2015<\/p>\n<\/li>\n<\/ul>\n","protected":false},"excerpt":{"rendered":"<p class=\"\" data-start=\"110\" data-end=\"313\">Provides complete and balanced nutrients to meet the growth and development needs of crops. Suitable for basal fertilization and for restoring plants after harvesting.<\/p>\n<p class=\"\" data-start=\"315\" data-end=\"374\">As a slow-release fertilizer, it has a long-lasting effect.<\/p>\n","protected":false},"featured_media":17053,"comment_status":"open","ping_status":"closed","template":"","meta":{"_acf_changed":false},"product_brand":[],"product_cat":[134],"product_tag":[],"class_list":{"0":"post-17190","1":"product","2":"type-product","3":"status-publish","4":"has-post-thumbnail","6":"product_cat-multipurpose-fertilizers","8":"first","9":"instock","10":"shipping-taxable","11":"product-type-simple"},"acf":[],"yoast_head":"<!-- This site is optimized with the Yoast SEO plugin v25.8 - https:\/\/yoast.com\/wordpress\/plugins\/seo\/ -->\n<title>NPK 5-10-3+3 SiO\u2082hh Ti\u1ebfn N\u00f4ng - Ti\u00ean N\u00f4ng Group<\/title>\n<meta name=\"robots\" content=\"index, follow, max-snippet:-1, max-image-preview:large, max-video-preview:-1\" \/>\n<link rel=\"canonical\" href=\"https:\/\/tiennong.vn\/en\/product\/npk-5-10-33-sio%e2%82%82hh-tien-nong\/\" \/>\n<meta property=\"og:locale\" content=\"en_US\" \/>\n<meta property=\"og:type\" content=\"article\" \/>\n<meta property=\"og:title\" content=\"NPK 5-10-3+3 SiO\u2082hh Ti\u1ebfn N\u00f4ng - Ti\u00ean N\u00f4ng Group\" \/>\n<meta property=\"og:description\" content=\"Provides complete and balanced nutrients to meet the growth and development needs of crops. Suitable for basal fertilization and for restoring plants after harvesting. As a slow-release fertilizer, it has a long-lasting effect.\" \/>\n<meta property=\"og:url\" content=\"https:\/\/tiennong.vn\/en\/product\/npk-5-10-33-sio%e2%82%82hh-tien-nong\/\" \/>\n<meta property=\"og:site_name\" content=\"Ti\u00ean N\u00f4ng Group\" \/>\n<meta property=\"article:modified_time\" content=\"2025-05-16T01:29:54+00:00\" \/>\n<meta property=\"og:image\" content=\"https:\/\/tiennong.vn\/wp-content\/uploads\/2025\/02\/5-10-3-3-scaled.jpg\" \/>\n\t<meta property=\"og:image:width\" content=\"2560\" \/>\n\t<meta property=\"og:image:height\" content=\"2560\" \/>\n\t<meta property=\"og:image:type\" content=\"image\/jpeg\" \/>\n<meta name=\"twitter:card\" content=\"summary_large_image\" \/>\n<meta name=\"twitter:label1\" content=\"Est. reading time\" \/>\n\t<meta name=\"twitter:data1\" content=\"2 minutes\" \/>\n<script type=\"application\/ld+json\" class=\"yoast-schema-graph\">{\"@context\":\"https:\/\/schema.org\",\"@graph\":[{\"@type\":\"WebPage\",\"@id\":\"https:\/\/tiennong.vn\/en\/product\/npk-5-10-33-sio%e2%82%82hh-tien-nong\/\",\"url\":\"https:\/\/tiennong.vn\/en\/product\/npk-5-10-33-sio%e2%82%82hh-tien-nong\/\",\"name\":\"NPK 5-10-3+3 SiO\u2082hh Ti\u1ebfn N\u00f4ng - Ti\u00ean N\u00f4ng Group\",\"isPartOf\":{\"@id\":\"https:\/\/tiennong.vn\/en\/#website\"},\"primaryImageOfPage\":{\"@id\":\"https:\/\/tiennong.vn\/en\/product\/npk-5-10-33-sio%e2%82%82hh-tien-nong\/#primaryimage\"},\"image\":{\"@id\":\"https:\/\/tiennong.vn\/en\/product\/npk-5-10-33-sio%e2%82%82hh-tien-nong\/#primaryimage\"},\"thumbnailUrl\":\"https:\/\/tiennong.vn\/wp-content\/uploads\/2025\/02\/5-10-3-3-scaled.jpg\",\"datePublished\":\"2025-02-12T07:51:23+00:00\",\"dateModified\":\"2025-05-16T01:29:54+00:00\",\"breadcrumb\":{\"@id\":\"https:\/\/tiennong.vn\/en\/product\/npk-5-10-33-sio%e2%82%82hh-tien-nong\/#breadcrumb\"},\"inLanguage\":\"en-US\",\"potentialAction\":[{\"@type\":\"ReadAction\",\"target\":[\"https:\/\/tiennong.vn\/en\/product\/npk-5-10-33-sio%e2%82%82hh-tien-nong\/\"]}]},{\"@type\":\"ImageObject\",\"inLanguage\":\"en-US\",\"@id\":\"https:\/\/tiennong.vn\/en\/product\/npk-5-10-33-sio%e2%82%82hh-tien-nong\/#primaryimage\",\"url\":\"https:\/\/tiennong.vn\/wp-content\/uploads\/2025\/02\/5-10-3-3-scaled.jpg\",\"contentUrl\":\"https:\/\/tiennong.vn\/wp-content\/uploads\/2025\/02\/5-10-3-3-scaled.jpg\",\"width\":2560,\"height\":2560},{\"@type\":\"BreadcrumbList\",\"@id\":\"https:\/\/tiennong.vn\/en\/product\/npk-5-10-33-sio%e2%82%82hh-tien-nong\/#breadcrumb\",\"itemListElement\":[{\"@type\":\"ListItem\",\"position\":1,\"name\":\"Home\",\"item\":\"https:\/\/tiennong.vn\/en\/\"},{\"@type\":\"ListItem\",\"position\":2,\"name\":\"Shop\",\"item\":\"https:\/\/tiennong.vn\/en\/shop\/\"},{\"@type\":\"ListItem\",\"position\":3,\"name\":\"NPK 5-10-3+3 SiO\u2082hh Ti\u1ebfn N\u00f4ng\"}]},{\"@type\":\"WebSite\",\"@id\":\"https:\/\/tiennong.vn\/en\/#website\",\"url\":\"https:\/\/tiennong.vn\/en\/\",\"name\":\"Ti\u00ean N\u00f4ng Group\",\"description\":\"\",\"potentialAction\":[{\"@type\":\"SearchAction\",\"target\":{\"@type\":\"EntryPoint\",\"urlTemplate\":\"https:\/\/tiennong.vn\/en\/?s={search_term_string}\"},\"query-input\":{\"@type\":\"PropertyValueSpecification\",\"valueRequired\":true,\"valueName\":\"search_term_string\"}}],\"inLanguage\":\"en-US\"}]}<\/script>\n<!-- \/ Yoast SEO plugin. -->","yoast_head_json":{"title":"NPK 5-10-3+3 SiO\u2082hh Ti\u1ebfn N\u00f4ng - Ti\u00ean N\u00f4ng Group","robots":{"index":"index","follow":"follow","max-snippet":"max-snippet:-1","max-image-preview":"max-image-preview:large","max-video-preview":"max-video-preview:-1"},"canonical":"https:\/\/tiennong.vn\/en\/product\/npk-5-10-33-sio%e2%82%82hh-tien-nong\/","og_locale":"en_US","og_type":"article","og_title":"NPK 5-10-3+3 SiO\u2082hh Ti\u1ebfn N\u00f4ng - Ti\u00ean N\u00f4ng Group","og_description":"Provides complete and balanced nutrients to meet the growth and development needs of crops. Suitable for basal fertilization and for restoring plants after harvesting. As a slow-release fertilizer, it has a long-lasting effect.","og_url":"https:\/\/tiennong.vn\/en\/product\/npk-5-10-33-sio%e2%82%82hh-tien-nong\/","og_site_name":"Ti\u00ean N\u00f4ng Group","article_modified_time":"2025-05-16T01:29:54+00:00","og_image":[{"width":2560,"height":2560,"url":"https:\/\/tiennong.vn\/wp-content\/uploads\/2025\/02\/5-10-3-3-scaled.jpg","type":"image\/jpeg"}],"twitter_card":"summary_large_image","twitter_misc":{"Est. reading time":"2 minutes"},"schema":{"@context":"https:\/\/schema.org","@graph":[{"@type":"WebPage","@id":"https:\/\/tiennong.vn\/en\/product\/npk-5-10-33-sio%e2%82%82hh-tien-nong\/","url":"https:\/\/tiennong.vn\/en\/product\/npk-5-10-33-sio%e2%82%82hh-tien-nong\/","name":"NPK 5-10-3+3 SiO\u2082hh Ti\u1ebfn N\u00f4ng - Ti\u00ean N\u00f4ng Group","isPartOf":{"@id":"https:\/\/tiennong.vn\/en\/#website"},"primaryImageOfPage":{"@id":"https:\/\/tiennong.vn\/en\/product\/npk-5-10-33-sio%e2%82%82hh-tien-nong\/#primaryimage"},"image":{"@id":"https:\/\/tiennong.vn\/en\/product\/npk-5-10-33-sio%e2%82%82hh-tien-nong\/#primaryimage"},"thumbnailUrl":"https:\/\/tiennong.vn\/wp-content\/uploads\/2025\/02\/5-10-3-3-scaled.jpg","datePublished":"2025-02-12T07:51:23+00:00","dateModified":"2025-05-16T01:29:54+00:00","breadcrumb":{"@id":"https:\/\/tiennong.vn\/en\/product\/npk-5-10-33-sio%e2%82%82hh-tien-nong\/#breadcrumb"},"inLanguage":"en-US","potentialAction":[{"@type":"ReadAction","target":["https:\/\/tiennong.vn\/en\/product\/npk-5-10-33-sio%e2%82%82hh-tien-nong\/"]}]},{"@type":"ImageObject","inLanguage":"en-US","@id":"https:\/\/tiennong.vn\/en\/product\/npk-5-10-33-sio%e2%82%82hh-tien-nong\/#primaryimage","url":"https:\/\/tiennong.vn\/wp-content\/uploads\/2025\/02\/5-10-3-3-scaled.jpg","contentUrl":"https:\/\/tiennong.vn\/wp-content\/uploads\/2025\/02\/5-10-3-3-scaled.jpg","width":2560,"height":2560},{"@type":"BreadcrumbList","@id":"https:\/\/tiennong.vn\/en\/product\/npk-5-10-33-sio%e2%82%82hh-tien-nong\/#breadcrumb","itemListElement":[{"@type":"ListItem","position":1,"name":"Home","item":"https:\/\/tiennong.vn\/en\/"},{"@type":"ListItem","position":2,"name":"Shop","item":"https:\/\/tiennong.vn\/en\/shop\/"},{"@type":"ListItem","position":3,"name":"NPK 5-10-3+3 SiO\u2082hh Ti\u1ebfn N\u00f4ng"}]},{"@type":"WebSite","@id":"https:\/\/tiennong.vn\/en\/#website","url":"https:\/\/tiennong.vn\/en\/","name":"Ti\u00ean N\u00f4ng Group","description":"","potentialAction":[{"@type":"SearchAction","target":{"@type":"EntryPoint","urlTemplate":"https:\/\/tiennong.vn\/en\/?s={search_term_string}"},"query-input":{"@type":"PropertyValueSpecification","valueRequired":true,"valueName":"search_term_string"}}],"inLanguage":"en-US"}]}},"_links":{"self":[{"href":"https:\/\/tiennong.vn\/en\/wp-json\/wp\/v2\/product\/17190","targetHints":{"allow":["GET"]}}],"collection":[{"href":"https:\/\/tiennong.vn\/en\/wp-json\/wp\/v2\/product"}],"about":[{"href":"https:\/\/tiennong.vn\/en\/wp-json\/wp\/v2\/types\/product"}],"replies":[{"embeddable":true,"href":"https:\/\/tiennong.vn\/en\/wp-json\/wp\/v2\/comments?post=17190"}],"wp:featuredmedia":[{"embeddable":true,"href":"https:\/\/tiennong.vn\/en\/wp-json\/wp\/v2\/media\/17053"}],"wp:attachment":[{"href":"https:\/\/tiennong.vn\/en\/wp-json\/wp\/v2\/media?parent=17190"}],"wp:term":[{"taxonomy":"product_brand","embeddable":true,"href":"https:\/\/tiennong.vn\/en\/wp-json\/wp\/v2\/product_brand?post=17190"},{"taxonomy":"product_cat","embeddable":true,"href":"https:\/\/tiennong.vn\/en\/wp-json\/wp\/v2\/product_cat?post=17190"},{"taxonomy":"product_tag","embeddable":true,"href":"https:\/\/tiennong.vn\/en\/wp-json\/wp\/v2\/product_tag?post=17190"}],"curies":[{"name":"wp","href":"https:\/\/api.w.org\/{rel}","templated":true}]}}