











{"id":17254,"date":"2025-02-12T07:52:11","date_gmt":"2025-02-12T07:52:11","guid":{"rendered":"https:\/\/tiennong.vn\/?post_type=product&#038;p=17254"},"modified":"2025-05-17T08:43:03","modified_gmt":"2025-05-17T08:43:03","slug":"npk-8-3-8-tien-nong","status":"publish","type":"product","link":"https:\/\/tiennong.vn\/en\/product\/npk-8-3-8-tien-nong\/","title":{"rendered":"NPK 8-3-8 Ti\u1ebfn N\u00f4ng"},"content":{"rendered":"<p class=\"\" data-start=\"0\" data-end=\"58\"><strong data-start=\"0\" data-end=\"15\">Description<\/strong><br data-start=\"15\" data-end=\"18\" \/>MIXED FERTILIZER<br data-start=\"34\" data-end=\"37\" \/>NPK 8-3-8 TI\u1ebeN N\u00d4NG<\/p>\n<p class=\"\" data-start=\"60\" data-end=\"89\"><strong data-start=\"60\" data-end=\"87\">QUANTITATIVE COMPONENTS<\/strong><\/p>\n<ul data-start=\"90\" data-end=\"203\">\n<li class=\"\" data-start=\"90\" data-end=\"116\">\n<p class=\"\" data-start=\"92\" data-end=\"116\">Total Nitrogen (N): 8%<\/p>\n<\/li>\n<li class=\"\" data-start=\"117\" data-end=\"152\">\n<p class=\"\" data-start=\"119\" data-end=\"152\">Available Phosphorus (P\u2082O\u2085): 3%<\/p>\n<\/li>\n<li class=\"\" data-start=\"153\" data-end=\"186\">\n<p class=\"\" data-start=\"155\" data-end=\"186\">Available Potassium (K\u2082O): 8%<\/p>\n<\/li>\n<li class=\"\" data-start=\"187\" data-end=\"203\">\n<p class=\"\" data-start=\"189\" data-end=\"203\">Moisture: 5%<\/p>\n<\/li>\n<\/ul>\n<p class=\"\" data-start=\"205\" data-end=\"219\"><strong data-start=\"205\" data-end=\"217\">BENEFITS<\/strong><\/p>\n<ul data-start=\"220\" data-end=\"749\">\n<li class=\"\" data-start=\"220\" data-end=\"397\">\n<p class=\"\" data-start=\"222\" data-end=\"397\"><strong data-start=\"222\" data-end=\"235\">Nitrogen:<\/strong> A basic component of protein and the main element of chlorophyll. Nitrogen promotes sprouting, leaf growth, and fruit development, helping to increase biomass.<\/p>\n<\/li>\n<li class=\"\" data-start=\"398\" data-end=\"521\">\n<p class=\"\" data-start=\"400\" data-end=\"521\"><strong data-start=\"400\" data-end=\"415\">Phosphorus:<\/strong> Necessary for cell division, stimulates root development, flower bud formation, and young fruit growth.<\/p>\n<\/li>\n<li class=\"\" data-start=\"522\" data-end=\"749\">\n<p class=\"\" data-start=\"524\" data-end=\"749\"><strong data-start=\"524\" data-end=\"538\">Potassium:<\/strong> Accelerates photosynthesis, synthesizes plant carbohydrates and glucides, produces sugars and starch, and enhances the transport of photosynthetic products to storage organs, improving yield and crop quality.<\/p>\n<\/li>\n<\/ul>\n<p class=\"\" data-start=\"751\" data-end=\"775\"><strong data-start=\"751\" data-end=\"773\">USAGE INSTRUCTIONS<\/strong><\/p>\n<ol data-start=\"776\" data-end=\"1604\">\n<li class=\"\" data-start=\"776\" data-end=\"1177\">\n<p class=\"\" data-start=\"779\" data-end=\"873\"><strong data-start=\"779\" data-end=\"795\">Annual crops<\/strong> (rice, corn, sweet potato, cassava, sugarcane, tomato, vegetables, fruits):<\/p>\n<ul data-start=\"877\" data-end=\"1177\">\n<li class=\"\" data-start=\"877\" data-end=\"920\">\n<p class=\"\" data-start=\"879\" data-end=\"920\">Dosage: 300 \u2013 500 kg\/ha per application<\/p>\n<\/li>\n<li class=\"\" data-start=\"924\" data-end=\"985\">\n<p class=\"\" data-start=\"926\" data-end=\"985\">Application time: Basal fertilization, early growth stage<\/p>\n<\/li>\n<li class=\"\" data-start=\"989\" data-end=\"1177\">\n<p class=\"\" data-start=\"991\" data-end=\"1177\">Method: Apply along rows or at the base of plants, combined with weeding and loosening soil, cover fertilizer with soil, or spread evenly on the field surface combined with irrigation.<\/p>\n<\/li>\n<\/ul>\n<\/li>\n<li class=\"\" data-start=\"1179\" data-end=\"1604\">\n<p class=\"\" data-start=\"1182\" data-end=\"1256\"><strong data-start=\"1182\" data-end=\"1201\">Perennial crops<\/strong> (pomelo, orange, tangerine, lychee, cashew, coffee):<\/p>\n<ul data-start=\"1260\" data-end=\"1604\">\n<li class=\"\" data-start=\"1260\" data-end=\"1351\">\n<p class=\"\" data-start=\"1262\" data-end=\"1351\">Basic development stage: 0.3 \u2013 0.5 kg\/tree per application (100 \u2013 200 g\/m\u00b2 canopy area)<\/p>\n<\/li>\n<li class=\"\" data-start=\"1355\" data-end=\"1439\">\n<p class=\"\" data-start=\"1357\" data-end=\"1439\">Production stage: 0.5 \u2013 1.5 kg\/tree per application (100 \u2013 200 g\/m\u00b2 canopy area)<\/p>\n<\/li>\n<li class=\"\" data-start=\"1443\" data-end=\"1604\">\n<p class=\"\" data-start=\"1445\" data-end=\"1604\">Method: Dig staggered furrows from \u00be of canopy radius to canopy edge or dig holes for fertilizer, cover with soil and water if soil is dry or lacks moisture.<\/p>\n<\/li>\n<\/ul>\n<\/li>\n<\/ol>\n<p class=\"\" data-start=\"1606\" data-end=\"1630\"><strong data-start=\"1606\" data-end=\"1628\">SAFETY AND STORAGE<\/strong><\/p>\n<ul data-start=\"1631\" data-end=\"1746\">\n<li class=\"\" data-start=\"1631\" data-end=\"1666\">\n<p class=\"\" data-start=\"1633\" data-end=\"1666\">Not hazardous on direct contact<\/p>\n<\/li>\n<li class=\"\" data-start=\"1667\" data-end=\"1704\">\n<p class=\"\" data-start=\"1669\" data-end=\"1704\">Non-toxic to humans and livestock<\/p>\n<\/li>\n<li class=\"\" data-start=\"1705\" data-end=\"1746\">\n<p class=\"\" data-start=\"1707\" data-end=\"1746\">Store in a dry, well-ventilated place<\/p>\n<\/li>\n<\/ul>\n<p class=\"\" data-start=\"1748\" data-end=\"1773\"><strong data-start=\"1748\" data-end=\"1771\">PRODUCT INFORMATION<\/strong><\/p>\n<ul data-start=\"1774\" data-end=\"2048\" data-is-last-node=\"\" data-is-only-node=\"\">\n<li class=\"\" data-start=\"1774\" data-end=\"1795\">\n<p class=\"\" data-start=\"1776\" data-end=\"1795\">Net weight: 25 kg<\/p>\n<\/li>\n<li class=\"\" data-start=\"1796\" data-end=\"1822\">\n<p class=\"\" data-start=\"1798\" data-end=\"1822\">Fertilizer code: 20107<\/p>\n<\/li>\n<li class=\"\" data-start=\"1823\" data-end=\"1864\">\n<p class=\"\" data-start=\"1825\" data-end=\"1864\">Fertilizer type: Mixed NPK fertilizer<\/p>\n<\/li>\n<li class=\"\" data-start=\"1865\" data-end=\"1901\">\n<p class=\"\" data-start=\"1867\" data-end=\"1901\">Usage method: Root fertilization<\/p>\n<\/li>\n<li class=\"\" data-start=\"1902\" data-end=\"1946\">\n<p class=\"\" data-start=\"1904\" data-end=\"1946\">Quality control standard: 106:2018\/TN-TH<\/p>\n<\/li>\n<li class=\"\" data-start=\"1947\" data-end=\"1996\">\n<p class=\"\" data-start=\"1949\" data-end=\"1996\">Shelf life: 36 months from manufacturing date<\/p>\n<\/li>\n<li class=\"\" data-start=\"1997\" data-end=\"2048\">\n<p class=\"\" data-start=\"1999\" data-end=\"2048\">ISO certifications: ISO 14001:2015, ISO 9001:2015<\/p>\n<\/li>\n<\/ul>\n","protected":false},"excerpt":{"rendered":"<ul>\n<li class=\"\" data-start=\"26\" data-end=\"214\">\n<p class=\"\" data-start=\"28\" data-end=\"214\"><strong data-start=\"28\" data-end=\"45\">Nitrogen (N):<\/strong> A fundamental component of proteins and the main element of chlorophyll. Nitrogen promotes sprouting, leaf growth, and fruit development, helping to increase biomass.<\/p>\n<\/li>\n<li class=\"\" data-start=\"215\" data-end=\"342\">\n<p class=\"\" data-start=\"217\" data-end=\"342\"><strong data-start=\"217\" data-end=\"236\">Phosphorus (P):<\/strong> Essential for cell division, stimulates root development, flower bud formation, and young fruit growth.<\/p>\n<\/li>\n<li class=\"\" data-start=\"343\" data-end=\"587\">\n<p class=\"\" data-start=\"345\" data-end=\"587\"><strong data-start=\"345\" data-end=\"363\">Potassium (K):<\/strong> Enhances photosynthesis, the synthesis of carbohydrates and glucides in plants, produces sugars and starch, and improves the transport of photosynthesis products to storage organs, thereby increasing crop yield and quality.<\/p>\n<\/li>\n<\/ul>\n","protected":false},"featured_media":17080,"comment_status":"open","ping_status":"closed","template":"","meta":{"_acf_changed":false},"product_brand":[],"product_cat":[134],"product_tag":[],"class_list":{"0":"post-17254","1":"product","2":"type-product","3":"status-publish","4":"has-post-thumbnail","6":"product_cat-multipurpose-fertilizers","8":"first","9":"instock","10":"shipping-taxable","11":"product-type-simple"},"acf":[],"yoast_head":"<!-- This site is optimized with the Yoast SEO plugin v25.8 - https:\/\/yoast.com\/wordpress\/plugins\/seo\/ -->\n<title>NPK 8-3-8 Ti\u1ebfn N\u00f4ng - Ti\u00ean N\u00f4ng Group<\/title>\n<meta name=\"robots\" content=\"index, follow, max-snippet:-1, max-image-preview:large, max-video-preview:-1\" \/>\n<link rel=\"canonical\" href=\"https:\/\/tiennong.vn\/en\/product\/npk-8-3-8-tien-nong\/\" \/>\n<meta property=\"og:locale\" content=\"en_US\" \/>\n<meta property=\"og:type\" content=\"article\" \/>\n<meta property=\"og:title\" content=\"NPK 8-3-8 Ti\u1ebfn N\u00f4ng - Ti\u00ean N\u00f4ng Group\" \/>\n<meta property=\"og:description\" content=\"Nitrogen (N): A fundamental component of proteins and the main element of chlorophyll. Nitrogen promotes sprouting, leaf growth, and fruit development, helping to increase biomass.    Phosphorus (P): Essential for cell division, stimulates root development, flower bud formation, and young fruit growth.    Potassium (K): Enhances photosynthesis, the synthesis of carbohydrates and glucides in plants, produces sugars and starch, and improves the transport of photosynthesis products to storage organs, thereby increasing crop yield and quality.\" \/>\n<meta property=\"og:url\" content=\"https:\/\/tiennong.vn\/en\/product\/npk-8-3-8-tien-nong\/\" \/>\n<meta property=\"og:site_name\" content=\"Ti\u00ean N\u00f4ng Group\" \/>\n<meta property=\"article:modified_time\" content=\"2025-05-17T08:43:03+00:00\" \/>\n<meta property=\"og:image\" content=\"https:\/\/tiennong.vn\/wp-content\/uploads\/2025\/02\/8-3-8.jpg\" \/>\n\t<meta property=\"og:image:width\" content=\"2560\" \/>\n\t<meta property=\"og:image:height\" content=\"2560\" \/>\n\t<meta property=\"og:image:type\" content=\"image\/jpeg\" \/>\n<meta name=\"twitter:card\" content=\"summary_large_image\" \/>\n<meta name=\"twitter:label1\" content=\"Est. reading time\" \/>\n\t<meta name=\"twitter:data1\" content=\"2 minutes\" \/>\n<script type=\"application\/ld+json\" class=\"yoast-schema-graph\">{\"@context\":\"https:\/\/schema.org\",\"@graph\":[{\"@type\":\"WebPage\",\"@id\":\"https:\/\/tiennong.vn\/en\/product\/npk-8-3-8-tien-nong\/\",\"url\":\"https:\/\/tiennong.vn\/en\/product\/npk-8-3-8-tien-nong\/\",\"name\":\"NPK 8-3-8 Ti\u1ebfn N\u00f4ng - Ti\u00ean N\u00f4ng Group\",\"isPartOf\":{\"@id\":\"https:\/\/tiennong.vn\/en\/#website\"},\"primaryImageOfPage\":{\"@id\":\"https:\/\/tiennong.vn\/en\/product\/npk-8-3-8-tien-nong\/#primaryimage\"},\"image\":{\"@id\":\"https:\/\/tiennong.vn\/en\/product\/npk-8-3-8-tien-nong\/#primaryimage\"},\"thumbnailUrl\":\"https:\/\/tiennong.vn\/wp-content\/uploads\/2025\/02\/8-3-8.jpg\",\"datePublished\":\"2025-02-12T07:52:11+00:00\",\"dateModified\":\"2025-05-17T08:43:03+00:00\",\"breadcrumb\":{\"@id\":\"https:\/\/tiennong.vn\/en\/product\/npk-8-3-8-tien-nong\/#breadcrumb\"},\"inLanguage\":\"en-US\",\"potentialAction\":[{\"@type\":\"ReadAction\",\"target\":[\"https:\/\/tiennong.vn\/en\/product\/npk-8-3-8-tien-nong\/\"]}]},{\"@type\":\"ImageObject\",\"inLanguage\":\"en-US\",\"@id\":\"https:\/\/tiennong.vn\/en\/product\/npk-8-3-8-tien-nong\/#primaryimage\",\"url\":\"https:\/\/tiennong.vn\/wp-content\/uploads\/2025\/02\/8-3-8.jpg\",\"contentUrl\":\"https:\/\/tiennong.vn\/wp-content\/uploads\/2025\/02\/8-3-8.jpg\",\"width\":2560,\"height\":2560},{\"@type\":\"BreadcrumbList\",\"@id\":\"https:\/\/tiennong.vn\/en\/product\/npk-8-3-8-tien-nong\/#breadcrumb\",\"itemListElement\":[{\"@type\":\"ListItem\",\"position\":1,\"name\":\"Home\",\"item\":\"https:\/\/tiennong.vn\/en\/\"},{\"@type\":\"ListItem\",\"position\":2,\"name\":\"Shop\",\"item\":\"https:\/\/tiennong.vn\/en\/shop\/\"},{\"@type\":\"ListItem\",\"position\":3,\"name\":\"NPK 8-3-8 Ti\u1ebfn N\u00f4ng\"}]},{\"@type\":\"WebSite\",\"@id\":\"https:\/\/tiennong.vn\/en\/#website\",\"url\":\"https:\/\/tiennong.vn\/en\/\",\"name\":\"Ti\u00ean N\u00f4ng Group\",\"description\":\"\",\"potentialAction\":[{\"@type\":\"SearchAction\",\"target\":{\"@type\":\"EntryPoint\",\"urlTemplate\":\"https:\/\/tiennong.vn\/en\/?s={search_term_string}\"},\"query-input\":{\"@type\":\"PropertyValueSpecification\",\"valueRequired\":true,\"valueName\":\"search_term_string\"}}],\"inLanguage\":\"en-US\"}]}<\/script>\n<!-- \/ Yoast SEO plugin. -->","yoast_head_json":{"title":"NPK 8-3-8 Ti\u1ebfn N\u00f4ng - Ti\u00ean N\u00f4ng Group","robots":{"index":"index","follow":"follow","max-snippet":"max-snippet:-1","max-image-preview":"max-image-preview:large","max-video-preview":"max-video-preview:-1"},"canonical":"https:\/\/tiennong.vn\/en\/product\/npk-8-3-8-tien-nong\/","og_locale":"en_US","og_type":"article","og_title":"NPK 8-3-8 Ti\u1ebfn N\u00f4ng - Ti\u00ean N\u00f4ng Group","og_description":"Nitrogen (N): A fundamental component of proteins and the main element of chlorophyll. Nitrogen promotes sprouting, leaf growth, and fruit development, helping to increase biomass.    Phosphorus (P): Essential for cell division, stimulates root development, flower bud formation, and young fruit growth.    Potassium (K): Enhances photosynthesis, the synthesis of carbohydrates and glucides in plants, produces sugars and starch, and improves the transport of photosynthesis products to storage organs, thereby increasing crop yield and quality.","og_url":"https:\/\/tiennong.vn\/en\/product\/npk-8-3-8-tien-nong\/","og_site_name":"Ti\u00ean N\u00f4ng Group","article_modified_time":"2025-05-17T08:43:03+00:00","og_image":[{"width":2560,"height":2560,"url":"https:\/\/tiennong.vn\/wp-content\/uploads\/2025\/02\/8-3-8.jpg","type":"image\/jpeg"}],"twitter_card":"summary_large_image","twitter_misc":{"Est. reading time":"2 minutes"},"schema":{"@context":"https:\/\/schema.org","@graph":[{"@type":"WebPage","@id":"https:\/\/tiennong.vn\/en\/product\/npk-8-3-8-tien-nong\/","url":"https:\/\/tiennong.vn\/en\/product\/npk-8-3-8-tien-nong\/","name":"NPK 8-3-8 Ti\u1ebfn N\u00f4ng - Ti\u00ean N\u00f4ng Group","isPartOf":{"@id":"https:\/\/tiennong.vn\/en\/#website"},"primaryImageOfPage":{"@id":"https:\/\/tiennong.vn\/en\/product\/npk-8-3-8-tien-nong\/#primaryimage"},"image":{"@id":"https:\/\/tiennong.vn\/en\/product\/npk-8-3-8-tien-nong\/#primaryimage"},"thumbnailUrl":"https:\/\/tiennong.vn\/wp-content\/uploads\/2025\/02\/8-3-8.jpg","datePublished":"2025-02-12T07:52:11+00:00","dateModified":"2025-05-17T08:43:03+00:00","breadcrumb":{"@id":"https:\/\/tiennong.vn\/en\/product\/npk-8-3-8-tien-nong\/#breadcrumb"},"inLanguage":"en-US","potentialAction":[{"@type":"ReadAction","target":["https:\/\/tiennong.vn\/en\/product\/npk-8-3-8-tien-nong\/"]}]},{"@type":"ImageObject","inLanguage":"en-US","@id":"https:\/\/tiennong.vn\/en\/product\/npk-8-3-8-tien-nong\/#primaryimage","url":"https:\/\/tiennong.vn\/wp-content\/uploads\/2025\/02\/8-3-8.jpg","contentUrl":"https:\/\/tiennong.vn\/wp-content\/uploads\/2025\/02\/8-3-8.jpg","width":2560,"height":2560},{"@type":"BreadcrumbList","@id":"https:\/\/tiennong.vn\/en\/product\/npk-8-3-8-tien-nong\/#breadcrumb","itemListElement":[{"@type":"ListItem","position":1,"name":"Home","item":"https:\/\/tiennong.vn\/en\/"},{"@type":"ListItem","position":2,"name":"Shop","item":"https:\/\/tiennong.vn\/en\/shop\/"},{"@type":"ListItem","position":3,"name":"NPK 8-3-8 Ti\u1ebfn N\u00f4ng"}]},{"@type":"WebSite","@id":"https:\/\/tiennong.vn\/en\/#website","url":"https:\/\/tiennong.vn\/en\/","name":"Ti\u00ean N\u00f4ng Group","description":"","potentialAction":[{"@type":"SearchAction","target":{"@type":"EntryPoint","urlTemplate":"https:\/\/tiennong.vn\/en\/?s={search_term_string}"},"query-input":{"@type":"PropertyValueSpecification","valueRequired":true,"valueName":"search_term_string"}}],"inLanguage":"en-US"}]}},"_links":{"self":[{"href":"https:\/\/tiennong.vn\/en\/wp-json\/wp\/v2\/product\/17254","targetHints":{"allow":["GET"]}}],"collection":[{"href":"https:\/\/tiennong.vn\/en\/wp-json\/wp\/v2\/product"}],"about":[{"href":"https:\/\/tiennong.vn\/en\/wp-json\/wp\/v2\/types\/product"}],"replies":[{"embeddable":true,"href":"https:\/\/tiennong.vn\/en\/wp-json\/wp\/v2\/comments?post=17254"}],"wp:featuredmedia":[{"embeddable":true,"href":"https:\/\/tiennong.vn\/en\/wp-json\/wp\/v2\/media\/17080"}],"wp:attachment":[{"href":"https:\/\/tiennong.vn\/en\/wp-json\/wp\/v2\/media?parent=17254"}],"wp:term":[{"taxonomy":"product_brand","embeddable":true,"href":"https:\/\/tiennong.vn\/en\/wp-json\/wp\/v2\/product_brand?post=17254"},{"taxonomy":"product_cat","embeddable":true,"href":"https:\/\/tiennong.vn\/en\/wp-json\/wp\/v2\/product_cat?post=17254"},{"taxonomy":"product_tag","embeddable":true,"href":"https:\/\/tiennong.vn\/en\/wp-json\/wp\/v2\/product_tag?post=17254"}],"curies":[{"name":"wp","href":"https:\/\/api.w.org\/{rel}","templated":true}]}}