











{"id":17258,"date":"2025-05-13T03:33:00","date_gmt":"2025-05-13T03:33:00","guid":{"rendered":"https:\/\/tiennong.vn\/?post_type=product&#038;p=17258"},"modified":"2025-05-17T08:56:28","modified_gmt":"2025-05-17T08:56:28","slug":"npk-9-3-61-sio%e2%82%82hh-tien-nong","status":"publish","type":"product","link":"https:\/\/tiennong.vn\/en\/product\/npk-9-3-61-sio%e2%82%82hh-tien-nong\/","title":{"rendered":"NPK 9-3-6+1 SiO\u2082hh Ti\u1ebfn N\u00f4ng"},"content":{"rendered":"<p class=\"\" data-start=\"109\" data-end=\"180\"><strong data-start=\"109\" data-end=\"124\">Description<\/strong><br data-start=\"124\" data-end=\"127\" \/><strong data-start=\"127\" data-end=\"150\">Compound Fertilizer<\/strong><br data-start=\"150\" data-end=\"153\" \/>NPK 9-3-6+1SiO\u2082hh Ti\u1ebfn N\u00f4ng<\/p>\n<p class=\"\" data-start=\"182\" data-end=\"207\"><strong data-start=\"182\" data-end=\"205\">Guaranteed Analysis<\/strong><\/p>\n<div class=\"_tableContainer_16hzy_1\">\n<div class=\"_tableWrapper_16hzy_14 group flex w-fit flex-col-reverse\" tabindex=\"-1\">\n<table class=\"w-fit min-w-(--thread-content-width)\" data-start=\"208\" data-end=\"1007\">\n<thead data-start=\"208\" data-end=\"321\">\n<tr data-start=\"208\" data-end=\"321\">\n<th data-start=\"208\" data-end=\"214\" data-col-size=\"sm\">No.<\/th>\n<th data-start=\"214\" data-end=\"258\" data-col-size=\"sm\">Quality Indicator<\/th>\n<th data-start=\"258\" data-end=\"291\" data-col-size=\"sm\">Declared Content (% by weight)<\/th>\n<th data-start=\"291\" data-end=\"321\" data-col-size=\"sm\">Testing Standard<\/th>\n<\/tr>\n<\/thead>\n<tbody data-start=\"435\" data-end=\"1007\">\n<tr data-start=\"435\" data-end=\"548\">\n<td data-start=\"435\" data-end=\"442\" data-col-size=\"sm\">1<\/td>\n<td data-start=\"442\" data-end=\"485\" data-col-size=\"sm\">Total Nitrogen (N\u209c)<\/td>\n<td data-col-size=\"sm\" data-start=\"485\" data-end=\"518\">9<\/td>\n<td data-col-size=\"sm\" data-start=\"518\" data-end=\"548\">TCVN 5815:2018<\/td>\n<\/tr>\n<tr data-start=\"549\" data-end=\"662\">\n<td data-start=\"549\" data-end=\"556\" data-col-size=\"sm\">2<\/td>\n<td data-col-size=\"sm\" data-start=\"556\" data-end=\"599\">Available Phosphorus (P\u2082O\u2085hh)<\/td>\n<td data-col-size=\"sm\" data-start=\"599\" data-end=\"632\">3<\/td>\n<td data-col-size=\"sm\" data-start=\"632\" data-end=\"662\">TCVN 5815:2018<\/td>\n<\/tr>\n<tr data-start=\"663\" data-end=\"777\">\n<td data-start=\"663\" data-end=\"670\" data-col-size=\"sm\">3<\/td>\n<td data-col-size=\"sm\" data-start=\"670\" data-end=\"714\">Available Potassium (K\u2082Ohh)<\/td>\n<td data-col-size=\"sm\" data-start=\"714\" data-end=\"747\">6<\/td>\n<td data-col-size=\"sm\" data-start=\"747\" data-end=\"777\">TCVN 8560:2018<\/td>\n<\/tr>\n<tr data-start=\"778\" data-end=\"892\">\n<td data-start=\"778\" data-end=\"785\" data-col-size=\"sm\">4<\/td>\n<td data-start=\"785\" data-end=\"829\" data-col-size=\"sm\">Available Silicon (SiO\u2082hh)<\/td>\n<td data-start=\"829\" data-end=\"862\" data-col-size=\"sm\">1<\/td>\n<td data-start=\"862\" data-end=\"892\" data-col-size=\"sm\">TCCS 772:2020\/BVTV<\/td>\n<\/tr>\n<tr data-start=\"893\" data-end=\"1007\">\n<td data-start=\"893\" data-end=\"900\" data-col-size=\"sm\">5<\/td>\n<td data-start=\"900\" data-end=\"944\" data-col-size=\"sm\">Moisture<\/td>\n<td data-start=\"944\" data-end=\"977\" data-col-size=\"sm\">5<\/td>\n<td data-start=\"977\" data-end=\"1007\" data-col-size=\"sm\">TCVN 5815:2018<\/td>\n<\/tr>\n<\/tbody>\n<\/table>\n<div class=\"sticky end-(--thread-content-margin) h-0 self-end select-none\">\n<div class=\"absolute end-0 flex items-end\"><\/div>\n<\/div>\n<\/div>\n<\/div>\n<p class=\"\" data-start=\"1009\" data-end=\"1023\"><strong data-start=\"1009\" data-end=\"1021\">Benefits<\/strong><\/p>\n<ul data-start=\"1024\" data-end=\"1364\">\n<li class=\"\" data-start=\"1024\" data-end=\"1089\">\n<p class=\"\" data-start=\"1026\" data-end=\"1089\">Provides complete and balanced essential nutrients for crops.<\/p>\n<\/li>\n<li class=\"\" data-start=\"1090\" data-end=\"1160\">\n<p class=\"\" data-start=\"1092\" data-end=\"1160\">Increases yield and improves the quality of agricultural products.<\/p>\n<\/li>\n<li class=\"\" data-start=\"1161\" data-end=\"1233\">\n<p class=\"\" data-start=\"1163\" data-end=\"1233\">Enhances plants\u2019 resistance to pests and adverse weather conditions.<\/p>\n<\/li>\n<li class=\"\" data-start=\"1234\" data-end=\"1293\">\n<p class=\"\" data-start=\"1236\" data-end=\"1293\">Maintains nutrient balance and improves soil fertility.<\/p>\n<\/li>\n<li class=\"\" data-start=\"1294\" data-end=\"1364\">\n<p class=\"\" data-start=\"1296\" data-end=\"1364\">Contributes to environmental protection and sustainable development.<\/p>\n<\/li>\n<\/ul>\n<p class=\"\" data-start=\"1366\" data-end=\"1390\"><strong data-start=\"1366\" data-end=\"1388\">Usage Instructions<\/strong><\/p>\n<ol data-start=\"1391\" data-end=\"1475\">\n<li class=\"\" data-start=\"1391\" data-end=\"1475\">\n<p class=\"\" data-start=\"1394\" data-end=\"1475\"><strong data-start=\"1394\" data-end=\"1414\">Short-term crops<\/strong> (Rice, corn, sweet potatoes, cassava, vegetables, tubers):<\/p>\n<\/li>\n<\/ol>\n<ul data-start=\"1476\" data-end=\"1759\">\n<li class=\"\" data-start=\"1476\" data-end=\"1514\">\n<p class=\"\" data-start=\"1478\" data-end=\"1514\">Application rate: 400 \u2013 600 kg\/ha.<\/p>\n<\/li>\n<li class=\"\" data-start=\"1515\" data-end=\"1567\">\n<p class=\"\" data-start=\"1517\" data-end=\"1567\">Application timing: Mainly used as top dressing.<\/p>\n<\/li>\n<li class=\"\" data-start=\"1568\" data-end=\"1759\">\n<p class=\"\" data-start=\"1570\" data-end=\"1759\">Method: Apply evenly along rows or around the root zone, combine with weeding and soil loosening, cover fertilizer with soil, or spread evenly on the field surface combined with irrigation.<\/p>\n<\/li>\n<\/ul>\n<ol start=\"2\" data-start=\"1761\" data-end=\"1845\">\n<li class=\"\" data-start=\"1761\" data-end=\"1845\">\n<p class=\"\" data-start=\"1764\" data-end=\"1845\"><strong data-start=\"1764\" data-end=\"1783\">Long-term crops<\/strong> (Rubber, sugarcane, coffee, cocoa, pomelo, longan, lychee):<\/p>\n<\/li>\n<\/ol>\n<ul data-start=\"1846\" data-end=\"2197\">\n<li class=\"\" data-start=\"1846\" data-end=\"1938\">\n<p class=\"\" data-start=\"1848\" data-end=\"1938\">Foundation stage: 0.3 \u2013 0.5 kg per tree per application (100 \u2013 200 g\/m\u00b2 of canopy area).<\/p>\n<\/li>\n<li class=\"\" data-start=\"1939\" data-end=\"2029\">\n<p class=\"\" data-start=\"1941\" data-end=\"2029\">Production stage: 0.5 \u2013 2 kg per tree per application (100 \u2013 200 g\/m\u00b2 of canopy area).<\/p>\n<\/li>\n<li class=\"\" data-start=\"2030\" data-end=\"2197\">\n<p class=\"\" data-start=\"2032\" data-end=\"2197\">Method: Dig staggered furrows from 3\/4 of the canopy to the canopy edge or dig holes to apply fertilizer, cover with soil and water if soil moisture is insufficient.<\/p>\n<\/li>\n<\/ul>\n<p class=\"\" data-start=\"2199\" data-end=\"2221\"><strong data-start=\"2199\" data-end=\"2219\">Safety &amp; Storage<\/strong><\/p>\n<ul data-start=\"2222\" data-end=\"2338\">\n<li class=\"\" data-start=\"2222\" data-end=\"2258\">\n<p class=\"\" data-start=\"2224\" data-end=\"2258\">Not hazardous on direct contact.<\/p>\n<\/li>\n<li class=\"\" data-start=\"2259\" data-end=\"2297\">\n<p class=\"\" data-start=\"2261\" data-end=\"2297\">Non-toxic to humans and livestock.<\/p>\n<\/li>\n<li class=\"\" data-start=\"2298\" data-end=\"2338\">\n<p class=\"\" data-start=\"2300\" data-end=\"2338\">Store in a dry, well-ventilated place.<\/p>\n<\/li>\n<\/ul>\n<p class=\"\" data-start=\"2340\" data-end=\"2368\"><strong data-start=\"2340\" data-end=\"2366\">Additional Information<\/strong><\/p>\n<ul data-start=\"2369\" data-end=\"2713\">\n<li class=\"\" data-start=\"2369\" data-end=\"2396\">\n<p class=\"\" data-start=\"2371\" data-end=\"2396\">Manufactured in Vietnam<\/p>\n<\/li>\n<li class=\"\" data-start=\"2397\" data-end=\"2423\">\n<p class=\"\" data-start=\"2399\" data-end=\"2423\">Fertilizer Code: 10859<\/p>\n<\/li>\n<li class=\"\" data-start=\"2424\" data-end=\"2468\">\n<p class=\"\" data-start=\"2426\" data-end=\"2468\">Fertilizer Type: Compound NPK fertilizer<\/p>\n<\/li>\n<li class=\"\" data-start=\"2469\" data-end=\"2511\">\n<p class=\"\" data-start=\"2471\" data-end=\"2511\">Application Method: Root fertilization<\/p>\n<\/li>\n<li class=\"\" data-start=\"2512\" data-end=\"2554\">\n<p class=\"\" data-start=\"2514\" data-end=\"2554\">Quality Standard Number: 69:2018\/TN-TH<\/p>\n<\/li>\n<li class=\"\" data-start=\"2555\" data-end=\"2606\">\n<p class=\"\" data-start=\"2557\" data-end=\"2606\">Manufacture Date &amp; Location: Printed on the bag<\/p>\n<\/li>\n<li class=\"\" data-start=\"2607\" data-end=\"2661\">\n<p class=\"\" data-start=\"2609\" data-end=\"2661\">Shelf Life: 36 months from the date of manufacture<\/p>\n<\/li>\n<li class=\"\" data-start=\"2662\" data-end=\"2713\">\n<p class=\"\" data-start=\"2664\" data-end=\"2713\">ISO Certifications: ISO 14001:2015, ISO 9001:2015<\/p>\n<\/li>\n<\/ul>\n","protected":false},"excerpt":{"rendered":"<ul>\n<li class=\"\" data-start=\"119\" data-end=\"184\">\n<p class=\"\" data-start=\"121\" data-end=\"184\">Provides complete and balanced essential nutrients for crops.<\/p>\n<\/li>\n<li class=\"\" data-start=\"185\" data-end=\"242\">\n<p class=\"\" data-start=\"187\" data-end=\"242\">Increases yield and quality of agricultural products.<\/p>\n<\/li>\n<li class=\"\" data-start=\"243\" data-end=\"312\">\n<p class=\"\" data-start=\"245\" data-end=\"312\">Enhances crop resistance to pests and adverse weather conditions.<\/p>\n<\/li>\n<li class=\"\" data-start=\"313\" data-end=\"372\">\n<p class=\"\" data-start=\"315\" data-end=\"372\">Maintains nutrient balance and improves soil fertility.<\/p>\n<\/li>\n<li class=\"\" data-start=\"373\" data-end=\"443\">\n<p class=\"\" data-start=\"375\" data-end=\"443\">Contributes to environmental protection and sustainable development.<\/p>\n<\/li>\n<\/ul>\n","protected":false},"featured_media":17122,"comment_status":"open","ping_status":"closed","template":"","meta":{"_acf_changed":false},"product_brand":[],"product_cat":[134],"product_tag":[],"class_list":{"0":"post-17258","1":"product","2":"type-product","3":"status-publish","4":"has-post-thumbnail","6":"product_cat-multipurpose-fertilizers","8":"first","9":"instock","10":"shipping-taxable","11":"product-type-simple"},"acf":[],"yoast_head":"<!-- This site is optimized with the Yoast SEO plugin v25.8 - https:\/\/yoast.com\/wordpress\/plugins\/seo\/ -->\n<title>NPK 9-3-6+1 SiO\u2082hh Ti\u1ebfn N\u00f4ng - Ti\u00ean N\u00f4ng Group<\/title>\n<meta name=\"robots\" content=\"index, follow, max-snippet:-1, max-image-preview:large, max-video-preview:-1\" \/>\n<link rel=\"canonical\" href=\"https:\/\/tiennong.vn\/en\/product\/npk-9-3-61-sio%e2%82%82hh-tien-nong\/\" \/>\n<meta property=\"og:locale\" content=\"en_US\" \/>\n<meta property=\"og:type\" content=\"article\" \/>\n<meta property=\"og:title\" content=\"NPK 9-3-6+1 SiO\u2082hh Ti\u1ebfn N\u00f4ng - Ti\u00ean N\u00f4ng Group\" \/>\n<meta property=\"og:description\" content=\"Provides complete and balanced essential nutrients for crops.    Increases yield and quality of agricultural products.    Enhances crop resistance to pests and adverse weather conditions.    Maintains nutrient balance and improves soil fertility.    Contributes to environmental protection and sustainable development.\" \/>\n<meta property=\"og:url\" content=\"https:\/\/tiennong.vn\/en\/product\/npk-9-3-61-sio%e2%82%82hh-tien-nong\/\" \/>\n<meta property=\"og:site_name\" content=\"Ti\u00ean N\u00f4ng Group\" \/>\n<meta property=\"article:modified_time\" content=\"2025-05-17T08:56:28+00:00\" \/>\n<meta property=\"og:image\" content=\"https:\/\/tiennong.vn\/wp-content\/uploads\/2025\/05\/9.3.6-Copy-2-1024x1024.png\" \/>\n\t<meta property=\"og:image:width\" content=\"1024\" \/>\n\t<meta property=\"og:image:height\" content=\"1024\" \/>\n\t<meta property=\"og:image:type\" content=\"image\/png\" \/>\n<meta name=\"twitter:card\" content=\"summary_large_image\" \/>\n<meta name=\"twitter:label1\" content=\"Est. reading time\" \/>\n\t<meta name=\"twitter:data1\" content=\"2 minutes\" \/>\n<script type=\"application\/ld+json\" class=\"yoast-schema-graph\">{\"@context\":\"https:\/\/schema.org\",\"@graph\":[{\"@type\":\"WebPage\",\"@id\":\"https:\/\/tiennong.vn\/en\/product\/npk-9-3-61-sio%e2%82%82hh-tien-nong\/\",\"url\":\"https:\/\/tiennong.vn\/en\/product\/npk-9-3-61-sio%e2%82%82hh-tien-nong\/\",\"name\":\"NPK 9-3-6+1 SiO\u2082hh Ti\u1ebfn N\u00f4ng - Ti\u00ean N\u00f4ng Group\",\"isPartOf\":{\"@id\":\"https:\/\/tiennong.vn\/en\/#website\"},\"primaryImageOfPage\":{\"@id\":\"https:\/\/tiennong.vn\/en\/product\/npk-9-3-61-sio%e2%82%82hh-tien-nong\/#primaryimage\"},\"image\":{\"@id\":\"https:\/\/tiennong.vn\/en\/product\/npk-9-3-61-sio%e2%82%82hh-tien-nong\/#primaryimage\"},\"thumbnailUrl\":\"https:\/\/tiennong.vn\/wp-content\/uploads\/2025\/05\/9.3.6-Copy-2.png\",\"datePublished\":\"2025-05-13T03:33:00+00:00\",\"dateModified\":\"2025-05-17T08:56:28+00:00\",\"breadcrumb\":{\"@id\":\"https:\/\/tiennong.vn\/en\/product\/npk-9-3-61-sio%e2%82%82hh-tien-nong\/#breadcrumb\"},\"inLanguage\":\"en-US\",\"potentialAction\":[{\"@type\":\"ReadAction\",\"target\":[\"https:\/\/tiennong.vn\/en\/product\/npk-9-3-61-sio%e2%82%82hh-tien-nong\/\"]}]},{\"@type\":\"ImageObject\",\"inLanguage\":\"en-US\",\"@id\":\"https:\/\/tiennong.vn\/en\/product\/npk-9-3-61-sio%e2%82%82hh-tien-nong\/#primaryimage\",\"url\":\"https:\/\/tiennong.vn\/wp-content\/uploads\/2025\/05\/9.3.6-Copy-2.png\",\"contentUrl\":\"https:\/\/tiennong.vn\/wp-content\/uploads\/2025\/05\/9.3.6-Copy-2.png\",\"width\":2060,\"height\":2060},{\"@type\":\"BreadcrumbList\",\"@id\":\"https:\/\/tiennong.vn\/en\/product\/npk-9-3-61-sio%e2%82%82hh-tien-nong\/#breadcrumb\",\"itemListElement\":[{\"@type\":\"ListItem\",\"position\":1,\"name\":\"Home\",\"item\":\"https:\/\/tiennong.vn\/en\/\"},{\"@type\":\"ListItem\",\"position\":2,\"name\":\"Shop\",\"item\":\"https:\/\/tiennong.vn\/en\/shop\/\"},{\"@type\":\"ListItem\",\"position\":3,\"name\":\"NPK 9-3-6+1 SiO\u2082hh Ti\u1ebfn N\u00f4ng\"}]},{\"@type\":\"WebSite\",\"@id\":\"https:\/\/tiennong.vn\/en\/#website\",\"url\":\"https:\/\/tiennong.vn\/en\/\",\"name\":\"Ti\u00ean N\u00f4ng Group\",\"description\":\"\",\"potentialAction\":[{\"@type\":\"SearchAction\",\"target\":{\"@type\":\"EntryPoint\",\"urlTemplate\":\"https:\/\/tiennong.vn\/en\/?s={search_term_string}\"},\"query-input\":{\"@type\":\"PropertyValueSpecification\",\"valueRequired\":true,\"valueName\":\"search_term_string\"}}],\"inLanguage\":\"en-US\"}]}<\/script>\n<!-- \/ Yoast SEO plugin. -->","yoast_head_json":{"title":"NPK 9-3-6+1 SiO\u2082hh Ti\u1ebfn N\u00f4ng - Ti\u00ean N\u00f4ng Group","robots":{"index":"index","follow":"follow","max-snippet":"max-snippet:-1","max-image-preview":"max-image-preview:large","max-video-preview":"max-video-preview:-1"},"canonical":"https:\/\/tiennong.vn\/en\/product\/npk-9-3-61-sio%e2%82%82hh-tien-nong\/","og_locale":"en_US","og_type":"article","og_title":"NPK 9-3-6+1 SiO\u2082hh Ti\u1ebfn N\u00f4ng - Ti\u00ean N\u00f4ng Group","og_description":"Provides complete and balanced essential nutrients for crops.    Increases yield and quality of agricultural products.    Enhances crop resistance to pests and adverse weather conditions.    Maintains nutrient balance and improves soil fertility.    Contributes to environmental protection and sustainable development.","og_url":"https:\/\/tiennong.vn\/en\/product\/npk-9-3-61-sio%e2%82%82hh-tien-nong\/","og_site_name":"Ti\u00ean N\u00f4ng Group","article_modified_time":"2025-05-17T08:56:28+00:00","og_image":[{"width":1024,"height":1024,"url":"https:\/\/tiennong.vn\/wp-content\/uploads\/2025\/05\/9.3.6-Copy-2-1024x1024.png","type":"image\/png"}],"twitter_card":"summary_large_image","twitter_misc":{"Est. reading time":"2 minutes"},"schema":{"@context":"https:\/\/schema.org","@graph":[{"@type":"WebPage","@id":"https:\/\/tiennong.vn\/en\/product\/npk-9-3-61-sio%e2%82%82hh-tien-nong\/","url":"https:\/\/tiennong.vn\/en\/product\/npk-9-3-61-sio%e2%82%82hh-tien-nong\/","name":"NPK 9-3-6+1 SiO\u2082hh Ti\u1ebfn N\u00f4ng - Ti\u00ean N\u00f4ng Group","isPartOf":{"@id":"https:\/\/tiennong.vn\/en\/#website"},"primaryImageOfPage":{"@id":"https:\/\/tiennong.vn\/en\/product\/npk-9-3-61-sio%e2%82%82hh-tien-nong\/#primaryimage"},"image":{"@id":"https:\/\/tiennong.vn\/en\/product\/npk-9-3-61-sio%e2%82%82hh-tien-nong\/#primaryimage"},"thumbnailUrl":"https:\/\/tiennong.vn\/wp-content\/uploads\/2025\/05\/9.3.6-Copy-2.png","datePublished":"2025-05-13T03:33:00+00:00","dateModified":"2025-05-17T08:56:28+00:00","breadcrumb":{"@id":"https:\/\/tiennong.vn\/en\/product\/npk-9-3-61-sio%e2%82%82hh-tien-nong\/#breadcrumb"},"inLanguage":"en-US","potentialAction":[{"@type":"ReadAction","target":["https:\/\/tiennong.vn\/en\/product\/npk-9-3-61-sio%e2%82%82hh-tien-nong\/"]}]},{"@type":"ImageObject","inLanguage":"en-US","@id":"https:\/\/tiennong.vn\/en\/product\/npk-9-3-61-sio%e2%82%82hh-tien-nong\/#primaryimage","url":"https:\/\/tiennong.vn\/wp-content\/uploads\/2025\/05\/9.3.6-Copy-2.png","contentUrl":"https:\/\/tiennong.vn\/wp-content\/uploads\/2025\/05\/9.3.6-Copy-2.png","width":2060,"height":2060},{"@type":"BreadcrumbList","@id":"https:\/\/tiennong.vn\/en\/product\/npk-9-3-61-sio%e2%82%82hh-tien-nong\/#breadcrumb","itemListElement":[{"@type":"ListItem","position":1,"name":"Home","item":"https:\/\/tiennong.vn\/en\/"},{"@type":"ListItem","position":2,"name":"Shop","item":"https:\/\/tiennong.vn\/en\/shop\/"},{"@type":"ListItem","position":3,"name":"NPK 9-3-6+1 SiO\u2082hh Ti\u1ebfn N\u00f4ng"}]},{"@type":"WebSite","@id":"https:\/\/tiennong.vn\/en\/#website","url":"https:\/\/tiennong.vn\/en\/","name":"Ti\u00ean N\u00f4ng Group","description":"","potentialAction":[{"@type":"SearchAction","target":{"@type":"EntryPoint","urlTemplate":"https:\/\/tiennong.vn\/en\/?s={search_term_string}"},"query-input":{"@type":"PropertyValueSpecification","valueRequired":true,"valueName":"search_term_string"}}],"inLanguage":"en-US"}]}},"_links":{"self":[{"href":"https:\/\/tiennong.vn\/en\/wp-json\/wp\/v2\/product\/17258","targetHints":{"allow":["GET"]}}],"collection":[{"href":"https:\/\/tiennong.vn\/en\/wp-json\/wp\/v2\/product"}],"about":[{"href":"https:\/\/tiennong.vn\/en\/wp-json\/wp\/v2\/types\/product"}],"replies":[{"embeddable":true,"href":"https:\/\/tiennong.vn\/en\/wp-json\/wp\/v2\/comments?post=17258"}],"wp:featuredmedia":[{"embeddable":true,"href":"https:\/\/tiennong.vn\/en\/wp-json\/wp\/v2\/media\/17122"}],"wp:attachment":[{"href":"https:\/\/tiennong.vn\/en\/wp-json\/wp\/v2\/media?parent=17258"}],"wp:term":[{"taxonomy":"product_brand","embeddable":true,"href":"https:\/\/tiennong.vn\/en\/wp-json\/wp\/v2\/product_brand?post=17258"},{"taxonomy":"product_cat","embeddable":true,"href":"https:\/\/tiennong.vn\/en\/wp-json\/wp\/v2\/product_cat?post=17258"},{"taxonomy":"product_tag","embeddable":true,"href":"https:\/\/tiennong.vn\/en\/wp-json\/wp\/v2\/product_tag?post=17258"}],"curies":[{"name":"wp","href":"https:\/\/api.w.org\/{rel}","templated":true}]}}