











{"id":17260,"date":"2025-02-10T09:19:39","date_gmt":"2025-02-10T09:19:39","guid":{"rendered":"https:\/\/tiennong.vn\/?post_type=product&#038;p=17260"},"modified":"2025-05-17T09:04:41","modified_gmt":"2025-05-17T09:04:41","slug":"nk-compressed-fertilizer-pellets-nk-16-92-sio%e2%82%82hh-tien-nong","status":"publish","type":"product","link":"https:\/\/tiennong.vn\/en\/product\/nk-compressed-fertilizer-pellets-nk-16-92-sio%e2%82%82hh-tien-nong\/","title":{"rendered":"NK COMPRESSED FERTILIZER PELLETS (NK 16-9+2 SiO\u2082hh Ti\u1ebfn N\u00f4ng)"},"content":{"rendered":"<h3 class=\"\" data-start=\"113\" data-end=\"130\">Description<\/h3>\n<p class=\"\" data-start=\"131\" data-end=\"184\"><strong data-start=\"131\" data-end=\"151\">MIXED FERTILIZER<\/strong><br data-start=\"151\" data-end=\"154\" \/><strong data-start=\"154\" data-end=\"184\">NK 16-9+2 SiO\u2082hh Ti\u1ebfn N\u00f4ng<\/strong><\/p>\n<hr class=\"\" data-start=\"186\" data-end=\"189\" \/>\n<h3 class=\"\" data-start=\"191\" data-end=\"227\">Composition (Declared Content)<\/h3>\n<div class=\"_tableContainer_16hzy_1\">\n<div class=\"_tableWrapper_16hzy_14 group flex w-fit flex-col-reverse\" tabindex=\"-1\">\n<table class=\"w-fit min-w-(--thread-content-width)\" data-start=\"228\" data-end=\"779\">\n<thead data-start=\"228\" data-end=\"321\">\n<tr data-start=\"228\" data-end=\"321\">\n<th data-start=\"228\" data-end=\"234\" data-col-size=\"sm\">No.<\/th>\n<th data-start=\"234\" data-end=\"267\" data-col-size=\"sm\">Quality Indicator<\/th>\n<th data-start=\"267\" data-end=\"291\" data-col-size=\"sm\">Content (% by weight)<\/th>\n<th data-start=\"291\" data-end=\"321\" data-col-size=\"sm\">Testing Method<\/th>\n<\/tr>\n<\/thead>\n<tbody data-start=\"413\" data-end=\"779\">\n<tr data-start=\"413\" data-end=\"504\">\n<td data-start=\"413\" data-end=\"420\" data-col-size=\"sm\">1<\/td>\n<td data-start=\"420\" data-end=\"452\" data-col-size=\"sm\">Total Nitrogen (N\u209c)<\/td>\n<td data-start=\"452\" data-end=\"475\" data-col-size=\"sm\">16<\/td>\n<td data-start=\"475\" data-end=\"504\" data-col-size=\"sm\">TCVN 5815:2018<\/td>\n<\/tr>\n<tr data-start=\"505\" data-end=\"596\">\n<td data-start=\"505\" data-end=\"512\" data-col-size=\"sm\">2<\/td>\n<td data-start=\"512\" data-end=\"544\" data-col-size=\"sm\">Effective Potassium (K\u2082Ohh)<\/td>\n<td data-col-size=\"sm\" data-start=\"544\" data-end=\"567\">9<\/td>\n<td data-col-size=\"sm\" data-start=\"567\" data-end=\"596\">TCVN 8560:2018<\/td>\n<\/tr>\n<tr data-start=\"597\" data-end=\"688\">\n<td data-start=\"597\" data-end=\"604\" data-col-size=\"sm\">3<\/td>\n<td data-col-size=\"sm\" data-start=\"604\" data-end=\"636\">Effective Silica (SiO\u2082hh)<\/td>\n<td data-col-size=\"sm\" data-start=\"636\" data-end=\"659\">2<\/td>\n<td data-col-size=\"sm\" data-start=\"659\" data-end=\"688\">TCCS 772:2020\/BVTV<\/td>\n<\/tr>\n<tr data-start=\"689\" data-end=\"779\">\n<td data-start=\"689\" data-end=\"696\" data-col-size=\"sm\">4<\/td>\n<td data-start=\"696\" data-end=\"727\" data-col-size=\"sm\">Moisture<\/td>\n<td data-start=\"727\" data-end=\"750\" data-col-size=\"sm\">5<\/td>\n<td data-col-size=\"sm\" data-start=\"750\" data-end=\"779\">TCVN 5815:2018<\/td>\n<\/tr>\n<\/tbody>\n<\/table>\n<div class=\"sticky end-(--thread-content-margin) h-0 self-end select-none\">\n<div class=\"absolute end-0 flex items-end\"><\/div>\n<\/div>\n<\/div>\n<\/div>\n<hr class=\"\" data-start=\"781\" data-end=\"784\" \/>\n<h3 class=\"\" data-start=\"786\" data-end=\"799\">Effects<\/h3>\n<ul data-start=\"800\" data-end=\"1094\">\n<li class=\"\" data-start=\"800\" data-end=\"843\">\n<p class=\"\" data-start=\"802\" data-end=\"843\">Provides essential nutrients for crops.<\/p>\n<\/li>\n<li class=\"\" data-start=\"844\" data-end=\"881\">\n<p class=\"\" data-start=\"846\" data-end=\"881\">Increases crop yield and quality.<\/p>\n<\/li>\n<li class=\"\" data-start=\"882\" data-end=\"963\">\n<p class=\"\" data-start=\"884\" data-end=\"963\">Enhances plant resistance to pests, diseases, and adverse weather conditions.<\/p>\n<\/li>\n<li class=\"\" data-start=\"964\" data-end=\"1023\">\n<p class=\"\" data-start=\"966\" data-end=\"1023\">Maintains nutrient balance and improves soil fertility.<\/p>\n<\/li>\n<li class=\"\" data-start=\"1024\" data-end=\"1094\">\n<p class=\"\" data-start=\"1026\" data-end=\"1094\">Contributes to environmental protection and sustainable development.<\/p>\n<\/li>\n<\/ul>\n<hr class=\"\" data-start=\"1096\" data-end=\"1099\" \/>\n<h3 class=\"\" data-start=\"1101\" data-end=\"1125\">Usage Instructions<\/h3>\n<ol data-start=\"1126\" data-end=\"1932\">\n<li class=\"\" data-start=\"1126\" data-end=\"1560\">\n<p class=\"\" data-start=\"1129\" data-end=\"1191\"><strong data-start=\"1129\" data-end=\"1149\">Short-term crops<\/strong> (Rice, corn, sweet potato, vegetables):<\/p>\n<ul data-start=\"1195\" data-end=\"1560\">\n<li class=\"\" data-start=\"1195\" data-end=\"1238\">\n<p class=\"\" data-start=\"1197\" data-end=\"1238\">Dosage: 150 \u2013 350 kg\/ha per application<\/p>\n<\/li>\n<li class=\"\" data-start=\"1242\" data-end=\"1335\">\n<p class=\"\" data-start=\"1244\" data-end=\"1335\">Timing: Applied to promote biomass growth, development of tubers, fruits, seeds, and ears<\/p>\n<\/li>\n<li class=\"\" data-start=\"1339\" data-end=\"1560\">\n<p class=\"\" data-start=\"1341\" data-end=\"1560\">Method: Broadcast along rows or around roots combined with weeding and soil loosening, cover fertilizer and mound soil, or spread evenly on the field surface, combined with irrigation or dissolved in water for watering.<\/p>\n<\/li>\n<\/ul>\n<\/li>\n<li class=\"\" data-start=\"1562\" data-end=\"1932\">\n<p class=\"\" data-start=\"1565\" data-end=\"1624\"><strong data-start=\"1565\" data-end=\"1584\">Long-term crops<\/strong> (Coffee, cocoa, cashew, fruit trees):<\/p>\n<ul data-start=\"1628\" data-end=\"1932\">\n<li class=\"\" data-start=\"1628\" data-end=\"1700\">\n<p class=\"\" data-start=\"1630\" data-end=\"1700\">Dosage: 0.3 \u2013 1 kg\/tree per application (100 \u2013 200 g\/m\u00b2 canopy area)<\/p>\n<\/li>\n<li class=\"\" data-start=\"1704\" data-end=\"1770\">\n<p class=\"\" data-start=\"1706\" data-end=\"1770\">Timing: Applied to promote growth of branches and young fruits<\/p>\n<\/li>\n<li class=\"\" data-start=\"1774\" data-end=\"1932\">\n<p class=\"\" data-start=\"1776\" data-end=\"1932\">Method: Apply in alternate furrows from \u00be of the canopy radius to the edge or apply in holes, cover with soil and irrigate if soil moisture is insufficient.<\/p>\n<\/li>\n<\/ul>\n<\/li>\n<\/ol>\n<hr class=\"\" data-start=\"1934\" data-end=\"1937\" \/>\n<h3 class=\"\" data-start=\"1939\" data-end=\"1961\">Safety &amp; Storage<\/h3>\n<ul data-start=\"1962\" data-end=\"2079\">\n<li class=\"\" data-start=\"1962\" data-end=\"1999\">\n<p class=\"\" data-start=\"1964\" data-end=\"1999\">Not hazardous upon direct contact<\/p>\n<\/li>\n<li class=\"\" data-start=\"2000\" data-end=\"2037\">\n<p class=\"\" data-start=\"2002\" data-end=\"2037\">Non-toxic to humans and livestock<\/p>\n<\/li>\n<li class=\"\" data-start=\"2038\" data-end=\"2079\">\n<p class=\"\" data-start=\"2040\" data-end=\"2079\">Store in a dry, well-ventilated place<\/p>\n<\/li>\n<\/ul>\n<hr class=\"\" data-start=\"2081\" data-end=\"2084\" \/>\n<p class=\"\" data-start=\"2086\" data-end=\"2373\"><strong data-start=\"2086\" data-end=\"2101\">Net weight:<\/strong> 25 kg<br data-start=\"2107\" data-end=\"2110\" \/><strong data-start=\"2110\" data-end=\"2130\">Fertilizer code:<\/strong> 10801<br data-start=\"2136\" data-end=\"2139\" \/><strong data-start=\"2139\" data-end=\"2148\">Type:<\/strong> Mixed NK fertilizer<br data-start=\"2168\" data-end=\"2171\" \/><strong data-start=\"2171\" data-end=\"2194\">Application method:<\/strong> Root fertilization<br data-start=\"2213\" data-end=\"2216\" \/><strong data-start=\"2216\" data-end=\"2244\">Quality standard number:<\/strong> 28:2018\/TN-TH<br data-start=\"2258\" data-end=\"2261\" \/><strong data-start=\"2261\" data-end=\"2276\">Shelf life:<\/strong> 36 months from the date of manufacture<br data-start=\"2315\" data-end=\"2318\" \/><strong data-start=\"2318\" data-end=\"2341\">ISO certifications:<\/strong> ISO 14001:2015, ISO 9001:2015<\/p>\n","protected":false},"excerpt":{"rendered":"<ul>\n<li class=\"\" data-start=\"202\" data-end=\"245\">\n<p class=\"\" data-start=\"204\" data-end=\"245\">Provides essential nutrients for crops.<\/p>\n<\/li>\n<li class=\"\" data-start=\"246\" data-end=\"303\">\n<p class=\"\" data-start=\"248\" data-end=\"303\">Increases yield and quality of agricultural products.<\/p>\n<\/li>\n<li class=\"\" data-start=\"304\" data-end=\"387\">\n<p class=\"\" data-start=\"306\" data-end=\"387\">Enhances plants\u2019 resistance to pests, diseases, and adverse weather conditions.<\/p>\n<\/li>\n<li class=\"\" data-start=\"388\" data-end=\"447\">\n<p class=\"\" data-start=\"390\" data-end=\"447\">Maintains nutrient balance and improves soil fertility.<\/p>\n<\/li>\n<li class=\"\" data-start=\"448\" data-end=\"518\">\n<p class=\"\" data-start=\"450\" data-end=\"518\">Contributes to environmental protection and sustainable development.<\/p>\n<\/li>\n<\/ul>\n","protected":false},"featured_media":17833,"comment_status":"open","ping_status":"closed","template":"","meta":{"_acf_changed":false},"product_brand":[],"product_cat":[134],"product_tag":[],"class_list":{"0":"post-17260","1":"product","2":"type-product","3":"status-publish","4":"has-post-thumbnail","6":"product_cat-multipurpose-fertilizers","8":"first","9":"instock","10":"shipping-taxable","11":"product-type-simple"},"acf":[],"yoast_head":"<!-- This site is optimized with the Yoast SEO plugin v25.8 - https:\/\/yoast.com\/wordpress\/plugins\/seo\/ -->\n<title>NK COMPRESSED FERTILIZER PELLETS (NK 16-9+2 SiO\u2082hh Ti\u1ebfn N\u00f4ng) - Ti\u00ean N\u00f4ng Group<\/title>\n<meta name=\"robots\" content=\"index, follow, max-snippet:-1, max-image-preview:large, max-video-preview:-1\" \/>\n<link rel=\"canonical\" href=\"https:\/\/tiennong.vn\/en\/product\/nk-compressed-fertilizer-pellets-nk-16-92-sio%e2%82%82hh-tien-nong\/\" \/>\n<meta property=\"og:locale\" content=\"en_US\" \/>\n<meta property=\"og:type\" content=\"article\" \/>\n<meta property=\"og:title\" content=\"NK COMPRESSED FERTILIZER PELLETS (NK 16-9+2 SiO\u2082hh Ti\u1ebfn N\u00f4ng) - Ti\u00ean N\u00f4ng Group\" \/>\n<meta property=\"og:description\" content=\"Provides essential nutrients for crops.    Increases yield and quality of agricultural products.    Enhances plants\u2019 resistance to pests, diseases, and adverse weather conditions.    Maintains nutrient balance and improves soil fertility.    Contributes to environmental protection and sustainable development.\" \/>\n<meta property=\"og:url\" content=\"https:\/\/tiennong.vn\/en\/product\/nk-compressed-fertilizer-pellets-nk-16-92-sio%e2%82%82hh-tien-nong\/\" \/>\n<meta property=\"og:site_name\" content=\"Ti\u00ean N\u00f4ng Group\" \/>\n<meta property=\"article:modified_time\" content=\"2025-05-17T09:04:41+00:00\" \/>\n<meta property=\"og:image\" content=\"https:\/\/tiennong.vn\/wp-content\/uploads\/2025\/01\/thumb.png\" \/>\n\t<meta property=\"og:image:width\" content=\"1200\" \/>\n\t<meta property=\"og:image:height\" content=\"675\" \/>\n\t<meta property=\"og:image:type\" content=\"image\/png\" \/>\n<meta name=\"twitter:card\" content=\"summary_large_image\" \/>\n<meta name=\"twitter:label1\" content=\"Est. reading time\" \/>\n\t<meta name=\"twitter:data1\" content=\"2 minutes\" \/>\n<script type=\"application\/ld+json\" class=\"yoast-schema-graph\">{\"@context\":\"https:\/\/schema.org\",\"@graph\":[{\"@type\":\"WebPage\",\"@id\":\"https:\/\/tiennong.vn\/en\/product\/nk-compressed-fertilizer-pellets-nk-16-92-sio%e2%82%82hh-tien-nong\/\",\"url\":\"https:\/\/tiennong.vn\/en\/product\/nk-compressed-fertilizer-pellets-nk-16-92-sio%e2%82%82hh-tien-nong\/\",\"name\":\"NK COMPRESSED FERTILIZER PELLETS (NK 16-9+2 SiO\u2082hh Ti\u1ebfn N\u00f4ng) - Ti\u00ean N\u00f4ng Group\",\"isPartOf\":{\"@id\":\"https:\/\/tiennong.vn\/en\/#website\"},\"primaryImageOfPage\":{\"@id\":\"https:\/\/tiennong.vn\/en\/product\/nk-compressed-fertilizer-pellets-nk-16-92-sio%e2%82%82hh-tien-nong\/#primaryimage\"},\"image\":{\"@id\":\"https:\/\/tiennong.vn\/en\/product\/nk-compressed-fertilizer-pellets-nk-16-92-sio%e2%82%82hh-tien-nong\/#primaryimage\"},\"thumbnailUrl\":\"https:\/\/tiennong.vn\/wp-content\/uploads\/2025\/02\/PHAN-BON-THUC-NK-2022-Minh.png\",\"datePublished\":\"2025-02-10T09:19:39+00:00\",\"dateModified\":\"2025-05-17T09:04:41+00:00\",\"breadcrumb\":{\"@id\":\"https:\/\/tiennong.vn\/en\/product\/nk-compressed-fertilizer-pellets-nk-16-92-sio%e2%82%82hh-tien-nong\/#breadcrumb\"},\"inLanguage\":\"en-US\",\"potentialAction\":[{\"@type\":\"ReadAction\",\"target\":[\"https:\/\/tiennong.vn\/en\/product\/nk-compressed-fertilizer-pellets-nk-16-92-sio%e2%82%82hh-tien-nong\/\"]}]},{\"@type\":\"ImageObject\",\"inLanguage\":\"en-US\",\"@id\":\"https:\/\/tiennong.vn\/en\/product\/nk-compressed-fertilizer-pellets-nk-16-92-sio%e2%82%82hh-tien-nong\/#primaryimage\",\"url\":\"https:\/\/tiennong.vn\/wp-content\/uploads\/2025\/02\/PHAN-BON-THUC-NK-2022-Minh.png\",\"contentUrl\":\"https:\/\/tiennong.vn\/wp-content\/uploads\/2025\/02\/PHAN-BON-THUC-NK-2022-Minh.png\",\"width\":1642,\"height\":1642},{\"@type\":\"BreadcrumbList\",\"@id\":\"https:\/\/tiennong.vn\/en\/product\/nk-compressed-fertilizer-pellets-nk-16-92-sio%e2%82%82hh-tien-nong\/#breadcrumb\",\"itemListElement\":[{\"@type\":\"ListItem\",\"position\":1,\"name\":\"Home\",\"item\":\"https:\/\/tiennong.vn\/en\/\"},{\"@type\":\"ListItem\",\"position\":2,\"name\":\"Shop\",\"item\":\"https:\/\/tiennong.vn\/en\/shop\/\"},{\"@type\":\"ListItem\",\"position\":3,\"name\":\"NK COMPRESSED FERTILIZER PELLETS (NK 16-9+2 SiO\u2082hh Ti\u1ebfn N\u00f4ng)\"}]},{\"@type\":\"WebSite\",\"@id\":\"https:\/\/tiennong.vn\/en\/#website\",\"url\":\"https:\/\/tiennong.vn\/en\/\",\"name\":\"Ti\u00ean N\u00f4ng Group\",\"description\":\"\",\"potentialAction\":[{\"@type\":\"SearchAction\",\"target\":{\"@type\":\"EntryPoint\",\"urlTemplate\":\"https:\/\/tiennong.vn\/en\/?s={search_term_string}\"},\"query-input\":{\"@type\":\"PropertyValueSpecification\",\"valueRequired\":true,\"valueName\":\"search_term_string\"}}],\"inLanguage\":\"en-US\"}]}<\/script>\n<!-- \/ Yoast SEO plugin. -->","yoast_head_json":{"title":"NK COMPRESSED FERTILIZER PELLETS (NK 16-9+2 SiO\u2082hh Ti\u1ebfn N\u00f4ng) - Ti\u00ean N\u00f4ng Group","robots":{"index":"index","follow":"follow","max-snippet":"max-snippet:-1","max-image-preview":"max-image-preview:large","max-video-preview":"max-video-preview:-1"},"canonical":"https:\/\/tiennong.vn\/en\/product\/nk-compressed-fertilizer-pellets-nk-16-92-sio%e2%82%82hh-tien-nong\/","og_locale":"en_US","og_type":"article","og_title":"NK COMPRESSED FERTILIZER PELLETS (NK 16-9+2 SiO\u2082hh Ti\u1ebfn N\u00f4ng) - Ti\u00ean N\u00f4ng Group","og_description":"Provides essential nutrients for crops.    Increases yield and quality of agricultural products.    Enhances plants\u2019 resistance to pests, diseases, and adverse weather conditions.    Maintains nutrient balance and improves soil fertility.    Contributes to environmental protection and sustainable development.","og_url":"https:\/\/tiennong.vn\/en\/product\/nk-compressed-fertilizer-pellets-nk-16-92-sio%e2%82%82hh-tien-nong\/","og_site_name":"Ti\u00ean N\u00f4ng Group","article_modified_time":"2025-05-17T09:04:41+00:00","og_image":[{"width":1200,"height":675,"url":"https:\/\/tiennong.vn\/wp-content\/uploads\/2025\/01\/thumb.png","type":"image\/png"}],"twitter_card":"summary_large_image","twitter_misc":{"Est. reading time":"2 minutes"},"schema":{"@context":"https:\/\/schema.org","@graph":[{"@type":"WebPage","@id":"https:\/\/tiennong.vn\/en\/product\/nk-compressed-fertilizer-pellets-nk-16-92-sio%e2%82%82hh-tien-nong\/","url":"https:\/\/tiennong.vn\/en\/product\/nk-compressed-fertilizer-pellets-nk-16-92-sio%e2%82%82hh-tien-nong\/","name":"NK COMPRESSED FERTILIZER PELLETS (NK 16-9+2 SiO\u2082hh Ti\u1ebfn N\u00f4ng) - Ti\u00ean N\u00f4ng Group","isPartOf":{"@id":"https:\/\/tiennong.vn\/en\/#website"},"primaryImageOfPage":{"@id":"https:\/\/tiennong.vn\/en\/product\/nk-compressed-fertilizer-pellets-nk-16-92-sio%e2%82%82hh-tien-nong\/#primaryimage"},"image":{"@id":"https:\/\/tiennong.vn\/en\/product\/nk-compressed-fertilizer-pellets-nk-16-92-sio%e2%82%82hh-tien-nong\/#primaryimage"},"thumbnailUrl":"https:\/\/tiennong.vn\/wp-content\/uploads\/2025\/02\/PHAN-BON-THUC-NK-2022-Minh.png","datePublished":"2025-02-10T09:19:39+00:00","dateModified":"2025-05-17T09:04:41+00:00","breadcrumb":{"@id":"https:\/\/tiennong.vn\/en\/product\/nk-compressed-fertilizer-pellets-nk-16-92-sio%e2%82%82hh-tien-nong\/#breadcrumb"},"inLanguage":"en-US","potentialAction":[{"@type":"ReadAction","target":["https:\/\/tiennong.vn\/en\/product\/nk-compressed-fertilizer-pellets-nk-16-92-sio%e2%82%82hh-tien-nong\/"]}]},{"@type":"ImageObject","inLanguage":"en-US","@id":"https:\/\/tiennong.vn\/en\/product\/nk-compressed-fertilizer-pellets-nk-16-92-sio%e2%82%82hh-tien-nong\/#primaryimage","url":"https:\/\/tiennong.vn\/wp-content\/uploads\/2025\/02\/PHAN-BON-THUC-NK-2022-Minh.png","contentUrl":"https:\/\/tiennong.vn\/wp-content\/uploads\/2025\/02\/PHAN-BON-THUC-NK-2022-Minh.png","width":1642,"height":1642},{"@type":"BreadcrumbList","@id":"https:\/\/tiennong.vn\/en\/product\/nk-compressed-fertilizer-pellets-nk-16-92-sio%e2%82%82hh-tien-nong\/#breadcrumb","itemListElement":[{"@type":"ListItem","position":1,"name":"Home","item":"https:\/\/tiennong.vn\/en\/"},{"@type":"ListItem","position":2,"name":"Shop","item":"https:\/\/tiennong.vn\/en\/shop\/"},{"@type":"ListItem","position":3,"name":"NK COMPRESSED FERTILIZER PELLETS (NK 16-9+2 SiO\u2082hh Ti\u1ebfn N\u00f4ng)"}]},{"@type":"WebSite","@id":"https:\/\/tiennong.vn\/en\/#website","url":"https:\/\/tiennong.vn\/en\/","name":"Ti\u00ean N\u00f4ng Group","description":"","potentialAction":[{"@type":"SearchAction","target":{"@type":"EntryPoint","urlTemplate":"https:\/\/tiennong.vn\/en\/?s={search_term_string}"},"query-input":{"@type":"PropertyValueSpecification","valueRequired":true,"valueName":"search_term_string"}}],"inLanguage":"en-US"}]}},"_links":{"self":[{"href":"https:\/\/tiennong.vn\/en\/wp-json\/wp\/v2\/product\/17260","targetHints":{"allow":["GET"]}}],"collection":[{"href":"https:\/\/tiennong.vn\/en\/wp-json\/wp\/v2\/product"}],"about":[{"href":"https:\/\/tiennong.vn\/en\/wp-json\/wp\/v2\/types\/product"}],"replies":[{"embeddable":true,"href":"https:\/\/tiennong.vn\/en\/wp-json\/wp\/v2\/comments?post=17260"}],"wp:featuredmedia":[{"embeddable":true,"href":"https:\/\/tiennong.vn\/en\/wp-json\/wp\/v2\/media\/17833"}],"wp:attachment":[{"href":"https:\/\/tiennong.vn\/en\/wp-json\/wp\/v2\/media?parent=17260"}],"wp:term":[{"taxonomy":"product_brand","embeddable":true,"href":"https:\/\/tiennong.vn\/en\/wp-json\/wp\/v2\/product_brand?post=17260"},{"taxonomy":"product_cat","embeddable":true,"href":"https:\/\/tiennong.vn\/en\/wp-json\/wp\/v2\/product_cat?post=17260"},{"taxonomy":"product_tag","embeddable":true,"href":"https:\/\/tiennong.vn\/en\/wp-json\/wp\/v2\/product_tag?post=17260"}],"curies":[{"name":"wp","href":"https:\/\/api.w.org\/{rel}","templated":true}]}}