











{"id":17262,"date":"2025-01-17T02:00:53","date_gmt":"2025-01-17T02:00:53","guid":{"rendered":"https:\/\/tiennong.vn\/?post_type=product&#038;p=17262"},"modified":"2025-06-27T09:53:29","modified_gmt":"2025-06-27T09:53:29","slug":"super-nitrogen-tien-nong","status":"publish","type":"product","link":"https:\/\/tiennong.vn\/en\/product\/super-nitrogen-tien-nong\/","title":{"rendered":"Super Nitrogen Ti\u1ebfn N\u00f4ng"},"content":{"rendered":"<h3 class=\"\" data-start=\"122\" data-end=\"139\">Description<\/h3>\n<p class=\"\" data-start=\"140\" data-end=\"177\"><strong data-start=\"140\" data-end=\"177\">Multi-Trace Element NK Fertilizer<\/strong><\/p>\n<h3 class=\"\" data-start=\"179\" data-end=\"196\">Composition<\/h3>\n<ul data-start=\"197\" data-end=\"370\">\n<li class=\"\" data-start=\"197\" data-end=\"225\">\n<p class=\"\" data-start=\"199\" data-end=\"225\">Total Nitrogen (N\u209c): 30%<\/p>\n<\/li>\n<li class=\"\" data-start=\"226\" data-end=\"262\">\n<p class=\"\" data-start=\"228\" data-end=\"262\">Available Potassium (K\u2082O hh): 3%<\/p>\n<\/li>\n<li class=\"\" data-start=\"263\" data-end=\"281\">\n<p class=\"\" data-start=\"265\" data-end=\"281\">Sulfur (S): 5%<\/p>\n<\/li>\n<li class=\"\" data-start=\"282\" data-end=\"304\">\n<p class=\"\" data-start=\"284\" data-end=\"304\">Boron (B): 400 ppm<\/p>\n<\/li>\n<li class=\"\" data-start=\"305\" data-end=\"327\">\n<p class=\"\" data-start=\"307\" data-end=\"327\">Zinc (Zn): 600 ppm<\/p>\n<\/li>\n<li class=\"\" data-start=\"328\" data-end=\"355\">\n<p class=\"\" data-start=\"330\" data-end=\"355\">Manganese (Mn): 100 ppm<\/p>\n<\/li>\n<li class=\"\" data-start=\"356\" data-end=\"370\">\n<p class=\"\" data-start=\"358\" data-end=\"370\">Moisture: 5%<\/p>\n<\/li>\n<\/ul>\n<h3 class=\"\" data-start=\"372\" data-end=\"386\">Benefits<\/h3>\n<p class=\"\" data-start=\"387\" data-end=\"648\">This product is used for basal and topdressing fertilization of various crops to supply essential nutrients for plant growth and development, thereby increasing yield. It also helps reduce pest damage and limits nitrogen loss due to volatilization and leaching.<\/p>\n<p data-start=\"118\" data-end=\"142\"><strong data-start=\"118\" data-end=\"142\">INSTRUCTIONS FOR USE<\/strong><\/p>\n<ol data-start=\"144\" data-end=\"188\">\n<li data-start=\"144\" data-end=\"188\">\n<p data-start=\"147\" data-end=\"188\">Corn: Application rate: 420 kg\/ha\/crop.<\/p>\n<\/li>\n<\/ol>\n<ul data-start=\"189\" data-end=\"292\">\n<li data-start=\"189\" data-end=\"292\">\n<p data-start=\"191\" data-end=\"292\">Timing of application: + Basal application: Use 84 kg\/ha\/time of multi-micronutrient NK fertilizer.<\/p>\n<\/li>\n<\/ul>\n<ul data-start=\"293\" data-end=\"550\">\n<li data-start=\"293\" data-end=\"550\">\n<p data-start=\"295\" data-end=\"550\">Topdressing is divided into 2 times: First topdressing when corn has 3\u20135 true leaves, apply 189 kg\/ha\/time of multi-micronutrient NK fertilizer; second topdressing when corn has 7\u20139 true leaves, apply 147 kg\/ha\/time of multi-micronutrient NK fertilizer.<\/p>\n<\/li>\n<\/ul>\n<ul data-start=\"551\" data-end=\"710\">\n<li data-start=\"551\" data-end=\"710\">\n<p data-start=\"553\" data-end=\"710\">Application method: Apply fertilizer 5\u201310 cm away from the base, combine with weeding and ridging to increase nutrient absorption and reduce fertilizer loss.<\/p>\n<\/li>\n<\/ul>\n<ol start=\"2\" data-start=\"712\" data-end=\"760\">\n<li data-start=\"712\" data-end=\"760\">\n<p data-start=\"715\" data-end=\"760\">Cucumber: Application rate: 330 kg\/ha\/crop.<\/p>\n<\/li>\n<\/ol>\n<ul data-start=\"761\" data-end=\"864\">\n<li data-start=\"761\" data-end=\"864\">\n<p data-start=\"763\" data-end=\"864\">Timing of application: + Basal application: Use 66 kg\/ha\/time of multi-micronutrient NK fertilizer.<\/p>\n<\/li>\n<\/ul>\n<ul data-start=\"865\" data-end=\"1140\">\n<li data-start=\"865\" data-end=\"1140\">\n<p data-start=\"867\" data-end=\"1140\">Topdressing is divided into 3 times: First topdressing 10\u201312 days after planting, apply 66 kg\/ha\/time of multi-micronutrient NK fertilizer; second topdressing at 25\u201330 days, apply 99 kg\/ha\/time; third topdressing, apply 99 kg\/ha\/time of multi-micronutrient NK fertilizer.<\/p>\n<\/li>\n<\/ul>\n<ul data-start=\"1141\" data-end=\"1303\">\n<li data-start=\"1141\" data-end=\"1303\">\n<p data-start=\"1143\" data-end=\"1303\">Application method: Dig holes about 15 cm from the plant base, apply fertilizer, cover with soil, and then water or dilute the fertilizer in water and irrigate.<\/p>\n<\/li>\n<\/ul>\n<ol start=\"3\" data-start=\"1305\" data-end=\"1353\">\n<li data-start=\"1305\" data-end=\"1353\">\n<p data-start=\"1308\" data-end=\"1353\">Orange: Application rate: 1.5 kg\/tree\/year.<\/p>\n<\/li>\n<\/ol>\n<ul data-start=\"1354\" data-end=\"1889\">\n<li data-start=\"1354\" data-end=\"1660\">\n<p data-start=\"1356\" data-end=\"1660\">Timing of application: Recovery stage: use 0.23 kg\/tree\/time of multi-micronutrient NK fertilizer; Flowering and fruit setting: use 0.3 kg\/tree\/time; Young fruit and fruit development: use 0.52 kg\/tree\/time; Fruit maturation and shoot growth: use 0.45 kg\/tree\/time of multi-micronutrient NK fertilizer.<\/p>\n<\/li>\n<li data-start=\"1661\" data-end=\"1889\">\n<p data-start=\"1663\" data-end=\"1889\">Application method: Apply around the tree canopy, dig trenches 30 cm wide, 10 cm deep from the canopy edge inward, mix fertilizer evenly and scatter into the trench, then cover with soil. Keep the soil moist after application.<\/p>\n<\/li>\n<\/ul>\n<ol start=\"4\" data-start=\"1891\" data-end=\"1938\">\n<li data-start=\"1891\" data-end=\"1938\">\n<p data-start=\"1894\" data-end=\"1938\">Guava: Application rate: 1.5 kg\/tree\/year.<\/p>\n<\/li>\n<\/ol>\n<ul data-start=\"1939\" data-end=\"2346\" data-is-last-node=\"\" data-is-only-node=\"\">\n<li data-start=\"1939\" data-end=\"2117\">\n<p data-start=\"1941\" data-end=\"2117\">Timing of application: Apply 5 times per year, each time using 0.3 kg\/tree of multi-micronutrient NK fertilizer. Apply during fruiting chemical spray and shoot growth stages.<\/p>\n<\/li>\n<li data-start=\"2118\" data-end=\"2346\" data-is-last-node=\"\">\n<p data-start=\"2120\" data-end=\"2346\" data-is-last-node=\"\">Application method: Apply around the tree canopy, dig trenches 30 cm wide, 10 cm deep from the canopy edge inward, mix fertilizer evenly and scatter into the trench, then cover with soil. Keep the soil moist after application.<\/p>\n<\/li>\n<\/ul>\n<h3 class=\"\" data-start=\"2339\" data-end=\"2363\">Safety and Storage<\/h3>\n<ul data-start=\"2364\" data-end=\"2481\">\n<li class=\"\" data-start=\"2364\" data-end=\"2401\">\n<p class=\"\" data-start=\"2366\" data-end=\"2401\">Not hazardous upon direct contact<\/p>\n<\/li>\n<li class=\"\" data-start=\"2402\" data-end=\"2439\">\n<p class=\"\" data-start=\"2404\" data-end=\"2439\">Non-toxic to humans and livestock<\/p>\n<\/li>\n<li class=\"\" data-start=\"2440\" data-end=\"2481\">\n<p class=\"\" data-start=\"2442\" data-end=\"2481\">Store in a dry, well-ventilated place<\/p>\n<\/li>\n<\/ul>\n<hr class=\"\" data-start=\"2483\" data-end=\"2486\" \/>\n<p class=\"\" data-start=\"2488\" data-end=\"2791\"><strong data-start=\"2488\" data-end=\"2515\">Manufactured in Vietnam<\/strong><br data-start=\"2515\" data-end=\"2518\" \/>Net weight: 25 kg<br data-start=\"2535\" data-end=\"2538\" \/>Fertilizer registration number: 27345<br data-start=\"2575\" data-end=\"2578\" \/>Fertilizer type: NK \u2013 Trace element fertilizer<br data-start=\"2624\" data-end=\"2627\" \/>Application method: Root fertilization<br data-start=\"2665\" data-end=\"2668\" \/>Standard code: 02:2023\/TN-TH<br data-start=\"2696\" data-end=\"2699\" \/>Manufacture date &amp; place: Printed on package<br data-start=\"2743\" data-end=\"2746\" \/>Shelf life: 36 months from manufacture date<\/p>\n<p class=\"\" data-start=\"2793\" data-end=\"2840\"><strong data-start=\"2793\" data-end=\"2807\">Certified:<\/strong> ISO 14001:2015 | ISO 9001:2015<\/p>\n","protected":false},"excerpt":{"rendered":"<p class=\"\" data-start=\"111\" data-end=\"208\"><strong data-start=\"111\" data-end=\"208\">Super Nitrogen Ti\u1ebfn N\u00f4ng \u2013 Premium Multi-Trace Element NK Fertilizer for Superior Crop Growth<\/strong><\/p>\n<p class=\"\" data-start=\"210\" data-end=\"594\">Super Nitrogen Ti\u1ebfn N\u00f4ng is a premium multi-trace element NK fertilizer designed to provide balanced and efficient nutrition for crops. Featuring key components such as 30% total nitrogen, available potassium, sulfur, along with essential micronutrients like Boron, Zinc, and Manganese, this fertilizer not only promotes vigorous plant growth but also enhances crop yield and quality.<\/p>\n<p class=\"\" data-start=\"596\" data-end=\"1034\">This fertilizer is suitable for a wide range of crops, from short-term crops like corn and cucumber to long-term fruit trees such as orange and guava. Super Nitrogen Ti\u1ebfn N\u00f4ng supports comprehensive crop development, helps reduce pest and disease incidence, minimizes nutrient loss through volatilization and leaching, and saves cultivation costs. It\u2019s the optimal solution for bountiful harvests and high-quality agricultural production!<\/p>\n","protected":false},"featured_media":17142,"comment_status":"open","ping_status":"closed","template":"","meta":{"_acf_changed":false},"product_brand":[],"product_cat":[134],"product_tag":[],"class_list":{"0":"post-17262","1":"product","2":"type-product","3":"status-publish","4":"has-post-thumbnail","6":"product_cat-multipurpose-fertilizers","8":"first","9":"instock","10":"shipping-taxable","11":"product-type-simple"},"acf":[],"yoast_head":"<!-- This site is optimized with the Yoast SEO plugin v25.8 - https:\/\/yoast.com\/wordpress\/plugins\/seo\/ -->\n<title>Super Nitrogen Ti\u1ebfn N\u00f4ng - Ti\u00ean N\u00f4ng Group<\/title>\n<meta name=\"robots\" content=\"index, follow, max-snippet:-1, max-image-preview:large, max-video-preview:-1\" \/>\n<link rel=\"canonical\" href=\"https:\/\/tiennong.vn\/en\/product\/super-nitrogen-tien-nong\/\" \/>\n<meta property=\"og:locale\" content=\"en_US\" \/>\n<meta property=\"og:type\" content=\"article\" \/>\n<meta property=\"og:title\" content=\"Super Nitrogen Ti\u1ebfn N\u00f4ng - Ti\u00ean N\u00f4ng Group\" \/>\n<meta property=\"og:description\" content=\"Super Nitrogen Ti\u1ebfn N\u00f4ng \u2013 Premium Multi-Trace Element NK Fertilizer for Superior Crop Growth Super Nitrogen Ti\u1ebfn N\u00f4ng is a premium multi-trace element NK fertilizer designed to provide balanced and efficient nutrition for crops. Featuring key components such as 30% total nitrogen, available potassium, sulfur, along with essential micronutrients like Boron, Zinc, and Manganese, this fertilizer not only promotes vigorous plant growth but also enhances crop yield and quality. This fertilizer is suitable for a wide range of crops, from short-term crops like corn and cucumber to long-term fruit trees such as orange and guava. Super Nitrogen Ti\u1ebfn N\u00f4ng supports comprehensive crop development, helps reduce pest and disease incidence, minimizes nutrient loss through volatilization and leaching, and saves cultivation costs. It\u2019s the optimal solution for bountiful harvests and high-quality agricultural production!\" \/>\n<meta property=\"og:url\" content=\"https:\/\/tiennong.vn\/en\/product\/super-nitrogen-tien-nong\/\" \/>\n<meta property=\"og:site_name\" content=\"Ti\u00ean N\u00f4ng Group\" \/>\n<meta property=\"article:modified_time\" content=\"2025-06-27T09:53:29+00:00\" \/>\n<meta property=\"og:image\" content=\"https:\/\/tiennong.vn\/wp-content\/uploads\/2025\/01\/sieu-dam.jpg\" \/>\n\t<meta property=\"og:image:width\" content=\"2432\" \/>\n\t<meta property=\"og:image:height\" content=\"2432\" \/>\n\t<meta property=\"og:image:type\" content=\"image\/jpeg\" \/>\n<meta name=\"twitter:card\" content=\"summary_large_image\" \/>\n<meta name=\"twitter:label1\" content=\"Est. reading time\" \/>\n\t<meta name=\"twitter:data1\" content=\"3 minutes\" \/>\n<script type=\"application\/ld+json\" class=\"yoast-schema-graph\">{\"@context\":\"https:\/\/schema.org\",\"@graph\":[{\"@type\":\"WebPage\",\"@id\":\"https:\/\/tiennong.vn\/en\/product\/super-nitrogen-tien-nong\/\",\"url\":\"https:\/\/tiennong.vn\/en\/product\/super-nitrogen-tien-nong\/\",\"name\":\"Super Nitrogen Ti\u1ebfn N\u00f4ng - Ti\u00ean N\u00f4ng Group\",\"isPartOf\":{\"@id\":\"https:\/\/tiennong.vn\/en\/#website\"},\"primaryImageOfPage\":{\"@id\":\"https:\/\/tiennong.vn\/en\/product\/super-nitrogen-tien-nong\/#primaryimage\"},\"image\":{\"@id\":\"https:\/\/tiennong.vn\/en\/product\/super-nitrogen-tien-nong\/#primaryimage\"},\"thumbnailUrl\":\"https:\/\/tiennong.vn\/wp-content\/uploads\/2025\/01\/sieu-dam.jpg\",\"datePublished\":\"2025-01-17T02:00:53+00:00\",\"dateModified\":\"2025-06-27T09:53:29+00:00\",\"breadcrumb\":{\"@id\":\"https:\/\/tiennong.vn\/en\/product\/super-nitrogen-tien-nong\/#breadcrumb\"},\"inLanguage\":\"en-US\",\"potentialAction\":[{\"@type\":\"ReadAction\",\"target\":[\"https:\/\/tiennong.vn\/en\/product\/super-nitrogen-tien-nong\/\"]}]},{\"@type\":\"ImageObject\",\"inLanguage\":\"en-US\",\"@id\":\"https:\/\/tiennong.vn\/en\/product\/super-nitrogen-tien-nong\/#primaryimage\",\"url\":\"https:\/\/tiennong.vn\/wp-content\/uploads\/2025\/01\/sieu-dam.jpg\",\"contentUrl\":\"https:\/\/tiennong.vn\/wp-content\/uploads\/2025\/01\/sieu-dam.jpg\",\"width\":2432,\"height\":2432},{\"@type\":\"BreadcrumbList\",\"@id\":\"https:\/\/tiennong.vn\/en\/product\/super-nitrogen-tien-nong\/#breadcrumb\",\"itemListElement\":[{\"@type\":\"ListItem\",\"position\":1,\"name\":\"Home\",\"item\":\"https:\/\/tiennong.vn\/en\/\"},{\"@type\":\"ListItem\",\"position\":2,\"name\":\"Shop\",\"item\":\"https:\/\/tiennong.vn\/en\/shop\/\"},{\"@type\":\"ListItem\",\"position\":3,\"name\":\"Super Nitrogen Ti\u1ebfn N\u00f4ng\"}]},{\"@type\":\"WebSite\",\"@id\":\"https:\/\/tiennong.vn\/en\/#website\",\"url\":\"https:\/\/tiennong.vn\/en\/\",\"name\":\"Ti\u00ean N\u00f4ng Group\",\"description\":\"\",\"potentialAction\":[{\"@type\":\"SearchAction\",\"target\":{\"@type\":\"EntryPoint\",\"urlTemplate\":\"https:\/\/tiennong.vn\/en\/?s={search_term_string}\"},\"query-input\":{\"@type\":\"PropertyValueSpecification\",\"valueRequired\":true,\"valueName\":\"search_term_string\"}}],\"inLanguage\":\"en-US\"}]}<\/script>\n<!-- \/ Yoast SEO plugin. -->","yoast_head_json":{"title":"Super Nitrogen Ti\u1ebfn N\u00f4ng - Ti\u00ean N\u00f4ng Group","robots":{"index":"index","follow":"follow","max-snippet":"max-snippet:-1","max-image-preview":"max-image-preview:large","max-video-preview":"max-video-preview:-1"},"canonical":"https:\/\/tiennong.vn\/en\/product\/super-nitrogen-tien-nong\/","og_locale":"en_US","og_type":"article","og_title":"Super Nitrogen Ti\u1ebfn N\u00f4ng - Ti\u00ean N\u00f4ng Group","og_description":"Super Nitrogen Ti\u1ebfn N\u00f4ng \u2013 Premium Multi-Trace Element NK Fertilizer for Superior Crop Growth Super Nitrogen Ti\u1ebfn N\u00f4ng is a premium multi-trace element NK fertilizer designed to provide balanced and efficient nutrition for crops. Featuring key components such as 30% total nitrogen, available potassium, sulfur, along with essential micronutrients like Boron, Zinc, and Manganese, this fertilizer not only promotes vigorous plant growth but also enhances crop yield and quality. This fertilizer is suitable for a wide range of crops, from short-term crops like corn and cucumber to long-term fruit trees such as orange and guava. Super Nitrogen Ti\u1ebfn N\u00f4ng supports comprehensive crop development, helps reduce pest and disease incidence, minimizes nutrient loss through volatilization and leaching, and saves cultivation costs. It\u2019s the optimal solution for bountiful harvests and high-quality agricultural production!","og_url":"https:\/\/tiennong.vn\/en\/product\/super-nitrogen-tien-nong\/","og_site_name":"Ti\u00ean N\u00f4ng Group","article_modified_time":"2025-06-27T09:53:29+00:00","og_image":[{"width":2432,"height":2432,"url":"https:\/\/tiennong.vn\/wp-content\/uploads\/2025\/01\/sieu-dam.jpg","type":"image\/jpeg"}],"twitter_card":"summary_large_image","twitter_misc":{"Est. reading time":"3 minutes"},"schema":{"@context":"https:\/\/schema.org","@graph":[{"@type":"WebPage","@id":"https:\/\/tiennong.vn\/en\/product\/super-nitrogen-tien-nong\/","url":"https:\/\/tiennong.vn\/en\/product\/super-nitrogen-tien-nong\/","name":"Super Nitrogen Ti\u1ebfn N\u00f4ng - Ti\u00ean N\u00f4ng Group","isPartOf":{"@id":"https:\/\/tiennong.vn\/en\/#website"},"primaryImageOfPage":{"@id":"https:\/\/tiennong.vn\/en\/product\/super-nitrogen-tien-nong\/#primaryimage"},"image":{"@id":"https:\/\/tiennong.vn\/en\/product\/super-nitrogen-tien-nong\/#primaryimage"},"thumbnailUrl":"https:\/\/tiennong.vn\/wp-content\/uploads\/2025\/01\/sieu-dam.jpg","datePublished":"2025-01-17T02:00:53+00:00","dateModified":"2025-06-27T09:53:29+00:00","breadcrumb":{"@id":"https:\/\/tiennong.vn\/en\/product\/super-nitrogen-tien-nong\/#breadcrumb"},"inLanguage":"en-US","potentialAction":[{"@type":"ReadAction","target":["https:\/\/tiennong.vn\/en\/product\/super-nitrogen-tien-nong\/"]}]},{"@type":"ImageObject","inLanguage":"en-US","@id":"https:\/\/tiennong.vn\/en\/product\/super-nitrogen-tien-nong\/#primaryimage","url":"https:\/\/tiennong.vn\/wp-content\/uploads\/2025\/01\/sieu-dam.jpg","contentUrl":"https:\/\/tiennong.vn\/wp-content\/uploads\/2025\/01\/sieu-dam.jpg","width":2432,"height":2432},{"@type":"BreadcrumbList","@id":"https:\/\/tiennong.vn\/en\/product\/super-nitrogen-tien-nong\/#breadcrumb","itemListElement":[{"@type":"ListItem","position":1,"name":"Home","item":"https:\/\/tiennong.vn\/en\/"},{"@type":"ListItem","position":2,"name":"Shop","item":"https:\/\/tiennong.vn\/en\/shop\/"},{"@type":"ListItem","position":3,"name":"Super Nitrogen Ti\u1ebfn N\u00f4ng"}]},{"@type":"WebSite","@id":"https:\/\/tiennong.vn\/en\/#website","url":"https:\/\/tiennong.vn\/en\/","name":"Ti\u00ean N\u00f4ng Group","description":"","potentialAction":[{"@type":"SearchAction","target":{"@type":"EntryPoint","urlTemplate":"https:\/\/tiennong.vn\/en\/?s={search_term_string}"},"query-input":{"@type":"PropertyValueSpecification","valueRequired":true,"valueName":"search_term_string"}}],"inLanguage":"en-US"}]}},"_links":{"self":[{"href":"https:\/\/tiennong.vn\/en\/wp-json\/wp\/v2\/product\/17262","targetHints":{"allow":["GET"]}}],"collection":[{"href":"https:\/\/tiennong.vn\/en\/wp-json\/wp\/v2\/product"}],"about":[{"href":"https:\/\/tiennong.vn\/en\/wp-json\/wp\/v2\/types\/product"}],"replies":[{"embeddable":true,"href":"https:\/\/tiennong.vn\/en\/wp-json\/wp\/v2\/comments?post=17262"}],"wp:featuredmedia":[{"embeddable":true,"href":"https:\/\/tiennong.vn\/en\/wp-json\/wp\/v2\/media\/17142"}],"wp:attachment":[{"href":"https:\/\/tiennong.vn\/en\/wp-json\/wp\/v2\/media?parent=17262"}],"wp:term":[{"taxonomy":"product_brand","embeddable":true,"href":"https:\/\/tiennong.vn\/en\/wp-json\/wp\/v2\/product_brand?post=17262"},{"taxonomy":"product_cat","embeddable":true,"href":"https:\/\/tiennong.vn\/en\/wp-json\/wp\/v2\/product_cat?post=17262"},{"taxonomy":"product_tag","embeddable":true,"href":"https:\/\/tiennong.vn\/en\/wp-json\/wp\/v2\/product_tag?post=17262"}],"curies":[{"name":"wp","href":"https:\/\/api.w.org\/{rel}","templated":true}]}}