











{"id":17265,"date":"2025-02-10T08:28:33","date_gmt":"2025-02-10T08:28:33","guid":{"rendered":"https:\/\/tiennong.vn\/?post_type=product&#038;p=17265"},"modified":"2025-05-17T09:20:29","modified_gmt":"2025-05-17T09:20:29","slug":"npk-15-15-15-1sio%e2%82%82hh-tien-nong","status":"publish","type":"product","link":"https:\/\/tiennong.vn\/en\/product\/npk-15-15-15-1sio%e2%82%82hh-tien-nong\/","title":{"rendered":"NPK 15-15-15 + 1SiO\u2082hh \u2013 TI\u1ebeN N\u00d4NG"},"content":{"rendered":"<h3 class=\"\" data-start=\"112\" data-end=\"141\"><strong data-start=\"116\" data-end=\"139\">Compound Fertilizer<\/strong><\/h3>\n<p class=\"\" data-start=\"142\" data-end=\"180\"><strong data-start=\"142\" data-end=\"180\">NPK 15-15-15 + 1SiO\u2082hh \u2013 TI\u1ebeN N\u00d4NG<\/strong><\/p>\n<hr class=\"\" data-start=\"182\" data-end=\"185\" \/>\n<h3 class=\"\" data-start=\"187\" data-end=\"215\"><strong data-start=\"191\" data-end=\"215\">Declared Composition<\/strong><\/h3>\n<div class=\"_tableContainer_16hzy_1\">\n<div class=\"_tableWrapper_16hzy_14 group flex w-fit flex-col-reverse\" tabindex=\"-1\">\n<table class=\"w-fit min-w-(--thread-content-width)\" data-start=\"217\" data-end=\"998\">\n<thead data-start=\"217\" data-end=\"326\">\n<tr data-start=\"217\" data-end=\"326\">\n<th data-start=\"217\" data-end=\"223\" data-col-size=\"sm\">No.<\/th>\n<th data-start=\"223\" data-end=\"267\" data-col-size=\"sm\">Quality Indicator<\/th>\n<th data-start=\"267\" data-end=\"298\" data-col-size=\"sm\">Declared Value (% by weight)<\/th>\n<th data-start=\"298\" data-end=\"326\" data-col-size=\"sm\">Test Method<\/th>\n<\/tr>\n<\/thead>\n<tbody data-start=\"439\" data-end=\"998\">\n<tr data-start=\"439\" data-end=\"550\">\n<td data-start=\"439\" data-end=\"445\" data-col-size=\"sm\">1<\/td>\n<td data-start=\"445\" data-end=\"490\" data-col-size=\"sm\">Total Nitrogen (Nts)<\/td>\n<td data-col-size=\"sm\" data-start=\"490\" data-end=\"522\">15<\/td>\n<td data-col-size=\"sm\" data-start=\"522\" data-end=\"550\">TCVN 5815:2018<\/td>\n<\/tr>\n<tr data-start=\"551\" data-end=\"662\">\n<td data-start=\"551\" data-end=\"557\" data-col-size=\"sm\">2<\/td>\n<td data-col-size=\"sm\" data-start=\"557\" data-end=\"602\">Available Phosphorus (P\u2082O\u2085hh)<\/td>\n<td data-col-size=\"sm\" data-start=\"602\" data-end=\"634\">15<\/td>\n<td data-col-size=\"sm\" data-start=\"634\" data-end=\"662\">TCVN 5815:2018<\/td>\n<\/tr>\n<tr data-start=\"663\" data-end=\"774\">\n<td data-start=\"663\" data-end=\"669\" data-col-size=\"sm\">3<\/td>\n<td data-col-size=\"sm\" data-start=\"669\" data-end=\"714\">Soluble Potassium (K\u2082Ohh)<\/td>\n<td data-col-size=\"sm\" data-start=\"714\" data-end=\"746\">15<\/td>\n<td data-col-size=\"sm\" data-start=\"746\" data-end=\"774\">TCVN 8560:2018<\/td>\n<\/tr>\n<tr data-start=\"775\" data-end=\"886\">\n<td data-start=\"775\" data-end=\"781\" data-col-size=\"sm\">4<\/td>\n<td data-col-size=\"sm\" data-start=\"781\" data-end=\"826\">Soluble Silica (SiO\u2082hh)<\/td>\n<td data-col-size=\"sm\" data-start=\"826\" data-end=\"858\">1<\/td>\n<td data-col-size=\"sm\" data-start=\"858\" data-end=\"886\">TCCS 772:2020\/BVTV<\/td>\n<\/tr>\n<tr data-start=\"887\" data-end=\"998\">\n<td data-start=\"887\" data-end=\"893\" data-col-size=\"sm\">5<\/td>\n<td data-col-size=\"sm\" data-start=\"893\" data-end=\"938\">Moisture Content<\/td>\n<td data-col-size=\"sm\" data-start=\"938\" data-end=\"970\">5<\/td>\n<td data-col-size=\"sm\" data-start=\"970\" data-end=\"998\">TCVN 5815:2018<\/td>\n<\/tr>\n<\/tbody>\n<\/table>\n<div class=\"sticky end-(--thread-content-margin) h-0 self-end select-none\">\n<div class=\"absolute end-0 flex items-end\"><\/div>\n<\/div>\n<\/div>\n<\/div>\n<hr class=\"\" data-start=\"1000\" data-end=\"1003\" \/>\n<h3 class=\"\" data-start=\"1005\" data-end=\"1021\"><strong data-start=\"1009\" data-end=\"1021\">Benefits<\/strong><\/h3>\n<ul data-start=\"1023\" data-end=\"1331\">\n<li class=\"\" data-start=\"1023\" data-end=\"1080\">\n<p class=\"\" data-start=\"1025\" data-end=\"1080\">Provides essential and balanced nutrients for plants.<\/p>\n<\/li>\n<li class=\"\" data-start=\"1081\" data-end=\"1135\">\n<p class=\"\" data-start=\"1083\" data-end=\"1135\">Increases crop yield and improves product quality.<\/p>\n<\/li>\n<li class=\"\" data-start=\"1136\" data-end=\"1200\">\n<p class=\"\" data-start=\"1138\" data-end=\"1200\">Enhances resistance to pests and adverse weather conditions.<\/p>\n<\/li>\n<li class=\"\" data-start=\"1201\" data-end=\"1260\">\n<p class=\"\" data-start=\"1203\" data-end=\"1260\">Maintains nutrient balance and improves soil fertility.<\/p>\n<\/li>\n<li class=\"\" data-start=\"1261\" data-end=\"1331\">\n<p class=\"\" data-start=\"1263\" data-end=\"1331\">Contributes to environmental protection and sustainable agriculture.<\/p>\n<\/li>\n<\/ul>\n<hr class=\"\" data-start=\"1333\" data-end=\"1336\" \/>\n<h3 class=\"\" data-start=\"1338\" data-end=\"1364\"><strong data-start=\"1342\" data-end=\"1364\">Usage Instructions<\/strong><\/h3>\n<h4 class=\"\" data-start=\"1366\" data-end=\"1473\">1. Short-term crops (Rice, maize, sweet potato, peanut, sugarcane, mulberry, flowers, and vegetables):<\/h4>\n<ul data-start=\"1474\" data-end=\"1695\">\n<li class=\"\" data-start=\"1474\" data-end=\"1558\">\n<p class=\"\" data-start=\"1476\" data-end=\"1558\"><strong data-start=\"1476\" data-end=\"1487\">Dosage:<\/strong> 150 \u2013 400 kg\/ha\/application. Suitable for both basal and top dressing.<\/p>\n<\/li>\n<li class=\"\" data-start=\"1559\" data-end=\"1695\">\n<p class=\"\" data-start=\"1561\" data-end=\"1695\"><strong data-start=\"1561\" data-end=\"1584\">Application method:<\/strong> Broadcast along rows or around plant bases. Incorporate into soil by hoeing or tilling and water if necessary.<\/p>\n<\/li>\n<\/ul>\n<h4 class=\"\" data-start=\"1697\" data-end=\"1782\">2. Perennial crops (Coffee, cocoa, cashew, black pepper, rubber, guava, orange):<\/h4>\n<ul data-start=\"1783\" data-end=\"2124\">\n<li class=\"\" data-start=\"1783\" data-end=\"1871\">\n<p class=\"\" data-start=\"1785\" data-end=\"1871\"><strong data-start=\"1785\" data-end=\"1796\">Dosage:<\/strong> 0.4 \u2013 1 kg\/tree\/application (equivalent to 100 \u2013 150 g\/m\u00b2 of canopy area).<\/p>\n<\/li>\n<li class=\"\" data-start=\"1872\" data-end=\"1944\">\n<p class=\"\" data-start=\"1874\" data-end=\"1944\"><strong data-start=\"1874\" data-end=\"1885\">Timing:<\/strong> Apply during plant growth stages as basal or top dressing.<\/p>\n<\/li>\n<li class=\"\" data-start=\"1945\" data-end=\"2124\">\n<p class=\"\" data-start=\"1947\" data-end=\"2124\"><strong data-start=\"1947\" data-end=\"1970\">Application method:<\/strong> Dig trenches around 3\/4 of the canopy diameter towards the drip line. Apply fertilizer into the trench, cover with soil, and irrigate if the soil is dry.<\/p>\n<\/li>\n<\/ul>\n<hr class=\"\" data-start=\"2126\" data-end=\"2129\" \/>\n<h3 class=\"\" data-start=\"2131\" data-end=\"2155\"><strong data-start=\"2135\" data-end=\"2155\">Safety &amp; Storage<\/strong><\/h3>\n<ul data-start=\"2157\" data-end=\"2274\">\n<li class=\"\" data-start=\"2157\" data-end=\"2185\">\n<p class=\"\" data-start=\"2159\" data-end=\"2185\">Safe for direct contact.<\/p>\n<\/li>\n<li class=\"\" data-start=\"2186\" data-end=\"2224\">\n<p class=\"\" data-start=\"2188\" data-end=\"2224\">Non-toxic to humans and livestock.<\/p>\n<\/li>\n<li class=\"\" data-start=\"2225\" data-end=\"2274\">\n<p class=\"\" data-start=\"2227\" data-end=\"2274\">Store in a cool, dry, and well-ventilated area.<\/p>\n<\/li>\n<\/ul>\n<hr class=\"\" data-start=\"2276\" data-end=\"2279\" \/>\n<p class=\"\" data-start=\"2281\" data-end=\"2560\"><strong data-start=\"2281\" data-end=\"2296\">Net Weight:<\/strong> 25 kg<br data-start=\"2302\" data-end=\"2305\" \/><strong data-start=\"2305\" data-end=\"2325\">Fertilizer Code:<\/strong> 10867<br data-start=\"2331\" data-end=\"2334\" \/><strong data-start=\"2334\" data-end=\"2354\">Fertilizer Type:<\/strong> Compound NPK Fertilizer<br data-start=\"2378\" data-end=\"2381\" \/><strong data-start=\"2381\" data-end=\"2404\">Application Method:<\/strong> Soil application<br data-start=\"2421\" data-end=\"2424\" \/><strong data-start=\"2424\" data-end=\"2437\">TCCS No.:<\/strong> 39:2018\/TN-TH<br data-start=\"2451\" data-end=\"2454\" \/><strong data-start=\"2454\" data-end=\"2483\">Manufacture Date &amp; Place:<\/strong> Printed on the package<br data-start=\"2506\" data-end=\"2509\" \/><strong data-start=\"2509\" data-end=\"2524\">Shelf Life:<\/strong> 36 months from manufacturing date<\/p>\n<p class=\"\" data-start=\"2562\" data-end=\"2612\"><strong data-start=\"2562\" data-end=\"2581\">Certifications:<\/strong> ISO 14001:2015 | ISO 9001:2015<\/p>\n","protected":false},"excerpt":{"rendered":"<ul>\n<li class=\"\" data-start=\"151\" data-end=\"216\">\n<p class=\"\" data-start=\"153\" data-end=\"216\">Provides complete and balanced essential nutrients for crops.<\/p>\n<\/li>\n<li class=\"\" data-start=\"217\" data-end=\"291\">\n<p class=\"\" data-start=\"219\" data-end=\"291\">Increases crop yield and improves the quality of agricultural produce.<\/p>\n<\/li>\n<li class=\"\" data-start=\"292\" data-end=\"368\">\n<p class=\"\" data-start=\"294\" data-end=\"368\">Enhances plants\u2019 resistance to pests and unfavorable weather conditions.<\/p>\n<\/li>\n<li class=\"\" data-start=\"369\" data-end=\"428\">\n<p class=\"\" data-start=\"371\" data-end=\"428\">Maintains nutrient balance and improves soil fertility.<\/p>\n<\/li>\n<li class=\"\" data-start=\"429\" data-end=\"512\">\n<p class=\"\" data-start=\"431\" data-end=\"512\">Contributes to environmental protection and sustainable agricultural development.<\/p>\n<\/li>\n<\/ul>\n","protected":false},"featured_media":16992,"comment_status":"open","ping_status":"closed","template":"","meta":{"_acf_changed":false},"product_brand":[],"product_cat":[136],"product_tag":[],"class_list":{"0":"post-17265","1":"product","2":"type-product","3":"status-publish","4":"has-post-thumbnail","6":"product_cat-high-content-fertilizers","8":"first","9":"instock","10":"shipping-taxable","11":"product-type-simple"},"acf":[],"yoast_head":"<!-- This site is optimized with the Yoast SEO plugin v25.8 - https:\/\/yoast.com\/wordpress\/plugins\/seo\/ -->\n<title>NPK 15-15-15 + 1SiO\u2082hh \u2013 TI\u1ebeN N\u00d4NG - Ti\u00ean N\u00f4ng Group<\/title>\n<meta name=\"robots\" content=\"index, follow, max-snippet:-1, max-image-preview:large, max-video-preview:-1\" \/>\n<link rel=\"canonical\" href=\"https:\/\/tiennong.vn\/en\/product\/npk-15-15-15-1sio%e2%82%82hh-tien-nong\/\" \/>\n<meta property=\"og:locale\" content=\"en_US\" \/>\n<meta property=\"og:type\" content=\"article\" \/>\n<meta property=\"og:title\" content=\"NPK 15-15-15 + 1SiO\u2082hh \u2013 TI\u1ebeN N\u00d4NG - Ti\u00ean N\u00f4ng Group\" \/>\n<meta property=\"og:description\" content=\"Provides complete and balanced essential nutrients for crops.    Increases crop yield and improves the quality of agricultural produce.    Enhances plants\u2019 resistance to pests and unfavorable weather conditions.    Maintains nutrient balance and improves soil fertility.    Contributes to environmental protection and sustainable agricultural development.\" \/>\n<meta property=\"og:url\" content=\"https:\/\/tiennong.vn\/en\/product\/npk-15-15-15-1sio%e2%82%82hh-tien-nong\/\" \/>\n<meta property=\"og:site_name\" content=\"Ti\u00ean N\u00f4ng Group\" \/>\n<meta property=\"article:modified_time\" content=\"2025-05-17T09:20:29+00:00\" \/>\n<meta property=\"og:image\" content=\"https:\/\/tiennong.vn\/wp-content\/uploads\/2025\/02\/15-15-15.jpg\" \/>\n\t<meta property=\"og:image:width\" content=\"1704\" \/>\n\t<meta property=\"og:image:height\" content=\"1704\" \/>\n\t<meta property=\"og:image:type\" content=\"image\/jpeg\" \/>\n<meta name=\"twitter:card\" content=\"summary_large_image\" \/>\n<meta name=\"twitter:label1\" content=\"Est. reading time\" \/>\n\t<meta name=\"twitter:data1\" content=\"2 minutes\" \/>\n<script type=\"application\/ld+json\" class=\"yoast-schema-graph\">{\"@context\":\"https:\/\/schema.org\",\"@graph\":[{\"@type\":\"WebPage\",\"@id\":\"https:\/\/tiennong.vn\/en\/product\/npk-15-15-15-1sio%e2%82%82hh-tien-nong\/\",\"url\":\"https:\/\/tiennong.vn\/en\/product\/npk-15-15-15-1sio%e2%82%82hh-tien-nong\/\",\"name\":\"NPK 15-15-15 + 1SiO\u2082hh \u2013 TI\u1ebeN N\u00d4NG - Ti\u00ean N\u00f4ng Group\",\"isPartOf\":{\"@id\":\"https:\/\/tiennong.vn\/en\/#website\"},\"primaryImageOfPage\":{\"@id\":\"https:\/\/tiennong.vn\/en\/product\/npk-15-15-15-1sio%e2%82%82hh-tien-nong\/#primaryimage\"},\"image\":{\"@id\":\"https:\/\/tiennong.vn\/en\/product\/npk-15-15-15-1sio%e2%82%82hh-tien-nong\/#primaryimage\"},\"thumbnailUrl\":\"https:\/\/tiennong.vn\/wp-content\/uploads\/2025\/02\/15-15-15.jpg\",\"datePublished\":\"2025-02-10T08:28:33+00:00\",\"dateModified\":\"2025-05-17T09:20:29+00:00\",\"breadcrumb\":{\"@id\":\"https:\/\/tiennong.vn\/en\/product\/npk-15-15-15-1sio%e2%82%82hh-tien-nong\/#breadcrumb\"},\"inLanguage\":\"en-US\",\"potentialAction\":[{\"@type\":\"ReadAction\",\"target\":[\"https:\/\/tiennong.vn\/en\/product\/npk-15-15-15-1sio%e2%82%82hh-tien-nong\/\"]}]},{\"@type\":\"ImageObject\",\"inLanguage\":\"en-US\",\"@id\":\"https:\/\/tiennong.vn\/en\/product\/npk-15-15-15-1sio%e2%82%82hh-tien-nong\/#primaryimage\",\"url\":\"https:\/\/tiennong.vn\/wp-content\/uploads\/2025\/02\/15-15-15.jpg\",\"contentUrl\":\"https:\/\/tiennong.vn\/wp-content\/uploads\/2025\/02\/15-15-15.jpg\",\"width\":1704,\"height\":1704},{\"@type\":\"BreadcrumbList\",\"@id\":\"https:\/\/tiennong.vn\/en\/product\/npk-15-15-15-1sio%e2%82%82hh-tien-nong\/#breadcrumb\",\"itemListElement\":[{\"@type\":\"ListItem\",\"position\":1,\"name\":\"Home\",\"item\":\"https:\/\/tiennong.vn\/en\/\"},{\"@type\":\"ListItem\",\"position\":2,\"name\":\"Shop\",\"item\":\"https:\/\/tiennong.vn\/en\/shop\/\"},{\"@type\":\"ListItem\",\"position\":3,\"name\":\"NPK 15-15-15 + 1SiO\u2082hh \u2013 TI\u1ebeN N\u00d4NG\"}]},{\"@type\":\"WebSite\",\"@id\":\"https:\/\/tiennong.vn\/en\/#website\",\"url\":\"https:\/\/tiennong.vn\/en\/\",\"name\":\"Ti\u00ean N\u00f4ng Group\",\"description\":\"\",\"potentialAction\":[{\"@type\":\"SearchAction\",\"target\":{\"@type\":\"EntryPoint\",\"urlTemplate\":\"https:\/\/tiennong.vn\/en\/?s={search_term_string}\"},\"query-input\":{\"@type\":\"PropertyValueSpecification\",\"valueRequired\":true,\"valueName\":\"search_term_string\"}}],\"inLanguage\":\"en-US\"}]}<\/script>\n<!-- \/ Yoast SEO plugin. -->","yoast_head_json":{"title":"NPK 15-15-15 + 1SiO\u2082hh \u2013 TI\u1ebeN N\u00d4NG - Ti\u00ean N\u00f4ng Group","robots":{"index":"index","follow":"follow","max-snippet":"max-snippet:-1","max-image-preview":"max-image-preview:large","max-video-preview":"max-video-preview:-1"},"canonical":"https:\/\/tiennong.vn\/en\/product\/npk-15-15-15-1sio%e2%82%82hh-tien-nong\/","og_locale":"en_US","og_type":"article","og_title":"NPK 15-15-15 + 1SiO\u2082hh \u2013 TI\u1ebeN N\u00d4NG - Ti\u00ean N\u00f4ng Group","og_description":"Provides complete and balanced essential nutrients for crops.    Increases crop yield and improves the quality of agricultural produce.    Enhances plants\u2019 resistance to pests and unfavorable weather conditions.    Maintains nutrient balance and improves soil fertility.    Contributes to environmental protection and sustainable agricultural development.","og_url":"https:\/\/tiennong.vn\/en\/product\/npk-15-15-15-1sio%e2%82%82hh-tien-nong\/","og_site_name":"Ti\u00ean N\u00f4ng Group","article_modified_time":"2025-05-17T09:20:29+00:00","og_image":[{"width":1704,"height":1704,"url":"https:\/\/tiennong.vn\/wp-content\/uploads\/2025\/02\/15-15-15.jpg","type":"image\/jpeg"}],"twitter_card":"summary_large_image","twitter_misc":{"Est. reading time":"2 minutes"},"schema":{"@context":"https:\/\/schema.org","@graph":[{"@type":"WebPage","@id":"https:\/\/tiennong.vn\/en\/product\/npk-15-15-15-1sio%e2%82%82hh-tien-nong\/","url":"https:\/\/tiennong.vn\/en\/product\/npk-15-15-15-1sio%e2%82%82hh-tien-nong\/","name":"NPK 15-15-15 + 1SiO\u2082hh \u2013 TI\u1ebeN N\u00d4NG - Ti\u00ean N\u00f4ng Group","isPartOf":{"@id":"https:\/\/tiennong.vn\/en\/#website"},"primaryImageOfPage":{"@id":"https:\/\/tiennong.vn\/en\/product\/npk-15-15-15-1sio%e2%82%82hh-tien-nong\/#primaryimage"},"image":{"@id":"https:\/\/tiennong.vn\/en\/product\/npk-15-15-15-1sio%e2%82%82hh-tien-nong\/#primaryimage"},"thumbnailUrl":"https:\/\/tiennong.vn\/wp-content\/uploads\/2025\/02\/15-15-15.jpg","datePublished":"2025-02-10T08:28:33+00:00","dateModified":"2025-05-17T09:20:29+00:00","breadcrumb":{"@id":"https:\/\/tiennong.vn\/en\/product\/npk-15-15-15-1sio%e2%82%82hh-tien-nong\/#breadcrumb"},"inLanguage":"en-US","potentialAction":[{"@type":"ReadAction","target":["https:\/\/tiennong.vn\/en\/product\/npk-15-15-15-1sio%e2%82%82hh-tien-nong\/"]}]},{"@type":"ImageObject","inLanguage":"en-US","@id":"https:\/\/tiennong.vn\/en\/product\/npk-15-15-15-1sio%e2%82%82hh-tien-nong\/#primaryimage","url":"https:\/\/tiennong.vn\/wp-content\/uploads\/2025\/02\/15-15-15.jpg","contentUrl":"https:\/\/tiennong.vn\/wp-content\/uploads\/2025\/02\/15-15-15.jpg","width":1704,"height":1704},{"@type":"BreadcrumbList","@id":"https:\/\/tiennong.vn\/en\/product\/npk-15-15-15-1sio%e2%82%82hh-tien-nong\/#breadcrumb","itemListElement":[{"@type":"ListItem","position":1,"name":"Home","item":"https:\/\/tiennong.vn\/en\/"},{"@type":"ListItem","position":2,"name":"Shop","item":"https:\/\/tiennong.vn\/en\/shop\/"},{"@type":"ListItem","position":3,"name":"NPK 15-15-15 + 1SiO\u2082hh \u2013 TI\u1ebeN N\u00d4NG"}]},{"@type":"WebSite","@id":"https:\/\/tiennong.vn\/en\/#website","url":"https:\/\/tiennong.vn\/en\/","name":"Ti\u00ean N\u00f4ng Group","description":"","potentialAction":[{"@type":"SearchAction","target":{"@type":"EntryPoint","urlTemplate":"https:\/\/tiennong.vn\/en\/?s={search_term_string}"},"query-input":{"@type":"PropertyValueSpecification","valueRequired":true,"valueName":"search_term_string"}}],"inLanguage":"en-US"}]}},"_links":{"self":[{"href":"https:\/\/tiennong.vn\/en\/wp-json\/wp\/v2\/product\/17265","targetHints":{"allow":["GET"]}}],"collection":[{"href":"https:\/\/tiennong.vn\/en\/wp-json\/wp\/v2\/product"}],"about":[{"href":"https:\/\/tiennong.vn\/en\/wp-json\/wp\/v2\/types\/product"}],"replies":[{"embeddable":true,"href":"https:\/\/tiennong.vn\/en\/wp-json\/wp\/v2\/comments?post=17265"}],"wp:featuredmedia":[{"embeddable":true,"href":"https:\/\/tiennong.vn\/en\/wp-json\/wp\/v2\/media\/16992"}],"wp:attachment":[{"href":"https:\/\/tiennong.vn\/en\/wp-json\/wp\/v2\/media?parent=17265"}],"wp:term":[{"taxonomy":"product_brand","embeddable":true,"href":"https:\/\/tiennong.vn\/en\/wp-json\/wp\/v2\/product_brand?post=17265"},{"taxonomy":"product_cat","embeddable":true,"href":"https:\/\/tiennong.vn\/en\/wp-json\/wp\/v2\/product_cat?post=17265"},{"taxonomy":"product_tag","embeddable":true,"href":"https:\/\/tiennong.vn\/en\/wp-json\/wp\/v2\/product_tag?post=17265"}],"curies":[{"name":"wp","href":"https:\/\/api.w.org\/{rel}","templated":true}]}}