











{"id":17269,"date":"2025-02-10T08:32:13","date_gmt":"2025-02-10T08:32:13","guid":{"rendered":"https:\/\/tiennong.vn\/?post_type=product&#038;p=17269"},"modified":"2025-05-17T09:29:01","modified_gmt":"2025-05-17T09:29:01","slug":"npk-16-8-16-tien-nong","status":"publish","type":"product","link":"https:\/\/tiennong.vn\/en\/product\/npk-16-8-16-tien-nong\/","title":{"rendered":"NPK 16-8-16 Ti\u1ebfn N\u00f4ng"},"content":{"rendered":"<p class=\"\" data-start=\"98\" data-end=\"163\"><strong data-start=\"98\" data-end=\"113\">Description<\/strong><br data-start=\"113\" data-end=\"116\" \/><strong data-start=\"116\" data-end=\"139\">Compound Fertilizer<\/strong><br data-start=\"139\" data-end=\"142\" \/>NPK 16-8-16 Ti\u1ebfn N\u00f4ng<\/p>\n<p class=\"\" data-start=\"165\" data-end=\"182\"><strong data-start=\"165\" data-end=\"180\">Composition<\/strong><\/p>\n<ul data-start=\"183\" data-end=\"310\">\n<li class=\"\" data-start=\"183\" data-end=\"212\">\n<p class=\"\" data-start=\"185\" data-end=\"212\">Total Nitrogen (N\u209c\u209b): 16%<\/p>\n<\/li>\n<li class=\"\" data-start=\"213\" data-end=\"250\">\n<p class=\"\" data-start=\"215\" data-end=\"250\">Available Phosphorus (P\u2082O\u2085hh): 8%<\/p>\n<\/li>\n<li class=\"\" data-start=\"251\" data-end=\"287\">\n<p class=\"\" data-start=\"253\" data-end=\"287\">Available Potassium (K\u2082Ohh): 16%<\/p>\n<\/li>\n<li class=\"\" data-start=\"288\" data-end=\"310\">\n<p class=\"\" data-start=\"290\" data-end=\"310\">Moisture content: 5%<\/p>\n<\/li>\n<\/ul>\n<p class=\"\" data-start=\"312\" data-end=\"325\"><strong data-start=\"312\" data-end=\"323\">Effects<\/strong><\/p>\n<ul data-start=\"326\" data-end=\"848\">\n<li class=\"\" data-start=\"326\" data-end=\"495\">\n<p class=\"\" data-start=\"328\" data-end=\"495\"><strong data-start=\"328\" data-end=\"341\">Nitrogen:<\/strong> The basic component of protein and the main element in chlorophyll. Nitrogen promotes sprouting, leaf growth, fruit development, and increases biomass.<\/p>\n<\/li>\n<li class=\"\" data-start=\"496\" data-end=\"621\">\n<p class=\"\" data-start=\"498\" data-end=\"621\"><strong data-start=\"498\" data-end=\"513\">Phosphorus:<\/strong> Necessary for cell division, promotes root growth, flower bud formation, and development of young fruits.<\/p>\n<\/li>\n<li class=\"\" data-start=\"622\" data-end=\"848\">\n<p class=\"\" data-start=\"624\" data-end=\"848\"><strong data-start=\"624\" data-end=\"638\">Potassium:<\/strong> Facilitates photosynthesis, synthesis of carbohydrates and sugars, formation of sugars and starch, and enhances transport of photosynthetic products to storage organs, thereby improving crop yield and quality.<\/p>\n<\/li>\n<\/ul>\n<p class=\"\" data-start=\"850\" data-end=\"974\"><strong data-start=\"850\" data-end=\"872\">Usage Instructions<\/strong><br data-start=\"872\" data-end=\"875\" \/>Supplies essential nutrients nitrogen (N), phosphorus (P\u2082O\u2085), and potassium (K\u2082O) to nourish crops.<\/p>\n<ol data-start=\"976\" data-end=\"1072\">\n<li class=\"\" data-start=\"976\" data-end=\"1072\">\n<p class=\"\" data-start=\"979\" data-end=\"1072\"><strong data-start=\"979\" data-end=\"999\">Short-term crops<\/strong> (rice, sugarcane, maize, sweet potato, chili, vegetables, and fruits):<\/p>\n<\/li>\n<\/ol>\n<ul data-start=\"1073\" data-end=\"1366\">\n<li class=\"\" data-start=\"1073\" data-end=\"1179\">\n<p class=\"\" data-start=\"1075\" data-end=\"1179\">Application rate: 150 \u2013 400 kg\/ha per application, used as base and top dressing during growth stages.<\/p>\n<\/li>\n<li class=\"\" data-start=\"1180\" data-end=\"1366\">\n<p class=\"\" data-start=\"1182\" data-end=\"1366\">Application method: Broadcast along rows or around the base combined with weeding and loosening soil, cover fertilizer with soil, or evenly spread on the field surface with irrigation.<\/p>\n<\/li>\n<\/ul>\n<ol start=\"2\" data-start=\"1368\" data-end=\"1473\">\n<li class=\"\" data-start=\"1368\" data-end=\"1473\">\n<p class=\"\" data-start=\"1371\" data-end=\"1473\"><strong data-start=\"1371\" data-end=\"1390\">Perennial crops<\/strong> (rubber, coffee, cocoa, durian, avocado, mango, orange, guava, apple, rambutan):<\/p>\n<\/li>\n<\/ol>\n<ul data-start=\"1474\" data-end=\"1847\">\n<li class=\"\" data-start=\"1474\" data-end=\"1666\">\n<p class=\"\" data-start=\"1476\" data-end=\"1495\">Application rate:<\/p>\n<ul data-start=\"1498\" data-end=\"1666\">\n<li class=\"\" data-start=\"1498\" data-end=\"1583\">\n<p class=\"\" data-start=\"1500\" data-end=\"1583\">Establishment period: 0.2 \u2013 0.4 kg\/tree\/application (100 \u2013 150 g\/m\u00b2 canopy area).<\/p>\n<\/li>\n<li class=\"\" data-start=\"1586\" data-end=\"1666\">\n<p class=\"\" data-start=\"1588\" data-end=\"1666\">Production period: 0.3 \u2013 1 kg\/tree\/application (100 \u2013 200 g\/m\u00b2 canopy area).<\/p>\n<\/li>\n<\/ul>\n<\/li>\n<li class=\"\" data-start=\"1667\" data-end=\"1847\">\n<p class=\"\" data-start=\"1669\" data-end=\"1847\">Application method: Make staggered trenches from 3\/4 canopy radius to canopy edge or dig holes to apply fertilizer, cover with soil and irrigate if soil moisture is insufficient.<\/p>\n<\/li>\n<\/ul>\n<p class=\"\" data-start=\"1849\" data-end=\"1873\"><strong data-start=\"1849\" data-end=\"1871\">Safety and Storage<\/strong><\/p>\n<ul data-start=\"1874\" data-end=\"2013\">\n<li class=\"\" data-start=\"1874\" data-end=\"1912\">\n<p class=\"\" data-start=\"1876\" data-end=\"1912\">Not hazardous upon direct contact.<\/p>\n<\/li>\n<li class=\"\" data-start=\"1913\" data-end=\"1951\">\n<p class=\"\" data-start=\"1915\" data-end=\"1951\">Non-toxic to humans and livestock.<\/p>\n<\/li>\n<li class=\"\" data-start=\"1952\" data-end=\"2013\">\n<p class=\"\" data-start=\"1954\" data-end=\"2013\">Store in a dry, ventilated place away from direct sunlight.<\/p>\n<\/li>\n<\/ul>\n<p class=\"\" data-start=\"2015\" data-end=\"2038\"><strong data-start=\"2015\" data-end=\"2036\">Legal Information<\/strong><\/p>\n<ul data-start=\"2039\" data-end=\"2288\">\n<li class=\"\" data-start=\"2039\" data-end=\"2065\">\n<p class=\"\" data-start=\"2041\" data-end=\"2065\">Fertilizer Code: 10898<\/p>\n<\/li>\n<li class=\"\" data-start=\"2066\" data-end=\"2110\">\n<p class=\"\" data-start=\"2068\" data-end=\"2110\">Fertilizer Type: Compound NPK Fertilizer<\/p>\n<\/li>\n<li class=\"\" data-start=\"2111\" data-end=\"2145\">\n<p class=\"\" data-start=\"2113\" data-end=\"2145\">Usage Method: Root application<\/p>\n<\/li>\n<li class=\"\" data-start=\"2146\" data-end=\"2188\">\n<p class=\"\" data-start=\"2148\" data-end=\"2188\">Quality Standard Number: 29:2018\/TN-TH<\/p>\n<\/li>\n<li class=\"\" data-start=\"2189\" data-end=\"2241\">\n<p class=\"\" data-start=\"2191\" data-end=\"2241\">Production Date and Location: Printed on the bag<\/p>\n<\/li>\n<li class=\"\" data-start=\"2242\" data-end=\"2288\">\n<p class=\"\" data-start=\"2244\" data-end=\"2288\">Shelf Life: 36 months from production date<\/p>\n<\/li>\n<\/ul>\n<p class=\"\" data-start=\"2290\" data-end=\"2340\"><strong data-start=\"2290\" data-end=\"2308\">Certifications<\/strong><br data-start=\"2308\" data-end=\"2311\" \/>ISO 14001:2015\u2003\u2003ISO 9001:2015<\/p>\n","protected":false},"excerpt":{"rendered":"<ul>\n<li class=\"\" data-start=\"147\" data-end=\"340\">\n<p class=\"\" data-start=\"149\" data-end=\"340\"><strong data-start=\"149\" data-end=\"166\">Nitrogen (N):<\/strong> A fundamental component of proteins and the main element in chlorophyll. Nitrogen promotes bud sprouting, leaf growth, fruit development, and increases biomass production.<\/p>\n<\/li>\n<li class=\"\" data-start=\"342\" data-end=\"462\">\n<p class=\"\" data-start=\"344\" data-end=\"462\"><strong data-start=\"344\" data-end=\"363\">Phosphorus (P):<\/strong> Essential for cell division, root development, flower bud formation, and growth of young fruits.<\/p>\n<\/li>\n<li class=\"\" data-start=\"464\" data-end=\"700\">\n<p class=\"\" data-start=\"466\" data-end=\"700\"><strong data-start=\"466\" data-end=\"484\">Potassium (K):<\/strong> Enhances photosynthesis, synthesis of carbohydrates and sugars, aids in sugar and starch formation, and improves the transport of photosynthetic products to storage organs, thereby increasing crop yield and quality.<\/p>\n<\/li>\n<\/ul>\n","protected":false},"featured_media":17022,"comment_status":"open","ping_status":"closed","template":"","meta":{"_acf_changed":false},"product_brand":[],"product_cat":[136],"product_tag":[],"class_list":{"0":"post-17269","1":"product","2":"type-product","3":"status-publish","4":"has-post-thumbnail","6":"product_cat-high-content-fertilizers","8":"first","9":"instock","10":"shipping-taxable","11":"product-type-simple"},"acf":[],"yoast_head":"<!-- This site is optimized with the Yoast SEO plugin v25.8 - https:\/\/yoast.com\/wordpress\/plugins\/seo\/ -->\n<title>NPK 16-8-16 Ti\u1ebfn N\u00f4ng - Ti\u00ean N\u00f4ng Group<\/title>\n<meta name=\"robots\" content=\"index, follow, max-snippet:-1, max-image-preview:large, max-video-preview:-1\" \/>\n<link rel=\"canonical\" href=\"https:\/\/tiennong.vn\/en\/product\/npk-16-8-16-tien-nong\/\" \/>\n<meta property=\"og:locale\" content=\"en_US\" \/>\n<meta property=\"og:type\" content=\"article\" \/>\n<meta property=\"og:title\" content=\"NPK 16-8-16 Ti\u1ebfn N\u00f4ng - Ti\u00ean N\u00f4ng Group\" \/>\n<meta property=\"og:description\" content=\"Nitrogen (N): A fundamental component of proteins and the main element in chlorophyll. Nitrogen promotes bud sprouting, leaf growth, fruit development, and increases biomass production.    Phosphorus (P): Essential for cell division, root development, flower bud formation, and growth of young fruits.    Potassium (K): Enhances photosynthesis, synthesis of carbohydrates and sugars, aids in sugar and starch formation, and improves the transport of photosynthetic products to storage organs, thereby increasing crop yield and quality.\" \/>\n<meta property=\"og:url\" content=\"https:\/\/tiennong.vn\/en\/product\/npk-16-8-16-tien-nong\/\" \/>\n<meta property=\"og:site_name\" content=\"Ti\u00ean N\u00f4ng Group\" \/>\n<meta property=\"article:modified_time\" content=\"2025-05-17T09:29:01+00:00\" \/>\n<meta property=\"og:image\" content=\"https:\/\/tiennong.vn\/wp-content\/uploads\/2025\/02\/16-8-16.jpg\" \/>\n\t<meta property=\"og:image:width\" content=\"1642\" \/>\n\t<meta property=\"og:image:height\" content=\"1642\" \/>\n\t<meta property=\"og:image:type\" content=\"image\/jpeg\" \/>\n<meta name=\"twitter:card\" content=\"summary_large_image\" \/>\n<meta name=\"twitter:label1\" content=\"Est. reading time\" \/>\n\t<meta name=\"twitter:data1\" content=\"2 minutes\" \/>\n<script type=\"application\/ld+json\" class=\"yoast-schema-graph\">{\"@context\":\"https:\/\/schema.org\",\"@graph\":[{\"@type\":\"WebPage\",\"@id\":\"https:\/\/tiennong.vn\/en\/product\/npk-16-8-16-tien-nong\/\",\"url\":\"https:\/\/tiennong.vn\/en\/product\/npk-16-8-16-tien-nong\/\",\"name\":\"NPK 16-8-16 Ti\u1ebfn N\u00f4ng - Ti\u00ean N\u00f4ng Group\",\"isPartOf\":{\"@id\":\"https:\/\/tiennong.vn\/en\/#website\"},\"primaryImageOfPage\":{\"@id\":\"https:\/\/tiennong.vn\/en\/product\/npk-16-8-16-tien-nong\/#primaryimage\"},\"image\":{\"@id\":\"https:\/\/tiennong.vn\/en\/product\/npk-16-8-16-tien-nong\/#primaryimage\"},\"thumbnailUrl\":\"https:\/\/tiennong.vn\/wp-content\/uploads\/2025\/02\/16-8-16.jpg\",\"datePublished\":\"2025-02-10T08:32:13+00:00\",\"dateModified\":\"2025-05-17T09:29:01+00:00\",\"breadcrumb\":{\"@id\":\"https:\/\/tiennong.vn\/en\/product\/npk-16-8-16-tien-nong\/#breadcrumb\"},\"inLanguage\":\"en-US\",\"potentialAction\":[{\"@type\":\"ReadAction\",\"target\":[\"https:\/\/tiennong.vn\/en\/product\/npk-16-8-16-tien-nong\/\"]}]},{\"@type\":\"ImageObject\",\"inLanguage\":\"en-US\",\"@id\":\"https:\/\/tiennong.vn\/en\/product\/npk-16-8-16-tien-nong\/#primaryimage\",\"url\":\"https:\/\/tiennong.vn\/wp-content\/uploads\/2025\/02\/16-8-16.jpg\",\"contentUrl\":\"https:\/\/tiennong.vn\/wp-content\/uploads\/2025\/02\/16-8-16.jpg\",\"width\":1642,\"height\":1642},{\"@type\":\"BreadcrumbList\",\"@id\":\"https:\/\/tiennong.vn\/en\/product\/npk-16-8-16-tien-nong\/#breadcrumb\",\"itemListElement\":[{\"@type\":\"ListItem\",\"position\":1,\"name\":\"Home\",\"item\":\"https:\/\/tiennong.vn\/en\/\"},{\"@type\":\"ListItem\",\"position\":2,\"name\":\"Shop\",\"item\":\"https:\/\/tiennong.vn\/en\/shop\/\"},{\"@type\":\"ListItem\",\"position\":3,\"name\":\"NPK 16-8-16 Ti\u1ebfn N\u00f4ng\"}]},{\"@type\":\"WebSite\",\"@id\":\"https:\/\/tiennong.vn\/en\/#website\",\"url\":\"https:\/\/tiennong.vn\/en\/\",\"name\":\"Ti\u00ean N\u00f4ng Group\",\"description\":\"\",\"potentialAction\":[{\"@type\":\"SearchAction\",\"target\":{\"@type\":\"EntryPoint\",\"urlTemplate\":\"https:\/\/tiennong.vn\/en\/?s={search_term_string}\"},\"query-input\":{\"@type\":\"PropertyValueSpecification\",\"valueRequired\":true,\"valueName\":\"search_term_string\"}}],\"inLanguage\":\"en-US\"}]}<\/script>\n<!-- \/ Yoast SEO plugin. -->","yoast_head_json":{"title":"NPK 16-8-16 Ti\u1ebfn N\u00f4ng - Ti\u00ean N\u00f4ng Group","robots":{"index":"index","follow":"follow","max-snippet":"max-snippet:-1","max-image-preview":"max-image-preview:large","max-video-preview":"max-video-preview:-1"},"canonical":"https:\/\/tiennong.vn\/en\/product\/npk-16-8-16-tien-nong\/","og_locale":"en_US","og_type":"article","og_title":"NPK 16-8-16 Ti\u1ebfn N\u00f4ng - Ti\u00ean N\u00f4ng Group","og_description":"Nitrogen (N): A fundamental component of proteins and the main element in chlorophyll. Nitrogen promotes bud sprouting, leaf growth, fruit development, and increases biomass production.    Phosphorus (P): Essential for cell division, root development, flower bud formation, and growth of young fruits.    Potassium (K): Enhances photosynthesis, synthesis of carbohydrates and sugars, aids in sugar and starch formation, and improves the transport of photosynthetic products to storage organs, thereby increasing crop yield and quality.","og_url":"https:\/\/tiennong.vn\/en\/product\/npk-16-8-16-tien-nong\/","og_site_name":"Ti\u00ean N\u00f4ng Group","article_modified_time":"2025-05-17T09:29:01+00:00","og_image":[{"width":1642,"height":1642,"url":"https:\/\/tiennong.vn\/wp-content\/uploads\/2025\/02\/16-8-16.jpg","type":"image\/jpeg"}],"twitter_card":"summary_large_image","twitter_misc":{"Est. reading time":"2 minutes"},"schema":{"@context":"https:\/\/schema.org","@graph":[{"@type":"WebPage","@id":"https:\/\/tiennong.vn\/en\/product\/npk-16-8-16-tien-nong\/","url":"https:\/\/tiennong.vn\/en\/product\/npk-16-8-16-tien-nong\/","name":"NPK 16-8-16 Ti\u1ebfn N\u00f4ng - Ti\u00ean N\u00f4ng Group","isPartOf":{"@id":"https:\/\/tiennong.vn\/en\/#website"},"primaryImageOfPage":{"@id":"https:\/\/tiennong.vn\/en\/product\/npk-16-8-16-tien-nong\/#primaryimage"},"image":{"@id":"https:\/\/tiennong.vn\/en\/product\/npk-16-8-16-tien-nong\/#primaryimage"},"thumbnailUrl":"https:\/\/tiennong.vn\/wp-content\/uploads\/2025\/02\/16-8-16.jpg","datePublished":"2025-02-10T08:32:13+00:00","dateModified":"2025-05-17T09:29:01+00:00","breadcrumb":{"@id":"https:\/\/tiennong.vn\/en\/product\/npk-16-8-16-tien-nong\/#breadcrumb"},"inLanguage":"en-US","potentialAction":[{"@type":"ReadAction","target":["https:\/\/tiennong.vn\/en\/product\/npk-16-8-16-tien-nong\/"]}]},{"@type":"ImageObject","inLanguage":"en-US","@id":"https:\/\/tiennong.vn\/en\/product\/npk-16-8-16-tien-nong\/#primaryimage","url":"https:\/\/tiennong.vn\/wp-content\/uploads\/2025\/02\/16-8-16.jpg","contentUrl":"https:\/\/tiennong.vn\/wp-content\/uploads\/2025\/02\/16-8-16.jpg","width":1642,"height":1642},{"@type":"BreadcrumbList","@id":"https:\/\/tiennong.vn\/en\/product\/npk-16-8-16-tien-nong\/#breadcrumb","itemListElement":[{"@type":"ListItem","position":1,"name":"Home","item":"https:\/\/tiennong.vn\/en\/"},{"@type":"ListItem","position":2,"name":"Shop","item":"https:\/\/tiennong.vn\/en\/shop\/"},{"@type":"ListItem","position":3,"name":"NPK 16-8-16 Ti\u1ebfn N\u00f4ng"}]},{"@type":"WebSite","@id":"https:\/\/tiennong.vn\/en\/#website","url":"https:\/\/tiennong.vn\/en\/","name":"Ti\u00ean N\u00f4ng Group","description":"","potentialAction":[{"@type":"SearchAction","target":{"@type":"EntryPoint","urlTemplate":"https:\/\/tiennong.vn\/en\/?s={search_term_string}"},"query-input":{"@type":"PropertyValueSpecification","valueRequired":true,"valueName":"search_term_string"}}],"inLanguage":"en-US"}]}},"_links":{"self":[{"href":"https:\/\/tiennong.vn\/en\/wp-json\/wp\/v2\/product\/17269","targetHints":{"allow":["GET"]}}],"collection":[{"href":"https:\/\/tiennong.vn\/en\/wp-json\/wp\/v2\/product"}],"about":[{"href":"https:\/\/tiennong.vn\/en\/wp-json\/wp\/v2\/types\/product"}],"replies":[{"embeddable":true,"href":"https:\/\/tiennong.vn\/en\/wp-json\/wp\/v2\/comments?post=17269"}],"wp:featuredmedia":[{"embeddable":true,"href":"https:\/\/tiennong.vn\/en\/wp-json\/wp\/v2\/media\/17022"}],"wp:attachment":[{"href":"https:\/\/tiennong.vn\/en\/wp-json\/wp\/v2\/media?parent=17269"}],"wp:term":[{"taxonomy":"product_brand","embeddable":true,"href":"https:\/\/tiennong.vn\/en\/wp-json\/wp\/v2\/product_brand?post=17269"},{"taxonomy":"product_cat","embeddable":true,"href":"https:\/\/tiennong.vn\/en\/wp-json\/wp\/v2\/product_cat?post=17269"},{"taxonomy":"product_tag","embeddable":true,"href":"https:\/\/tiennong.vn\/en\/wp-json\/wp\/v2\/product_tag?post=17269"}],"curies":[{"name":"wp","href":"https:\/\/api.w.org\/{rel}","templated":true}]}}