











{"id":17270,"date":"2025-02-10T08:24:45","date_gmt":"2025-02-10T08:24:45","guid":{"rendered":"https:\/\/tiennong.vn\/?post_type=product&#038;p=17270"},"modified":"2025-05-17T09:30:52","modified_gmt":"2025-05-17T09:30:52","slug":"npk-17-6-17mnc-tien-nong","status":"publish","type":"product","link":"https:\/\/tiennong.vn\/en\/product\/npk-17-6-17mnc-tien-nong\/","title":{"rendered":"NPK 17-6-17+MNC TI\u1ebeN N\u00d4NG"},"content":{"rendered":"<p class=\"\" data-start=\"91\" data-end=\"146\"><strong data-start=\"91\" data-end=\"114\">Compound Fertilizer<\/strong><br data-start=\"114\" data-end=\"117\" \/><strong data-start=\"117\" data-end=\"146\">NPK 17-6-17+MNC Ti\u1ebfn N\u00f4ng<\/strong><\/p>\n<p class=\"\" data-start=\"148\" data-end=\"185\"><strong data-start=\"148\" data-end=\"185\">Ideal nutrition for various crops<\/strong><\/p>\n<hr class=\"\" data-start=\"187\" data-end=\"190\" \/>\n<p class=\"\" data-start=\"192\" data-end=\"210\"><strong data-start=\"192\" data-end=\"208\">Composition:<\/strong><\/p>\n<ul data-start=\"211\" data-end=\"435\">\n<li class=\"\" data-start=\"211\" data-end=\"240\">\n<p class=\"\" data-start=\"213\" data-end=\"240\">Total Nitrogen (N\u209c\u209b): 17%<\/p>\n<\/li>\n<li class=\"\" data-start=\"241\" data-end=\"278\">\n<p class=\"\" data-start=\"243\" data-end=\"278\">Available Phosphorus (P\u2082O\u2085hh): 6%<\/p>\n<\/li>\n<li class=\"\" data-start=\"279\" data-end=\"315\">\n<p class=\"\" data-start=\"281\" data-end=\"315\">Available Potassium (K\u2082Ohh): 17%<\/p>\n<\/li>\n<li class=\"\" data-start=\"316\" data-end=\"338\">\n<p class=\"\" data-start=\"318\" data-end=\"338\">Boron (B): 300 ppm<\/p>\n<\/li>\n<li class=\"\" data-start=\"339\" data-end=\"360\">\n<p class=\"\" data-start=\"341\" data-end=\"360\">Zinc (Zn): 50 ppm<\/p>\n<\/li>\n<li class=\"\" data-start=\"361\" data-end=\"385\">\n<p class=\"\" data-start=\"363\" data-end=\"385\">Copper (Cu): 250 ppm<\/p>\n<\/li>\n<li class=\"\" data-start=\"386\" data-end=\"412\">\n<p class=\"\" data-start=\"388\" data-end=\"412\">Manganese (Mn): 50 ppm<\/p>\n<\/li>\n<li class=\"\" data-start=\"413\" data-end=\"435\">\n<p class=\"\" data-start=\"415\" data-end=\"435\">Moisture content: 5%<\/p>\n<\/li>\n<\/ul>\n<hr class=\"\" data-start=\"437\" data-end=\"440\" \/>\n<p class=\"\" data-start=\"442\" data-end=\"457\"><strong data-start=\"442\" data-end=\"455\">Benefits:<\/strong><\/p>\n<ul data-start=\"458\" data-end=\"774\">\n<li class=\"\" data-start=\"458\" data-end=\"523\">\n<p class=\"\" data-start=\"460\" data-end=\"523\">Provides complete and balanced essential nutrients for crops.<\/p>\n<\/li>\n<li class=\"\" data-start=\"524\" data-end=\"561\">\n<p class=\"\" data-start=\"526\" data-end=\"561\">Increases crop yield and quality.<\/p>\n<\/li>\n<li class=\"\" data-start=\"562\" data-end=\"643\">\n<p class=\"\" data-start=\"564\" data-end=\"643\">Enhances plant resistance to pests, diseases, and adverse weather conditions.<\/p>\n<\/li>\n<li class=\"\" data-start=\"644\" data-end=\"703\">\n<p class=\"\" data-start=\"646\" data-end=\"703\">Maintains nutrient balance and improves soil fertility.<\/p>\n<\/li>\n<li class=\"\" data-start=\"704\" data-end=\"774\">\n<p class=\"\" data-start=\"706\" data-end=\"774\">Contributes to environmental protection and sustainable development.<\/p>\n<\/li>\n<\/ul>\n<hr class=\"\" data-start=\"776\" data-end=\"779\" \/>\n<p class=\"\" data-start=\"781\" data-end=\"804\"><strong data-start=\"781\" data-end=\"804\">Usage Instructions:<\/strong><\/p>\n<ol data-start=\"806\" data-end=\"887\">\n<li class=\"\" data-start=\"806\" data-end=\"887\">\n<p class=\"\" data-start=\"809\" data-end=\"887\"><strong data-start=\"809\" data-end=\"830\">Short-term crops:<\/strong> Rice, corn, cassava, tobacco, vegetables, fruits, etc.<\/p>\n<\/li>\n<\/ol>\n<ul data-start=\"888\" data-end=\"1212\">\n<li class=\"\" data-start=\"888\" data-end=\"970\">\n<p class=\"\" data-start=\"890\" data-end=\"970\">Application rate: 150 \u2013 350 kg\/ha per application, depending on the crop type.<\/p>\n<\/li>\n<li class=\"\" data-start=\"971\" data-end=\"1037\">\n<p class=\"\" data-start=\"973\" data-end=\"1037\">Timing: Topdressing during growth stages or basal application.<\/p>\n<\/li>\n<li class=\"\" data-start=\"1038\" data-end=\"1212\">\n<p class=\"\" data-start=\"1040\" data-end=\"1212\">Method: Broadcast along rows or around the base combined with weeding and soil loosening, cover fertilizer with soil, or evenly spread on the field surface with irrigation.<\/p>\n<\/li>\n<\/ul>\n<ol start=\"2\" data-start=\"1214\" data-end=\"1350\">\n<li class=\"\" data-start=\"1214\" data-end=\"1350\">\n<p class=\"\" data-start=\"1217\" data-end=\"1350\"><strong data-start=\"1217\" data-end=\"1237\">Perennial crops:<\/strong> Coffee, macadamia, black pepper, cashew, pineapple, cocoa, passion fruit, mango, avocado, durian, citrus, etc.<\/p>\n<\/li>\n<\/ol>\n<ul data-start=\"1351\" data-end=\"1704\">\n<li class=\"\" data-start=\"1351\" data-end=\"1470\">\n<p class=\"\" data-start=\"1353\" data-end=\"1470\">Application rate: 0.2 \u2013 1.0 kg\/tree\/application (100 \u2013 150 g\/m\u00b2 canopy), depending on tree age and canopy diameter.<\/p>\n<\/li>\n<li class=\"\" data-start=\"1471\" data-end=\"1532\">\n<p class=\"\" data-start=\"1473\" data-end=\"1532\">Timing: Topdressing during growth and development stages.<\/p>\n<\/li>\n<li class=\"\" data-start=\"1533\" data-end=\"1704\">\n<p class=\"\" data-start=\"1535\" data-end=\"1704\">Method: Staggered trenches from 3\/4 canopy radius to canopy edge or dig holes for fertilizer application, cover with soil, and irrigate if soil moisture is insufficient.<\/p>\n<\/li>\n<\/ul>\n<ol start=\"3\" data-start=\"1706\" data-end=\"1728\">\n<li class=\"\" data-start=\"1706\" data-end=\"1728\">\n<p class=\"\" data-start=\"1709\" data-end=\"1728\"><strong data-start=\"1709\" data-end=\"1726\">Rubber trees:<\/strong><\/p>\n<\/li>\n<\/ol>\n<ul data-start=\"1729\" data-end=\"2095\">\n<li class=\"\" data-start=\"1729\" data-end=\"1860\">\n<p class=\"\" data-start=\"1731\" data-end=\"1860\">Application rate: 0.2 \u2013 1.2 kg\/tree\/application (100 \u2013 150 g\/m\u00b2 canopy), depending on tree age, tapping years, and latex yield.<\/p>\n<\/li>\n<li class=\"\" data-start=\"1861\" data-end=\"1976\">\n<p class=\"\" data-start=\"1863\" data-end=\"1976\">Timing: Apply during the young tree stage and tapping period, twice a year (beginning and end of rainy season).<\/p>\n<\/li>\n<li class=\"\" data-start=\"1977\" data-end=\"2095\">\n<p class=\"\" data-start=\"1979\" data-end=\"2095\">Method: Apply in fertilizer holes or bands 1.0 \u2013 1.5 m wide between two rubber rows, when soil moisture is adequate.<\/p>\n<\/li>\n<\/ul>\n<hr class=\"\" data-start=\"2097\" data-end=\"2100\" \/>\n<p class=\"\" data-start=\"2102\" data-end=\"2125\"><strong data-start=\"2102\" data-end=\"2123\">Safety &amp; Storage:<\/strong><\/p>\n<ul data-start=\"2126\" data-end=\"2244\">\n<li class=\"\" data-start=\"2126\" data-end=\"2191\">\n<p class=\"\" data-start=\"2128\" data-end=\"2191\">Store in a dry, well-ventilated place. Avoid direct sunlight.<\/p>\n<\/li>\n<li class=\"\" data-start=\"2192\" data-end=\"2244\">\n<p class=\"\" data-start=\"2194\" data-end=\"2244\">Safety warning: Not hazardous upon direct contact.<\/p>\n<\/li>\n<\/ul>\n<hr class=\"\" data-start=\"2246\" data-end=\"2249\" \/>\n<p class=\"\" data-start=\"2251\" data-end=\"2275\"><strong data-start=\"2251\" data-end=\"2273\">Legal Information:<\/strong><\/p>\n<ul data-start=\"2276\" data-end=\"2429\">\n<li class=\"\" data-start=\"2276\" data-end=\"2302\">\n<p class=\"\" data-start=\"2278\" data-end=\"2302\">Fertilizer code: 10819<\/p>\n<\/li>\n<li class=\"\" data-start=\"2303\" data-end=\"2347\">\n<p class=\"\" data-start=\"2305\" data-end=\"2347\">Fertilizer type: Compound NPK fertilizer<\/p>\n<\/li>\n<li class=\"\" data-start=\"2348\" data-end=\"2388\">\n<p class=\"\" data-start=\"2350\" data-end=\"2388\">Application method: Root application<\/p>\n<\/li>\n<li class=\"\" data-start=\"2389\" data-end=\"2429\">\n<p class=\"\" data-start=\"2391\" data-end=\"2429\">Quality standard number: 20:2018\/TN-TH<\/p>\n<\/li>\n<\/ul>\n","protected":false},"excerpt":{"rendered":"<ul data-start=\"458\" data-end=\"774\">\n<li class=\"\" data-start=\"458\" data-end=\"523\">\n<p class=\"\" data-start=\"460\" data-end=\"523\">Provides complete and balanced essential nutrients for crops.<\/p>\n<\/li>\n<li class=\"\" data-start=\"524\" data-end=\"561\">\n<p class=\"\" data-start=\"526\" data-end=\"561\">Increases crop yield and quality.<\/p>\n<\/li>\n<li class=\"\" data-start=\"562\" data-end=\"643\">\n<p class=\"\" data-start=\"564\" data-end=\"643\">Enhances plant resistance to pests, diseases, and adverse weather conditions.<\/p>\n<\/li>\n<li class=\"\" data-start=\"644\" data-end=\"703\">\n<p class=\"\" data-start=\"646\" data-end=\"703\">Maintains nutrient balance and improves soil fertility.<\/p>\n<\/li>\n<li class=\"\" data-start=\"704\" data-end=\"774\">\n<p class=\"\" data-start=\"706\" data-end=\"774\">Contributes to environmental protection and sustainable development.<\/p>\n<\/li>\n<\/ul>\n","protected":false},"featured_media":17827,"comment_status":"open","ping_status":"closed","template":"","meta":{"_acf_changed":false},"product_brand":[],"product_cat":[136],"product_tag":[],"class_list":{"0":"post-17270","1":"product","2":"type-product","3":"status-publish","4":"has-post-thumbnail","6":"product_cat-high-content-fertilizers","8":"first","9":"instock","10":"shipping-taxable","11":"product-type-simple"},"acf":[],"yoast_head":"<!-- This site is optimized with the Yoast SEO plugin v25.8 - https:\/\/yoast.com\/wordpress\/plugins\/seo\/ -->\n<title>NPK 17-6-17+MNC TI\u1ebeN N\u00d4NG - Ti\u00ean N\u00f4ng Group<\/title>\n<meta name=\"robots\" content=\"index, follow, max-snippet:-1, max-image-preview:large, max-video-preview:-1\" \/>\n<link rel=\"canonical\" href=\"https:\/\/tiennong.vn\/en\/product\/npk-17-6-17mnc-tien-nong\/\" \/>\n<meta property=\"og:locale\" content=\"en_US\" \/>\n<meta property=\"og:type\" content=\"article\" \/>\n<meta property=\"og:title\" content=\"NPK 17-6-17+MNC TI\u1ebeN N\u00d4NG - Ti\u00ean N\u00f4ng Group\" \/>\n<meta property=\"og:description\" content=\"Provides complete and balanced essential nutrients for crops.    Increases crop yield and quality.    Enhances plant resistance to pests, diseases, and adverse weather conditions.    Maintains nutrient balance and improves soil fertility.    Contributes to environmental protection and sustainable development.\" \/>\n<meta property=\"og:url\" content=\"https:\/\/tiennong.vn\/en\/product\/npk-17-6-17mnc-tien-nong\/\" \/>\n<meta property=\"og:site_name\" content=\"Ti\u00ean N\u00f4ng Group\" \/>\n<meta property=\"article:modified_time\" content=\"2025-05-17T09:30:52+00:00\" \/>\n<meta property=\"og:image\" content=\"https:\/\/tiennong.vn\/wp-content\/uploads\/2025\/02\/17.6.17.jpg\" \/>\n\t<meta property=\"og:image:width\" content=\"1664\" \/>\n\t<meta property=\"og:image:height\" content=\"1664\" \/>\n\t<meta property=\"og:image:type\" content=\"image\/jpeg\" \/>\n<meta name=\"twitter:card\" content=\"summary_large_image\" \/>\n<meta name=\"twitter:label1\" content=\"Est. reading time\" \/>\n\t<meta name=\"twitter:data1\" content=\"2 minutes\" \/>\n<script type=\"application\/ld+json\" class=\"yoast-schema-graph\">{\"@context\":\"https:\/\/schema.org\",\"@graph\":[{\"@type\":\"WebPage\",\"@id\":\"https:\/\/tiennong.vn\/en\/product\/npk-17-6-17mnc-tien-nong\/\",\"url\":\"https:\/\/tiennong.vn\/en\/product\/npk-17-6-17mnc-tien-nong\/\",\"name\":\"NPK 17-6-17+MNC TI\u1ebeN N\u00d4NG - Ti\u00ean N\u00f4ng Group\",\"isPartOf\":{\"@id\":\"https:\/\/tiennong.vn\/en\/#website\"},\"primaryImageOfPage\":{\"@id\":\"https:\/\/tiennong.vn\/en\/product\/npk-17-6-17mnc-tien-nong\/#primaryimage\"},\"image\":{\"@id\":\"https:\/\/tiennong.vn\/en\/product\/npk-17-6-17mnc-tien-nong\/#primaryimage\"},\"thumbnailUrl\":\"https:\/\/tiennong.vn\/wp-content\/uploads\/2025\/02\/17.6.17.jpg\",\"datePublished\":\"2025-02-10T08:24:45+00:00\",\"dateModified\":\"2025-05-17T09:30:52+00:00\",\"breadcrumb\":{\"@id\":\"https:\/\/tiennong.vn\/en\/product\/npk-17-6-17mnc-tien-nong\/#breadcrumb\"},\"inLanguage\":\"en-US\",\"potentialAction\":[{\"@type\":\"ReadAction\",\"target\":[\"https:\/\/tiennong.vn\/en\/product\/npk-17-6-17mnc-tien-nong\/\"]}]},{\"@type\":\"ImageObject\",\"inLanguage\":\"en-US\",\"@id\":\"https:\/\/tiennong.vn\/en\/product\/npk-17-6-17mnc-tien-nong\/#primaryimage\",\"url\":\"https:\/\/tiennong.vn\/wp-content\/uploads\/2025\/02\/17.6.17.jpg\",\"contentUrl\":\"https:\/\/tiennong.vn\/wp-content\/uploads\/2025\/02\/17.6.17.jpg\",\"width\":1664,\"height\":1664},{\"@type\":\"BreadcrumbList\",\"@id\":\"https:\/\/tiennong.vn\/en\/product\/npk-17-6-17mnc-tien-nong\/#breadcrumb\",\"itemListElement\":[{\"@type\":\"ListItem\",\"position\":1,\"name\":\"Home\",\"item\":\"https:\/\/tiennong.vn\/en\/\"},{\"@type\":\"ListItem\",\"position\":2,\"name\":\"Shop\",\"item\":\"https:\/\/tiennong.vn\/en\/shop\/\"},{\"@type\":\"ListItem\",\"position\":3,\"name\":\"NPK 17-6-17+MNC TI\u1ebeN N\u00d4NG\"}]},{\"@type\":\"WebSite\",\"@id\":\"https:\/\/tiennong.vn\/en\/#website\",\"url\":\"https:\/\/tiennong.vn\/en\/\",\"name\":\"Ti\u00ean N\u00f4ng Group\",\"description\":\"\",\"potentialAction\":[{\"@type\":\"SearchAction\",\"target\":{\"@type\":\"EntryPoint\",\"urlTemplate\":\"https:\/\/tiennong.vn\/en\/?s={search_term_string}\"},\"query-input\":{\"@type\":\"PropertyValueSpecification\",\"valueRequired\":true,\"valueName\":\"search_term_string\"}}],\"inLanguage\":\"en-US\"}]}<\/script>\n<!-- \/ Yoast SEO plugin. -->","yoast_head_json":{"title":"NPK 17-6-17+MNC TI\u1ebeN N\u00d4NG - Ti\u00ean N\u00f4ng Group","robots":{"index":"index","follow":"follow","max-snippet":"max-snippet:-1","max-image-preview":"max-image-preview:large","max-video-preview":"max-video-preview:-1"},"canonical":"https:\/\/tiennong.vn\/en\/product\/npk-17-6-17mnc-tien-nong\/","og_locale":"en_US","og_type":"article","og_title":"NPK 17-6-17+MNC TI\u1ebeN N\u00d4NG - Ti\u00ean N\u00f4ng Group","og_description":"Provides complete and balanced essential nutrients for crops.    Increases crop yield and quality.    Enhances plant resistance to pests, diseases, and adverse weather conditions.    Maintains nutrient balance and improves soil fertility.    Contributes to environmental protection and sustainable development.","og_url":"https:\/\/tiennong.vn\/en\/product\/npk-17-6-17mnc-tien-nong\/","og_site_name":"Ti\u00ean N\u00f4ng Group","article_modified_time":"2025-05-17T09:30:52+00:00","og_image":[{"width":1664,"height":1664,"url":"https:\/\/tiennong.vn\/wp-content\/uploads\/2025\/02\/17.6.17.jpg","type":"image\/jpeg"}],"twitter_card":"summary_large_image","twitter_misc":{"Est. reading time":"2 minutes"},"schema":{"@context":"https:\/\/schema.org","@graph":[{"@type":"WebPage","@id":"https:\/\/tiennong.vn\/en\/product\/npk-17-6-17mnc-tien-nong\/","url":"https:\/\/tiennong.vn\/en\/product\/npk-17-6-17mnc-tien-nong\/","name":"NPK 17-6-17+MNC TI\u1ebeN N\u00d4NG - Ti\u00ean N\u00f4ng Group","isPartOf":{"@id":"https:\/\/tiennong.vn\/en\/#website"},"primaryImageOfPage":{"@id":"https:\/\/tiennong.vn\/en\/product\/npk-17-6-17mnc-tien-nong\/#primaryimage"},"image":{"@id":"https:\/\/tiennong.vn\/en\/product\/npk-17-6-17mnc-tien-nong\/#primaryimage"},"thumbnailUrl":"https:\/\/tiennong.vn\/wp-content\/uploads\/2025\/02\/17.6.17.jpg","datePublished":"2025-02-10T08:24:45+00:00","dateModified":"2025-05-17T09:30:52+00:00","breadcrumb":{"@id":"https:\/\/tiennong.vn\/en\/product\/npk-17-6-17mnc-tien-nong\/#breadcrumb"},"inLanguage":"en-US","potentialAction":[{"@type":"ReadAction","target":["https:\/\/tiennong.vn\/en\/product\/npk-17-6-17mnc-tien-nong\/"]}]},{"@type":"ImageObject","inLanguage":"en-US","@id":"https:\/\/tiennong.vn\/en\/product\/npk-17-6-17mnc-tien-nong\/#primaryimage","url":"https:\/\/tiennong.vn\/wp-content\/uploads\/2025\/02\/17.6.17.jpg","contentUrl":"https:\/\/tiennong.vn\/wp-content\/uploads\/2025\/02\/17.6.17.jpg","width":1664,"height":1664},{"@type":"BreadcrumbList","@id":"https:\/\/tiennong.vn\/en\/product\/npk-17-6-17mnc-tien-nong\/#breadcrumb","itemListElement":[{"@type":"ListItem","position":1,"name":"Home","item":"https:\/\/tiennong.vn\/en\/"},{"@type":"ListItem","position":2,"name":"Shop","item":"https:\/\/tiennong.vn\/en\/shop\/"},{"@type":"ListItem","position":3,"name":"NPK 17-6-17+MNC TI\u1ebeN N\u00d4NG"}]},{"@type":"WebSite","@id":"https:\/\/tiennong.vn\/en\/#website","url":"https:\/\/tiennong.vn\/en\/","name":"Ti\u00ean N\u00f4ng Group","description":"","potentialAction":[{"@type":"SearchAction","target":{"@type":"EntryPoint","urlTemplate":"https:\/\/tiennong.vn\/en\/?s={search_term_string}"},"query-input":{"@type":"PropertyValueSpecification","valueRequired":true,"valueName":"search_term_string"}}],"inLanguage":"en-US"}]}},"_links":{"self":[{"href":"https:\/\/tiennong.vn\/en\/wp-json\/wp\/v2\/product\/17270","targetHints":{"allow":["GET"]}}],"collection":[{"href":"https:\/\/tiennong.vn\/en\/wp-json\/wp\/v2\/product"}],"about":[{"href":"https:\/\/tiennong.vn\/en\/wp-json\/wp\/v2\/types\/product"}],"replies":[{"embeddable":true,"href":"https:\/\/tiennong.vn\/en\/wp-json\/wp\/v2\/comments?post=17270"}],"wp:featuredmedia":[{"embeddable":true,"href":"https:\/\/tiennong.vn\/en\/wp-json\/wp\/v2\/media\/17827"}],"wp:attachment":[{"href":"https:\/\/tiennong.vn\/en\/wp-json\/wp\/v2\/media?parent=17270"}],"wp:term":[{"taxonomy":"product_brand","embeddable":true,"href":"https:\/\/tiennong.vn\/en\/wp-json\/wp\/v2\/product_brand?post=17270"},{"taxonomy":"product_cat","embeddable":true,"href":"https:\/\/tiennong.vn\/en\/wp-json\/wp\/v2\/product_cat?post=17270"},{"taxonomy":"product_tag","embeddable":true,"href":"https:\/\/tiennong.vn\/en\/wp-json\/wp\/v2\/product_tag?post=17270"}],"curies":[{"name":"wp","href":"https:\/\/api.w.org\/{rel}","templated":true}]}}