











{"id":17272,"date":"2025-02-10T08:23:06","date_gmt":"2025-02-10T08:23:06","guid":{"rendered":"https:\/\/tiennong.vn\/?post_type=product&#038;p=17272"},"modified":"2025-05-17T09:34:35","modified_gmt":"2025-05-17T09:34:35","slug":"npk-20-10-10mnc-tien-nong","status":"publish","type":"product","link":"https:\/\/tiennong.vn\/en\/product\/npk-20-10-10mnc-tien-nong\/","title":{"rendered":"NPK 20-10-10+MNC Ti\u1ebfn N\u00f4ng"},"content":{"rendered":"<p class=\"\" data-start=\"101\" data-end=\"175\"><strong data-start=\"101\" data-end=\"116\">Description<\/strong><br data-start=\"116\" data-end=\"119\" \/><strong data-start=\"119\" data-end=\"142\">Compound Fertilizer<\/strong><br data-start=\"142\" data-end=\"145\" \/><strong data-start=\"145\" data-end=\"175\">NPK 20-10-10+MNC Ti\u1ebfn N\u00f4ng<\/strong><\/p>\n<p class=\"\" data-start=\"177\" data-end=\"217\"><strong data-start=\"177\" data-end=\"215\">Composition (Guaranteed Analysis):<\/strong><\/p>\n<ul data-start=\"218\" data-end=\"437\">\n<li class=\"\" data-start=\"218\" data-end=\"247\">\n<p class=\"\" data-start=\"220\" data-end=\"247\">Total Nitrogen (N\u209cs): 20%<\/p>\n<\/li>\n<li class=\"\" data-start=\"248\" data-end=\"286\">\n<p class=\"\" data-start=\"250\" data-end=\"286\">Available Phosphorus (P\u2082O\u2085hh): 10%<\/p>\n<\/li>\n<li class=\"\" data-start=\"287\" data-end=\"323\">\n<p class=\"\" data-start=\"289\" data-end=\"323\">Available Potassium (K\u2082Ohh): 10%<\/p>\n<\/li>\n<li class=\"\" data-start=\"324\" data-end=\"346\">\n<p class=\"\" data-start=\"326\" data-end=\"346\">Zinc (Zn): 250 ppm<\/p>\n<\/li>\n<li class=\"\" data-start=\"347\" data-end=\"374\">\n<p class=\"\" data-start=\"349\" data-end=\"374\">Manganese (Mn): 100 ppm<\/p>\n<\/li>\n<li class=\"\" data-start=\"375\" data-end=\"399\">\n<p class=\"\" data-start=\"377\" data-end=\"399\">Copper (Cu): 150 ppm<\/p>\n<\/li>\n<li class=\"\" data-start=\"400\" data-end=\"422\">\n<p class=\"\" data-start=\"402\" data-end=\"422\">Boron (B): 100 ppm<\/p>\n<\/li>\n<li class=\"\" data-start=\"423\" data-end=\"437\">\n<p class=\"\" data-start=\"425\" data-end=\"437\">Moisture: 5%<\/p>\n<\/li>\n<\/ul>\n<p class=\"\" data-start=\"439\" data-end=\"453\"><strong data-start=\"439\" data-end=\"451\">Effects:<\/strong><\/p>\n<ul data-start=\"454\" data-end=\"784\">\n<li class=\"\" data-start=\"454\" data-end=\"531\">\n<p class=\"\" data-start=\"456\" data-end=\"531\">Provides a complete and balanced supply of essential nutrients for crops.<\/p>\n<\/li>\n<li class=\"\" data-start=\"532\" data-end=\"569\">\n<p class=\"\" data-start=\"534\" data-end=\"569\">Increases crop yield and quality.<\/p>\n<\/li>\n<li class=\"\" data-start=\"570\" data-end=\"653\">\n<p class=\"\" data-start=\"572\" data-end=\"653\">Enhances plants\u2019 resistance to pests, diseases, and adverse weather conditions.<\/p>\n<\/li>\n<li class=\"\" data-start=\"654\" data-end=\"713\">\n<p class=\"\" data-start=\"656\" data-end=\"713\">Maintains nutrient balance and improves soil fertility.<\/p>\n<\/li>\n<li class=\"\" data-start=\"714\" data-end=\"784\">\n<p class=\"\" data-start=\"716\" data-end=\"784\">Contributes to environmental protection and sustainable development.<\/p>\n<\/li>\n<\/ul>\n<p class=\"\" data-start=\"786\" data-end=\"811\"><strong data-start=\"786\" data-end=\"809\">Usage Instructions:<\/strong><\/p>\n<ol data-start=\"813\" data-end=\"1742\">\n<li class=\"\" data-start=\"813\" data-end=\"1325\">\n<p class=\"\" data-start=\"816\" data-end=\"883\"><strong data-start=\"816\" data-end=\"835\">Perennial crops<\/strong> (Coffee, cocoa, longan, lychee, fruit trees):<\/p>\n<ul data-start=\"887\" data-end=\"1325\">\n<li class=\"\" data-start=\"887\" data-end=\"992\">\n<p class=\"\" data-start=\"889\" data-end=\"992\">Dosage: 0.2 \u2013 1.0 kg\/tree\/application (100 \u2013 150 g\/m\u00b2 canopy), depending on tree age and canopy size.<\/p>\n<\/li>\n<li class=\"\" data-start=\"996\" data-end=\"1140\">\n<p class=\"\" data-start=\"998\" data-end=\"1140\">Timing: Basal application, top dressing during shoot growth, branch nourishment, flower differentiation, and young fruit development stages.<\/p>\n<\/li>\n<li class=\"\" data-start=\"1144\" data-end=\"1325\">\n<p class=\"\" data-start=\"1146\" data-end=\"1325\">Method: Apply fertilizer in alternating trenches from 3\/4 canopy radius to the canopy edge or in holes around the tree; cover with soil and water if soil moisture is insufficient.<\/p>\n<\/li>\n<\/ul>\n<\/li>\n<li class=\"\" data-start=\"1327\" data-end=\"1742\">\n<p class=\"\" data-start=\"1330\" data-end=\"1408\"><strong data-start=\"1330\" data-end=\"1346\">Annual crops<\/strong> (Sugarcane, rice, corn, sweet potato, flowers, vegetables):<\/p>\n<ul data-start=\"1412\" data-end=\"1742\">\n<li class=\"\" data-start=\"1412\" data-end=\"1475\">\n<p class=\"\" data-start=\"1414\" data-end=\"1475\">Dosage: 100 \u2013 300 kg\/ha\/application, depending on the crop.<\/p>\n<\/li>\n<li class=\"\" data-start=\"1479\" data-end=\"1547\">\n<p class=\"\" data-start=\"1481\" data-end=\"1547\">Timing: Basal or top dressing during biomass development stages.<\/p>\n<\/li>\n<li class=\"\" data-start=\"1551\" data-end=\"1742\">\n<p class=\"\" data-start=\"1553\" data-end=\"1742\">Method: Broadcast along rows or at the base of plants combined with weeding and loosening soil, cover fertilizer with soil or broadcast evenly on the field surface combined with irrigation.<\/p>\n<\/li>\n<\/ul>\n<\/li>\n<\/ol>\n<p class=\"\" data-start=\"1744\" data-end=\"1767\"><strong data-start=\"1744\" data-end=\"1765\">Safety &amp; Storage:<\/strong><\/p>\n<ul data-start=\"1768\" data-end=\"1912\">\n<li class=\"\" data-start=\"1768\" data-end=\"1806\">\n<p class=\"\" data-start=\"1770\" data-end=\"1806\">Not hazardous upon direct contact.<\/p>\n<\/li>\n<li class=\"\" data-start=\"1807\" data-end=\"1845\">\n<p class=\"\" data-start=\"1809\" data-end=\"1845\">Non-toxic to humans and livestock.<\/p>\n<\/li>\n<li class=\"\" data-start=\"1846\" data-end=\"1912\">\n<p class=\"\" data-start=\"1848\" data-end=\"1912\">Store in a dry, well-ventilated place away from direct sunlight.<\/p>\n<\/li>\n<\/ul>\n<p class=\"\" data-start=\"1914\" data-end=\"1948\"><strong data-start=\"1914\" data-end=\"1946\">Legal &amp; Quality Information:<\/strong><\/p>\n<ul data-start=\"1949\" data-end=\"2256\">\n<li class=\"\" data-start=\"1949\" data-end=\"1990\">\n<p class=\"\" data-start=\"1951\" data-end=\"1990\">Fertilizer registration number: 10816<\/p>\n<\/li>\n<li class=\"\" data-start=\"1991\" data-end=\"2035\">\n<p class=\"\" data-start=\"1993\" data-end=\"2035\">Fertilizer type: Compound NPK fertilizer<\/p>\n<\/li>\n<li class=\"\" data-start=\"2036\" data-end=\"2076\">\n<p class=\"\" data-start=\"2038\" data-end=\"2076\">Application method: Root application<\/p>\n<\/li>\n<li class=\"\" data-start=\"2077\" data-end=\"2112\">\n<p class=\"\" data-start=\"2079\" data-end=\"2112\">Quality standard: 07:2018\/TN-TH<\/p>\n<\/li>\n<li class=\"\" data-start=\"2113\" data-end=\"2162\">\n<p class=\"\" data-start=\"2115\" data-end=\"2162\">Production date and place: Printed on the bag<\/p>\n<\/li>\n<li class=\"\" data-start=\"2163\" data-end=\"2209\">\n<p class=\"\" data-start=\"2165\" data-end=\"2209\">Shelf life: 36 months from production date<\/p>\n<\/li>\n<li class=\"\" data-start=\"2210\" data-end=\"2256\">\n<p class=\"\" data-start=\"2212\" data-end=\"2256\">Certifications: ISO 14001:2015\u2003ISO 9001:2015<\/p>\n<\/li>\n<\/ul>\n","protected":false},"excerpt":{"rendered":"<ul>\n<li class=\"\" data-start=\"117\" data-end=\"194\">\n<p class=\"\" data-start=\"119\" data-end=\"194\">Provides a complete and balanced supply of essential nutrients for crops.<\/p>\n<\/li>\n<li class=\"\" data-start=\"195\" data-end=\"232\">\n<p class=\"\" data-start=\"197\" data-end=\"232\">Increases crop yield and quality.<\/p>\n<\/li>\n<li class=\"\" data-start=\"233\" data-end=\"316\">\n<p class=\"\" data-start=\"235\" data-end=\"316\">Enhances plants\u2019 resistance to pests, diseases, and adverse weather conditions.<\/p>\n<\/li>\n<li class=\"\" data-start=\"317\" data-end=\"376\">\n<p class=\"\" data-start=\"319\" data-end=\"376\">Maintains nutrient balance and improves soil fertility.<\/p>\n<\/li>\n<li class=\"\" data-start=\"377\" data-end=\"447\">\n<p class=\"\" data-start=\"379\" data-end=\"447\">Contributes to environmental protection and sustainable development.<\/p>\n<\/li>\n<\/ul>\n","protected":false},"featured_media":17829,"comment_status":"open","ping_status":"closed","template":"","meta":{"_acf_changed":false},"product_brand":[],"product_cat":[136],"product_tag":[],"class_list":{"0":"post-17272","1":"product","2":"type-product","3":"status-publish","4":"has-post-thumbnail","6":"product_cat-high-content-fertilizers","8":"first","9":"instock","10":"shipping-taxable","11":"product-type-simple"},"acf":[],"yoast_head":"<!-- This site is optimized with the Yoast SEO plugin v25.8 - https:\/\/yoast.com\/wordpress\/plugins\/seo\/ -->\n<title>NPK 20-10-10+MNC Ti\u1ebfn N\u00f4ng - Ti\u00ean N\u00f4ng Group<\/title>\n<meta name=\"robots\" content=\"index, follow, max-snippet:-1, max-image-preview:large, max-video-preview:-1\" \/>\n<link rel=\"canonical\" href=\"https:\/\/tiennong.vn\/en\/product\/npk-20-10-10mnc-tien-nong\/\" \/>\n<meta property=\"og:locale\" content=\"en_US\" \/>\n<meta property=\"og:type\" content=\"article\" \/>\n<meta property=\"og:title\" content=\"NPK 20-10-10+MNC Ti\u1ebfn N\u00f4ng - Ti\u00ean N\u00f4ng Group\" \/>\n<meta property=\"og:description\" content=\"Provides a complete and balanced supply of essential nutrients for crops.    Increases crop yield and quality.    Enhances plants\u2019 resistance to pests, diseases, and adverse weather conditions.    Maintains nutrient balance and improves soil fertility.    Contributes to environmental protection and sustainable development.\" \/>\n<meta property=\"og:url\" content=\"https:\/\/tiennong.vn\/en\/product\/npk-20-10-10mnc-tien-nong\/\" \/>\n<meta property=\"og:site_name\" content=\"Ti\u00ean N\u00f4ng Group\" \/>\n<meta property=\"article:modified_time\" content=\"2025-05-17T09:34:35+00:00\" \/>\n<meta property=\"og:image\" content=\"https:\/\/tiennong.vn\/wp-content\/uploads\/2025\/02\/20.10.10.jpg\" \/>\n\t<meta property=\"og:image:width\" content=\"1142\" \/>\n\t<meta property=\"og:image:height\" content=\"1142\" \/>\n\t<meta property=\"og:image:type\" content=\"image\/jpeg\" \/>\n<meta name=\"twitter:card\" content=\"summary_large_image\" \/>\n<meta name=\"twitter:label1\" content=\"Est. reading time\" \/>\n\t<meta name=\"twitter:data1\" content=\"2 minutes\" \/>\n<script type=\"application\/ld+json\" class=\"yoast-schema-graph\">{\"@context\":\"https:\/\/schema.org\",\"@graph\":[{\"@type\":\"WebPage\",\"@id\":\"https:\/\/tiennong.vn\/en\/product\/npk-20-10-10mnc-tien-nong\/\",\"url\":\"https:\/\/tiennong.vn\/en\/product\/npk-20-10-10mnc-tien-nong\/\",\"name\":\"NPK 20-10-10+MNC Ti\u1ebfn N\u00f4ng - Ti\u00ean N\u00f4ng Group\",\"isPartOf\":{\"@id\":\"https:\/\/tiennong.vn\/en\/#website\"},\"primaryImageOfPage\":{\"@id\":\"https:\/\/tiennong.vn\/en\/product\/npk-20-10-10mnc-tien-nong\/#primaryimage\"},\"image\":{\"@id\":\"https:\/\/tiennong.vn\/en\/product\/npk-20-10-10mnc-tien-nong\/#primaryimage\"},\"thumbnailUrl\":\"https:\/\/tiennong.vn\/wp-content\/uploads\/2025\/02\/20.10.10.jpg\",\"datePublished\":\"2025-02-10T08:23:06+00:00\",\"dateModified\":\"2025-05-17T09:34:35+00:00\",\"breadcrumb\":{\"@id\":\"https:\/\/tiennong.vn\/en\/product\/npk-20-10-10mnc-tien-nong\/#breadcrumb\"},\"inLanguage\":\"en-US\",\"potentialAction\":[{\"@type\":\"ReadAction\",\"target\":[\"https:\/\/tiennong.vn\/en\/product\/npk-20-10-10mnc-tien-nong\/\"]}]},{\"@type\":\"ImageObject\",\"inLanguage\":\"en-US\",\"@id\":\"https:\/\/tiennong.vn\/en\/product\/npk-20-10-10mnc-tien-nong\/#primaryimage\",\"url\":\"https:\/\/tiennong.vn\/wp-content\/uploads\/2025\/02\/20.10.10.jpg\",\"contentUrl\":\"https:\/\/tiennong.vn\/wp-content\/uploads\/2025\/02\/20.10.10.jpg\",\"width\":1142,\"height\":1142},{\"@type\":\"BreadcrumbList\",\"@id\":\"https:\/\/tiennong.vn\/en\/product\/npk-20-10-10mnc-tien-nong\/#breadcrumb\",\"itemListElement\":[{\"@type\":\"ListItem\",\"position\":1,\"name\":\"Home\",\"item\":\"https:\/\/tiennong.vn\/en\/\"},{\"@type\":\"ListItem\",\"position\":2,\"name\":\"Shop\",\"item\":\"https:\/\/tiennong.vn\/en\/shop\/\"},{\"@type\":\"ListItem\",\"position\":3,\"name\":\"NPK 20-10-10+MNC Ti\u1ebfn N\u00f4ng\"}]},{\"@type\":\"WebSite\",\"@id\":\"https:\/\/tiennong.vn\/en\/#website\",\"url\":\"https:\/\/tiennong.vn\/en\/\",\"name\":\"Ti\u00ean N\u00f4ng Group\",\"description\":\"\",\"potentialAction\":[{\"@type\":\"SearchAction\",\"target\":{\"@type\":\"EntryPoint\",\"urlTemplate\":\"https:\/\/tiennong.vn\/en\/?s={search_term_string}\"},\"query-input\":{\"@type\":\"PropertyValueSpecification\",\"valueRequired\":true,\"valueName\":\"search_term_string\"}}],\"inLanguage\":\"en-US\"}]}<\/script>\n<!-- \/ Yoast SEO plugin. -->","yoast_head_json":{"title":"NPK 20-10-10+MNC Ti\u1ebfn N\u00f4ng - Ti\u00ean N\u00f4ng Group","robots":{"index":"index","follow":"follow","max-snippet":"max-snippet:-1","max-image-preview":"max-image-preview:large","max-video-preview":"max-video-preview:-1"},"canonical":"https:\/\/tiennong.vn\/en\/product\/npk-20-10-10mnc-tien-nong\/","og_locale":"en_US","og_type":"article","og_title":"NPK 20-10-10+MNC Ti\u1ebfn N\u00f4ng - Ti\u00ean N\u00f4ng Group","og_description":"Provides a complete and balanced supply of essential nutrients for crops.    Increases crop yield and quality.    Enhances plants\u2019 resistance to pests, diseases, and adverse weather conditions.    Maintains nutrient balance and improves soil fertility.    Contributes to environmental protection and sustainable development.","og_url":"https:\/\/tiennong.vn\/en\/product\/npk-20-10-10mnc-tien-nong\/","og_site_name":"Ti\u00ean N\u00f4ng Group","article_modified_time":"2025-05-17T09:34:35+00:00","og_image":[{"width":1142,"height":1142,"url":"https:\/\/tiennong.vn\/wp-content\/uploads\/2025\/02\/20.10.10.jpg","type":"image\/jpeg"}],"twitter_card":"summary_large_image","twitter_misc":{"Est. reading time":"2 minutes"},"schema":{"@context":"https:\/\/schema.org","@graph":[{"@type":"WebPage","@id":"https:\/\/tiennong.vn\/en\/product\/npk-20-10-10mnc-tien-nong\/","url":"https:\/\/tiennong.vn\/en\/product\/npk-20-10-10mnc-tien-nong\/","name":"NPK 20-10-10+MNC Ti\u1ebfn N\u00f4ng - Ti\u00ean N\u00f4ng Group","isPartOf":{"@id":"https:\/\/tiennong.vn\/en\/#website"},"primaryImageOfPage":{"@id":"https:\/\/tiennong.vn\/en\/product\/npk-20-10-10mnc-tien-nong\/#primaryimage"},"image":{"@id":"https:\/\/tiennong.vn\/en\/product\/npk-20-10-10mnc-tien-nong\/#primaryimage"},"thumbnailUrl":"https:\/\/tiennong.vn\/wp-content\/uploads\/2025\/02\/20.10.10.jpg","datePublished":"2025-02-10T08:23:06+00:00","dateModified":"2025-05-17T09:34:35+00:00","breadcrumb":{"@id":"https:\/\/tiennong.vn\/en\/product\/npk-20-10-10mnc-tien-nong\/#breadcrumb"},"inLanguage":"en-US","potentialAction":[{"@type":"ReadAction","target":["https:\/\/tiennong.vn\/en\/product\/npk-20-10-10mnc-tien-nong\/"]}]},{"@type":"ImageObject","inLanguage":"en-US","@id":"https:\/\/tiennong.vn\/en\/product\/npk-20-10-10mnc-tien-nong\/#primaryimage","url":"https:\/\/tiennong.vn\/wp-content\/uploads\/2025\/02\/20.10.10.jpg","contentUrl":"https:\/\/tiennong.vn\/wp-content\/uploads\/2025\/02\/20.10.10.jpg","width":1142,"height":1142},{"@type":"BreadcrumbList","@id":"https:\/\/tiennong.vn\/en\/product\/npk-20-10-10mnc-tien-nong\/#breadcrumb","itemListElement":[{"@type":"ListItem","position":1,"name":"Home","item":"https:\/\/tiennong.vn\/en\/"},{"@type":"ListItem","position":2,"name":"Shop","item":"https:\/\/tiennong.vn\/en\/shop\/"},{"@type":"ListItem","position":3,"name":"NPK 20-10-10+MNC Ti\u1ebfn N\u00f4ng"}]},{"@type":"WebSite","@id":"https:\/\/tiennong.vn\/en\/#website","url":"https:\/\/tiennong.vn\/en\/","name":"Ti\u00ean N\u00f4ng Group","description":"","potentialAction":[{"@type":"SearchAction","target":{"@type":"EntryPoint","urlTemplate":"https:\/\/tiennong.vn\/en\/?s={search_term_string}"},"query-input":{"@type":"PropertyValueSpecification","valueRequired":true,"valueName":"search_term_string"}}],"inLanguage":"en-US"}]}},"_links":{"self":[{"href":"https:\/\/tiennong.vn\/en\/wp-json\/wp\/v2\/product\/17272","targetHints":{"allow":["GET"]}}],"collection":[{"href":"https:\/\/tiennong.vn\/en\/wp-json\/wp\/v2\/product"}],"about":[{"href":"https:\/\/tiennong.vn\/en\/wp-json\/wp\/v2\/types\/product"}],"replies":[{"embeddable":true,"href":"https:\/\/tiennong.vn\/en\/wp-json\/wp\/v2\/comments?post=17272"}],"wp:featuredmedia":[{"embeddable":true,"href":"https:\/\/tiennong.vn\/en\/wp-json\/wp\/v2\/media\/17829"}],"wp:attachment":[{"href":"https:\/\/tiennong.vn\/en\/wp-json\/wp\/v2\/media?parent=17272"}],"wp:term":[{"taxonomy":"product_brand","embeddable":true,"href":"https:\/\/tiennong.vn\/en\/wp-json\/wp\/v2\/product_brand?post=17272"},{"taxonomy":"product_cat","embeddable":true,"href":"https:\/\/tiennong.vn\/en\/wp-json\/wp\/v2\/product_cat?post=17272"},{"taxonomy":"product_tag","embeddable":true,"href":"https:\/\/tiennong.vn\/en\/wp-json\/wp\/v2\/product_tag?post=17272"}],"curies":[{"name":"wp","href":"https:\/\/api.w.org\/{rel}","templated":true}]}}