











{"id":17273,"date":"2025-02-10T08:22:12","date_gmt":"2025-02-10T08:22:12","guid":{"rendered":"https:\/\/tiennong.vn\/?post_type=product&#038;p=17273"},"modified":"2025-05-17T09:36:49","modified_gmt":"2025-05-17T09:36:49","slug":"npk-20-5-5-tien-nong","status":"publish","type":"product","link":"https:\/\/tiennong.vn\/en\/product\/npk-20-5-5-tien-nong\/","title":{"rendered":"NPK 20-5-5 Ti\u1ebfn N\u00f4ng"},"content":{"rendered":"<p class=\"\" data-start=\"108\" data-end=\"176\"><strong data-start=\"108\" data-end=\"123\">Description<\/strong><br data-start=\"123\" data-end=\"126\" \/><strong data-start=\"126\" data-end=\"149\">COMPOUND FERTILIZER<\/strong><br data-start=\"149\" data-end=\"152\" \/><strong data-start=\"152\" data-end=\"176\">NPK 20-5-5 Ti\u1ebfn N\u00f4ng<\/strong><\/p>\n<p class=\"\" data-start=\"178\" data-end=\"314\"><strong data-start=\"178\" data-end=\"201\">Guaranteed Analysis<\/strong><br data-start=\"201\" data-end=\"204\" \/>Total Nitrogen (Nts): 20%<br data-start=\"229\" data-end=\"232\" \/>Available Phosphorus (P\u2082O\u2085hh): 5%<br data-start=\"265\" data-end=\"268\" \/>Available Potassium (K\u2082Ohh): 5%<br data-start=\"299\" data-end=\"302\" \/>Moisture: 5%<\/p>\n<p class=\"\" data-start=\"316\" data-end=\"328\"><strong data-start=\"316\" data-end=\"328\">Benefits<\/strong><\/p>\n<ul data-start=\"330\" data-end=\"658\">\n<li class=\"\" data-start=\"330\" data-end=\"407\">\n<p class=\"\" data-start=\"332\" data-end=\"407\">Provides a complete and balanced supply of essential nutrients for crops.<\/p>\n<\/li>\n<li class=\"\" data-start=\"408\" data-end=\"445\">\n<p class=\"\" data-start=\"410\" data-end=\"445\">Increases crop yield and quality.<\/p>\n<\/li>\n<li class=\"\" data-start=\"446\" data-end=\"527\">\n<p class=\"\" data-start=\"448\" data-end=\"527\">Enhances plant resistance to pests, diseases, and adverse weather conditions.<\/p>\n<\/li>\n<li class=\"\" data-start=\"528\" data-end=\"587\">\n<p class=\"\" data-start=\"530\" data-end=\"587\">Maintains nutrient balance and improves soil fertility.<\/p>\n<\/li>\n<li class=\"\" data-start=\"588\" data-end=\"658\">\n<p class=\"\" data-start=\"590\" data-end=\"658\">Contributes to environmental protection and sustainable development.<\/p>\n<\/li>\n<\/ul>\n<p class=\"\" data-start=\"660\" data-end=\"688\"><strong data-start=\"660\" data-end=\"688\">Application Instructions<\/strong><\/p>\n<ol data-start=\"690\" data-end=\"711\">\n<li class=\"\" data-start=\"690\" data-end=\"711\">\n<p class=\"\" data-start=\"693\" data-end=\"711\"><strong data-start=\"693\" data-end=\"709\">Coffee trees<\/strong><\/p>\n<\/li>\n<\/ol>\n<ul data-start=\"712\" data-end=\"901\">\n<li class=\"\" data-start=\"712\" data-end=\"809\">\n<p class=\"\" data-start=\"714\" data-end=\"809\">Dosage: 0.5 &#8211; 0.7 kg\/tree\/time, apply during the dry season (flowering and fruit set stages).<\/p>\n<\/li>\n<li class=\"\" data-start=\"810\" data-end=\"901\">\n<p class=\"\" data-start=\"812\" data-end=\"901\">Method: Dig furrows along the canopy, evenly spread the fertilizer, then cover with soil.<\/p>\n<\/li>\n<\/ul>\n<ol start=\"2\" data-start=\"903\" data-end=\"1009\">\n<li class=\"\" data-start=\"903\" data-end=\"1009\">\n<p class=\"\" data-start=\"906\" data-end=\"1009\"><strong data-start=\"906\" data-end=\"926\">Short-term crops<\/strong> (rice, corn, sugarcane, sweet potatoes, root vegetables, fruits, and vegetables)<\/p>\n<\/li>\n<\/ol>\n<ul data-start=\"1010\" data-end=\"1324\">\n<li class=\"\" data-start=\"1010\" data-end=\"1195\">\n<p class=\"\" data-start=\"1012\" data-end=\"1195\">Dosage: 150 &#8211; 400 kg\/ha, apply as top dressing during the reproductive growth stages (stem elongation, tuber and fruit formation, grain filling), depending on crop type and biomass.<\/p>\n<\/li>\n<li class=\"\" data-start=\"1196\" data-end=\"1324\">\n<p class=\"\" data-start=\"1198\" data-end=\"1324\">Method: Apply evenly along rows or around the base, combined with weeding and soil loosening, then cover fertilizer and water.<\/p>\n<\/li>\n<\/ul>\n<ol start=\"3\" data-start=\"1326\" data-end=\"1425\">\n<li class=\"\" data-start=\"1326\" data-end=\"1425\">\n<p class=\"\" data-start=\"1329\" data-end=\"1425\"><strong data-start=\"1329\" data-end=\"1348\">Perennial crops<\/strong> (cocoa, cashew, pepper, rubber, mango, apple, dragon fruit, guava, citrus)<\/p>\n<\/li>\n<\/ol>\n<ul data-start=\"1426\" data-end=\"1736\">\n<li class=\"\" data-start=\"1426\" data-end=\"1571\">\n<p class=\"\" data-start=\"1428\" data-end=\"1571\">Dosage: 0.4 &#8211; 0.7 kg\/tree\/time (100 &#8211; 150 g\/m\u00b2 canopy), apply as top dressing to nourish fruits or when potassium deficiency symptoms appear.<\/p>\n<\/li>\n<li class=\"\" data-start=\"1572\" data-end=\"1736\">\n<p class=\"\" data-start=\"1574\" data-end=\"1736\">Method: Make staggered furrows from 3\/4 canopy radius to edge or dig holes for fertilizer application, cover with soil and water if soil moisture is insufficient.<\/p>\n<\/li>\n<\/ul>\n<p class=\"\" data-start=\"1738\" data-end=\"1760\"><strong data-start=\"1738\" data-end=\"1760\">Safety and Storage<\/strong><\/p>\n<ul data-start=\"1762\" data-end=\"1904\">\n<li class=\"\" data-start=\"1762\" data-end=\"1798\">\n<p class=\"\" data-start=\"1764\" data-end=\"1798\">Not hazardous on direct contact.<\/p>\n<\/li>\n<li class=\"\" data-start=\"1799\" data-end=\"1837\">\n<p class=\"\" data-start=\"1801\" data-end=\"1837\">Non-toxic to humans and livestock.<\/p>\n<\/li>\n<li class=\"\" data-start=\"1838\" data-end=\"1904\">\n<p class=\"\" data-start=\"1840\" data-end=\"1904\">Store in a dry, well-ventilated place away from direct sunlight.<\/p>\n<\/li>\n<\/ul>\n<hr class=\"\" data-start=\"1906\" data-end=\"1909\" \/>\n<p class=\"\" data-start=\"1911\" data-end=\"2179\"><strong data-start=\"1911\" data-end=\"1931\">Fertilizer code:<\/strong> 10885<br data-start=\"1937\" data-end=\"1940\" \/><strong data-start=\"1940\" data-end=\"1960\">Fertilizer type:<\/strong> Compound NPK fertilizer<br data-start=\"1984\" data-end=\"1987\" \/><strong data-start=\"1987\" data-end=\"2010\">Application method:<\/strong> Root application<br data-start=\"2027\" data-end=\"2030\" \/><strong data-start=\"2030\" data-end=\"2058\">Quality standard number:<\/strong> 13:2018\/TN-TH<br data-start=\"2072\" data-end=\"2075\" \/><strong data-start=\"2075\" data-end=\"2106\">Manufacture date and place:<\/strong> Printed on package<br data-start=\"2125\" data-end=\"2128\" \/><strong data-start=\"2128\" data-end=\"2143\">Shelf life:<\/strong> 36 months from manufacturing date<\/p>\n<p class=\"\" data-start=\"2181\" data-end=\"2210\">ISO 14001:2015\u2003\u2003ISO 9001:2015<\/p>\n","protected":false},"excerpt":{"rendered":"<p class=\"\" data-start=\"104\" data-end=\"204\">Provides a complete and balanced supply of essential nutrients for crops.<\/p>\n<p class=\"\" data-start=\"206\" data-end=\"239\">Increases crop yield and quality.<\/p>\n<p class=\"\" data-start=\"241\" data-end=\"320\">Enhances plants\u2019 resistance to pests, diseases, and adverse weather conditions.<\/p>\n<p class=\"\" data-start=\"322\" data-end=\"377\">Maintains nutrient balance and improves soil fertility.<\/p>\n<p class=\"\" data-start=\"379\" data-end=\"447\">Contributes to environmental protection and sustainable development.<\/p>\n","protected":false},"featured_media":17831,"comment_status":"open","ping_status":"closed","template":"","meta":{"_acf_changed":false},"product_brand":[],"product_cat":[136],"product_tag":[],"class_list":{"0":"post-17273","1":"product","2":"type-product","3":"status-publish","4":"has-post-thumbnail","6":"product_cat-high-content-fertilizers","8":"first","9":"instock","10":"shipping-taxable","11":"product-type-simple"},"acf":[],"yoast_head":"<!-- This site is optimized with the Yoast SEO plugin v25.8 - https:\/\/yoast.com\/wordpress\/plugins\/seo\/ -->\n<title>NPK 20-5-5 Ti\u1ebfn N\u00f4ng - Ti\u00ean N\u00f4ng Group<\/title>\n<meta name=\"robots\" content=\"index, follow, max-snippet:-1, max-image-preview:large, max-video-preview:-1\" \/>\n<link rel=\"canonical\" href=\"https:\/\/tiennong.vn\/en\/product\/npk-20-5-5-tien-nong\/\" \/>\n<meta property=\"og:locale\" content=\"en_US\" \/>\n<meta property=\"og:type\" content=\"article\" \/>\n<meta property=\"og:title\" content=\"NPK 20-5-5 Ti\u1ebfn N\u00f4ng - Ti\u00ean N\u00f4ng Group\" \/>\n<meta property=\"og:description\" content=\"Provides a complete and balanced supply of essential nutrients for crops. Increases crop yield and quality. Enhances plants\u2019 resistance to pests, diseases, and adverse weather conditions. Maintains nutrient balance and improves soil fertility. Contributes to environmental protection and sustainable development.\" \/>\n<meta property=\"og:url\" content=\"https:\/\/tiennong.vn\/en\/product\/npk-20-5-5-tien-nong\/\" \/>\n<meta property=\"og:site_name\" content=\"Ti\u00ean N\u00f4ng Group\" \/>\n<meta property=\"article:modified_time\" content=\"2025-05-17T09:36:49+00:00\" \/>\n<meta property=\"og:image\" content=\"https:\/\/tiennong.vn\/wp-content\/uploads\/2025\/02\/20.5.5.jpg\" \/>\n\t<meta property=\"og:image:width\" content=\"1630\" \/>\n\t<meta property=\"og:image:height\" content=\"1630\" \/>\n\t<meta property=\"og:image:type\" content=\"image\/jpeg\" \/>\n<meta name=\"twitter:card\" content=\"summary_large_image\" \/>\n<meta name=\"twitter:label1\" content=\"Est. reading time\" \/>\n\t<meta name=\"twitter:data1\" content=\"2 minutes\" \/>\n<script type=\"application\/ld+json\" class=\"yoast-schema-graph\">{\"@context\":\"https:\/\/schema.org\",\"@graph\":[{\"@type\":\"WebPage\",\"@id\":\"https:\/\/tiennong.vn\/en\/product\/npk-20-5-5-tien-nong\/\",\"url\":\"https:\/\/tiennong.vn\/en\/product\/npk-20-5-5-tien-nong\/\",\"name\":\"NPK 20-5-5 Ti\u1ebfn N\u00f4ng - Ti\u00ean N\u00f4ng Group\",\"isPartOf\":{\"@id\":\"https:\/\/tiennong.vn\/en\/#website\"},\"primaryImageOfPage\":{\"@id\":\"https:\/\/tiennong.vn\/en\/product\/npk-20-5-5-tien-nong\/#primaryimage\"},\"image\":{\"@id\":\"https:\/\/tiennong.vn\/en\/product\/npk-20-5-5-tien-nong\/#primaryimage\"},\"thumbnailUrl\":\"https:\/\/tiennong.vn\/wp-content\/uploads\/2025\/02\/20.5.5.jpg\",\"datePublished\":\"2025-02-10T08:22:12+00:00\",\"dateModified\":\"2025-05-17T09:36:49+00:00\",\"breadcrumb\":{\"@id\":\"https:\/\/tiennong.vn\/en\/product\/npk-20-5-5-tien-nong\/#breadcrumb\"},\"inLanguage\":\"en-US\",\"potentialAction\":[{\"@type\":\"ReadAction\",\"target\":[\"https:\/\/tiennong.vn\/en\/product\/npk-20-5-5-tien-nong\/\"]}]},{\"@type\":\"ImageObject\",\"inLanguage\":\"en-US\",\"@id\":\"https:\/\/tiennong.vn\/en\/product\/npk-20-5-5-tien-nong\/#primaryimage\",\"url\":\"https:\/\/tiennong.vn\/wp-content\/uploads\/2025\/02\/20.5.5.jpg\",\"contentUrl\":\"https:\/\/tiennong.vn\/wp-content\/uploads\/2025\/02\/20.5.5.jpg\",\"width\":1630,\"height\":1630},{\"@type\":\"BreadcrumbList\",\"@id\":\"https:\/\/tiennong.vn\/en\/product\/npk-20-5-5-tien-nong\/#breadcrumb\",\"itemListElement\":[{\"@type\":\"ListItem\",\"position\":1,\"name\":\"Home\",\"item\":\"https:\/\/tiennong.vn\/en\/\"},{\"@type\":\"ListItem\",\"position\":2,\"name\":\"Shop\",\"item\":\"https:\/\/tiennong.vn\/en\/shop\/\"},{\"@type\":\"ListItem\",\"position\":3,\"name\":\"NPK 20-5-5 Ti\u1ebfn N\u00f4ng\"}]},{\"@type\":\"WebSite\",\"@id\":\"https:\/\/tiennong.vn\/en\/#website\",\"url\":\"https:\/\/tiennong.vn\/en\/\",\"name\":\"Ti\u00ean N\u00f4ng Group\",\"description\":\"\",\"potentialAction\":[{\"@type\":\"SearchAction\",\"target\":{\"@type\":\"EntryPoint\",\"urlTemplate\":\"https:\/\/tiennong.vn\/en\/?s={search_term_string}\"},\"query-input\":{\"@type\":\"PropertyValueSpecification\",\"valueRequired\":true,\"valueName\":\"search_term_string\"}}],\"inLanguage\":\"en-US\"}]}<\/script>\n<!-- \/ Yoast SEO plugin. -->","yoast_head_json":{"title":"NPK 20-5-5 Ti\u1ebfn N\u00f4ng - Ti\u00ean N\u00f4ng Group","robots":{"index":"index","follow":"follow","max-snippet":"max-snippet:-1","max-image-preview":"max-image-preview:large","max-video-preview":"max-video-preview:-1"},"canonical":"https:\/\/tiennong.vn\/en\/product\/npk-20-5-5-tien-nong\/","og_locale":"en_US","og_type":"article","og_title":"NPK 20-5-5 Ti\u1ebfn N\u00f4ng - Ti\u00ean N\u00f4ng Group","og_description":"Provides a complete and balanced supply of essential nutrients for crops. Increases crop yield and quality. Enhances plants\u2019 resistance to pests, diseases, and adverse weather conditions. Maintains nutrient balance and improves soil fertility. Contributes to environmental protection and sustainable development.","og_url":"https:\/\/tiennong.vn\/en\/product\/npk-20-5-5-tien-nong\/","og_site_name":"Ti\u00ean N\u00f4ng Group","article_modified_time":"2025-05-17T09:36:49+00:00","og_image":[{"width":1630,"height":1630,"url":"https:\/\/tiennong.vn\/wp-content\/uploads\/2025\/02\/20.5.5.jpg","type":"image\/jpeg"}],"twitter_card":"summary_large_image","twitter_misc":{"Est. reading time":"2 minutes"},"schema":{"@context":"https:\/\/schema.org","@graph":[{"@type":"WebPage","@id":"https:\/\/tiennong.vn\/en\/product\/npk-20-5-5-tien-nong\/","url":"https:\/\/tiennong.vn\/en\/product\/npk-20-5-5-tien-nong\/","name":"NPK 20-5-5 Ti\u1ebfn N\u00f4ng - Ti\u00ean N\u00f4ng Group","isPartOf":{"@id":"https:\/\/tiennong.vn\/en\/#website"},"primaryImageOfPage":{"@id":"https:\/\/tiennong.vn\/en\/product\/npk-20-5-5-tien-nong\/#primaryimage"},"image":{"@id":"https:\/\/tiennong.vn\/en\/product\/npk-20-5-5-tien-nong\/#primaryimage"},"thumbnailUrl":"https:\/\/tiennong.vn\/wp-content\/uploads\/2025\/02\/20.5.5.jpg","datePublished":"2025-02-10T08:22:12+00:00","dateModified":"2025-05-17T09:36:49+00:00","breadcrumb":{"@id":"https:\/\/tiennong.vn\/en\/product\/npk-20-5-5-tien-nong\/#breadcrumb"},"inLanguage":"en-US","potentialAction":[{"@type":"ReadAction","target":["https:\/\/tiennong.vn\/en\/product\/npk-20-5-5-tien-nong\/"]}]},{"@type":"ImageObject","inLanguage":"en-US","@id":"https:\/\/tiennong.vn\/en\/product\/npk-20-5-5-tien-nong\/#primaryimage","url":"https:\/\/tiennong.vn\/wp-content\/uploads\/2025\/02\/20.5.5.jpg","contentUrl":"https:\/\/tiennong.vn\/wp-content\/uploads\/2025\/02\/20.5.5.jpg","width":1630,"height":1630},{"@type":"BreadcrumbList","@id":"https:\/\/tiennong.vn\/en\/product\/npk-20-5-5-tien-nong\/#breadcrumb","itemListElement":[{"@type":"ListItem","position":1,"name":"Home","item":"https:\/\/tiennong.vn\/en\/"},{"@type":"ListItem","position":2,"name":"Shop","item":"https:\/\/tiennong.vn\/en\/shop\/"},{"@type":"ListItem","position":3,"name":"NPK 20-5-5 Ti\u1ebfn N\u00f4ng"}]},{"@type":"WebSite","@id":"https:\/\/tiennong.vn\/en\/#website","url":"https:\/\/tiennong.vn\/en\/","name":"Ti\u00ean N\u00f4ng Group","description":"","potentialAction":[{"@type":"SearchAction","target":{"@type":"EntryPoint","urlTemplate":"https:\/\/tiennong.vn\/en\/?s={search_term_string}"},"query-input":{"@type":"PropertyValueSpecification","valueRequired":true,"valueName":"search_term_string"}}],"inLanguage":"en-US"}]}},"_links":{"self":[{"href":"https:\/\/tiennong.vn\/en\/wp-json\/wp\/v2\/product\/17273","targetHints":{"allow":["GET"]}}],"collection":[{"href":"https:\/\/tiennong.vn\/en\/wp-json\/wp\/v2\/product"}],"about":[{"href":"https:\/\/tiennong.vn\/en\/wp-json\/wp\/v2\/types\/product"}],"replies":[{"embeddable":true,"href":"https:\/\/tiennong.vn\/en\/wp-json\/wp\/v2\/comments?post=17273"}],"wp:featuredmedia":[{"embeddable":true,"href":"https:\/\/tiennong.vn\/en\/wp-json\/wp\/v2\/media\/17831"}],"wp:attachment":[{"href":"https:\/\/tiennong.vn\/en\/wp-json\/wp\/v2\/media?parent=17273"}],"wp:term":[{"taxonomy":"product_brand","embeddable":true,"href":"https:\/\/tiennong.vn\/en\/wp-json\/wp\/v2\/product_brand?post=17273"},{"taxonomy":"product_cat","embeddable":true,"href":"https:\/\/tiennong.vn\/en\/wp-json\/wp\/v2\/product_cat?post=17273"},{"taxonomy":"product_tag","embeddable":true,"href":"https:\/\/tiennong.vn\/en\/wp-json\/wp\/v2\/product_tag?post=17273"}],"curies":[{"name":"wp","href":"https:\/\/api.w.org\/{rel}","templated":true}]}}