











{"id":17995,"date":"2025-11-04T02:20:53","date_gmt":"2025-11-04T02:20:53","guid":{"rendered":"https:\/\/tiennong.vn\/?post_type=product&#038;p=17995"},"modified":"2025-11-04T02:43:30","modified_gmt":"2025-11-04T02:43:30","slug":"npk-6-9-31sio%e2%82%82%e2%82%95%e2%82%95-tien-nong","status":"publish","type":"product","link":"https:\/\/tiennong.vn\/en\/product\/npk-6-9-31sio%e2%82%82%e2%82%95%e2%82%95-tien-nong\/","title":{"rendered":"NPK 6-9-3+1SiO\u2082\u2095\u2095 Ti\u1ebfn N\u00f4ng"},"content":{"rendered":"<p data-start=\"146\" data-end=\"207\"><strong data-start=\"146\" data-end=\"169\">COMPOUND FERTILIZER<\/strong><br data-start=\"169\" data-end=\"172\" \/><strong data-start=\"172\" data-end=\"207\">NPK 6-9-3 + 3SiO\u2082hh \u2013 TIEN NONG<\/strong><\/p>\n<hr data-start=\"209\" data-end=\"212\" \/>\n<h3 data-start=\"214\" data-end=\"244\">QUANTITATIVE COMPOSITION<\/h3>\n<p data-start=\"245\" data-end=\"271\"><img fetchpriority=\"high\" decoding=\"async\" class=\"alignnone wp-image-17994\" src=\"https:\/\/tiennong.vn\/wp-content\/uploads\/2025\/11\/dinh-duong-6-9-3-300x75.png\" alt=\"\" width=\"1052\" height=\"263\" srcset=\"https:\/\/tiennong.vn\/wp-content\/uploads\/2025\/11\/dinh-duong-6-9-3-300x75.png 300w, https:\/\/tiennong.vn\/wp-content\/uploads\/2025\/11\/dinh-duong-6-9-3-768x193.png 768w, https:\/\/tiennong.vn\/wp-content\/uploads\/2025\/11\/dinh-duong-6-9-3-600x151.png 600w, https:\/\/tiennong.vn\/wp-content\/uploads\/2025\/11\/dinh-duong-6-9-3.png 955w\" sizes=\"(max-width: 1052px) 100vw, 1052px\" \/><\/p>\n<hr data-start=\"273\" data-end=\"276\" \/>\n<h3 data-start=\"278\" data-end=\"293\">FUNCTIONS<\/h3>\n<ul data-start=\"294\" data-end=\"615\">\n<li data-start=\"294\" data-end=\"361\">\n<p data-start=\"296\" data-end=\"361\">Provides sufficient and balanced essential nutrients for crops.<\/p>\n<\/li>\n<li data-start=\"362\" data-end=\"407\">\n<p data-start=\"364\" data-end=\"407\">Increases crop yield and product quality.<\/p>\n<\/li>\n<li data-start=\"408\" data-end=\"484\">\n<p data-start=\"410\" data-end=\"484\">Enhances plants\u2019 resistance to pests and unfavorable weather conditions.<\/p>\n<\/li>\n<li data-start=\"485\" data-end=\"544\">\n<p data-start=\"487\" data-end=\"544\">Maintains nutrient balance and improves soil fertility.<\/p>\n<\/li>\n<li data-start=\"545\" data-end=\"615\">\n<p data-start=\"547\" data-end=\"615\">Contributes to environmental protection and sustainable agriculture.<\/p>\n<\/li>\n<\/ul>\n<hr data-start=\"617\" data-end=\"620\" \/>\n<h3 data-start=\"622\" data-end=\"646\">DIRECTIONS FOR USE<\/h3>\n<p data-start=\"648\" data-end=\"733\"><strong data-start=\"648\" data-end=\"671\">1. Short-term crops<\/strong> <em data-start=\"672\" data-end=\"731\">(rice, maize, sweet potatoes, beans, peanuts, vegetables)<\/em><\/p>\n<ul data-start=\"734\" data-end=\"1100\">\n<li data-start=\"734\" data-end=\"780\">\n<p data-start=\"736\" data-end=\"780\"><strong data-start=\"736\" data-end=\"747\">Dosage:<\/strong> 500\u2013700 kg\/ha per application.<\/p>\n<\/li>\n<li data-start=\"781\" data-end=\"906\">\n<p data-start=\"783\" data-end=\"906\"><strong data-start=\"783\" data-end=\"806\">Application period:<\/strong> Use for basal fertilization or the first top dressing (10\u201320 days after sowing or transplanting).<\/p>\n<\/li>\n<li data-start=\"907\" data-end=\"1100\">\n<p data-start=\"909\" data-end=\"1100\"><strong data-start=\"909\" data-end=\"932\">Application method:<\/strong> Apply along rows or around plant bases, combined with weeding, loosening soil, and covering fertilizer; or broadcast evenly over the field surface and water afterward.<\/p>\n<\/li>\n<\/ul>\n<p data-start=\"1102\" data-end=\"1228\"><strong data-start=\"1102\" data-end=\"1124\">2. Perennial crops<\/strong> <em data-start=\"1125\" data-end=\"1226\">(coffee, cocoa, cashew, pepper, dragon fruit, orange, pomelo, custard apple, jujube, apricot, plum)<\/em><\/p>\n<ul data-start=\"1229\" data-end=\"1785\">\n<li data-start=\"1229\" data-end=\"1410\">\n<p data-start=\"1231\" data-end=\"1410\"><strong data-start=\"1231\" data-end=\"1266\">During the establishment stage:<\/strong> 0.3\u20130.6 kg\/tree\/application (equivalent to 150\u2013250 g\/m\u00b2 canopy area), 2\u20133 times\/year \u2014 at the beginning, middle, and end of the rainy season.<\/p>\n<\/li>\n<li data-start=\"1411\" data-end=\"1590\">\n<p data-start=\"1413\" data-end=\"1590\"><strong data-start=\"1413\" data-end=\"1445\">During the productive stage:<\/strong> 0.5\u20132.0 kg\/tree\/application (150\u2013250 g\/m\u00b2 canopy area), apply after harvest for recovery, or during budding and flower differentiation stages.<\/p>\n<\/li>\n<li data-start=\"1591\" data-end=\"1785\">\n<p data-start=\"1593\" data-end=\"1785\"><strong data-start=\"1593\" data-end=\"1616\">Application method:<\/strong> Dig alternating trenches about \u00be of the canopy radius toward the drip line or around the planting hole, cover with soil, and water if the soil moisture is insufficient.<\/p>\n<\/li>\n<\/ul>\n<hr data-start=\"1787\" data-end=\"1790\" \/>\n<h3 data-start=\"1792\" data-end=\"1827\">SAFETY &amp; STORAGE INSTRUCTIONS<\/h3>\n<ul data-start=\"1828\" data-end=\"1951\">\n<li data-start=\"1828\" data-end=\"1866\">\n<p data-start=\"1830\" data-end=\"1866\">Not hazardous upon direct contact.<\/p>\n<\/li>\n<li data-start=\"1867\" data-end=\"1905\">\n<p data-start=\"1869\" data-end=\"1905\">Non-toxic to humans and livestock.<\/p>\n<\/li>\n<li data-start=\"1906\" data-end=\"1951\">\n<p data-start=\"1908\" data-end=\"1951\">Store in a dry, cool, and ventilated place.<\/p>\n<\/li>\n<\/ul>\n<hr data-start=\"1953\" data-end=\"1956\" \/>\n<p data-start=\"1958\" data-end=\"2208\"><strong data-start=\"1958\" data-end=\"1978\">Fertilizer code:<\/strong> 10807<br data-start=\"1984\" data-end=\"1987\" \/><strong data-start=\"1987\" data-end=\"1996\">Type:<\/strong> Compound NPK fertilizer<br data-start=\"2020\" data-end=\"2023\" \/><strong data-start=\"2023\" data-end=\"2046\">Application method:<\/strong> For root fertilization<br data-start=\"2069\" data-end=\"2072\" \/><strong data-start=\"2072\" data-end=\"2085\">TCCS No.:<\/strong> 77:2018\/TN-TH<br data-start=\"2099\" data-end=\"2102\" \/><strong data-start=\"2102\" data-end=\"2133\">Manufacturing date &amp; place:<\/strong> Printed on packaging<br data-start=\"2154\" data-end=\"2157\" \/><strong data-start=\"2157\" data-end=\"2172\">Shelf life:<\/strong> 36 months<br data-start=\"2182\" data-end=\"2185\" \/><strong data-start=\"2185\" data-end=\"2200\">Net weight:<\/strong> 25 kg<\/p>\n<p data-start=\"2210\" data-end=\"2243\"><strong data-start=\"2210\" data-end=\"2243\">ISO 14001:2015\u2003\u2003ISO 9001:2015<\/strong><\/p>\n","protected":false},"excerpt":{"rendered":"<ul data-start=\"294\" data-end=\"615\">\n<li data-start=\"294\" data-end=\"361\">\n<p data-start=\"296\" data-end=\"361\">Provides sufficient and balanced essential nutrients for crops.<\/p>\n<\/li>\n<li data-start=\"362\" data-end=\"407\">\n<p data-start=\"364\" data-end=\"407\">Increases crop yield and product quality.<\/p>\n<\/li>\n<li data-start=\"408\" data-end=\"484\">\n<p data-start=\"410\" data-end=\"484\">Enhances plants\u2019 resistance to pests and unfavorable weather conditions.<\/p>\n<\/li>\n<li data-start=\"485\" data-end=\"544\">\n<p data-start=\"487\" data-end=\"544\">Maintains nutrient balance and improves soil fertility.<\/p>\n<\/li>\n<li data-start=\"545\" data-end=\"615\">\n<p data-start=\"547\" data-end=\"615\">Contributes to environmental protection and sustainable agriculture.<\/p>\n<\/li>\n<\/ul>\n","protected":false},"featured_media":17987,"comment_status":"open","ping_status":"closed","template":"","meta":{"_acf_changed":false},"product_brand":[],"product_cat":[134],"product_tag":[],"class_list":{"0":"post-17995","1":"product","2":"type-product","3":"status-publish","4":"has-post-thumbnail","6":"product_cat-multipurpose-fertilizers","8":"first","9":"instock","10":"shipping-taxable","11":"product-type-simple"},"acf":[],"yoast_head":"<!-- This site is optimized with the Yoast SEO plugin v25.8 - https:\/\/yoast.com\/wordpress\/plugins\/seo\/ -->\n<title>NPK 6-9-3+1SiO\u2082\u2095\u2095 Ti\u1ebfn N\u00f4ng - Ti\u00ean N\u00f4ng Group<\/title>\n<meta name=\"robots\" content=\"index, follow, max-snippet:-1, max-image-preview:large, max-video-preview:-1\" \/>\n<link rel=\"canonical\" href=\"https:\/\/tiennong.vn\/en\/product\/npk-6-9-31sio%e2%82%82%e2%82%95%e2%82%95-tien-nong\/\" \/>\n<meta property=\"og:locale\" content=\"en_US\" \/>\n<meta property=\"og:type\" content=\"article\" \/>\n<meta property=\"og:title\" content=\"NPK 6-9-3+1SiO\u2082\u2095\u2095 Ti\u1ebfn N\u00f4ng - Ti\u00ean N\u00f4ng Group\" \/>\n<meta property=\"og:description\" content=\"Provides sufficient and balanced essential nutrients for crops.    Increases crop yield and product quality.    Enhances plants\u2019 resistance to pests and unfavorable weather conditions.    Maintains nutrient balance and improves soil fertility.    Contributes to environmental protection and sustainable agriculture.\" \/>\n<meta property=\"og:url\" content=\"https:\/\/tiennong.vn\/en\/product\/npk-6-9-31sio%e2%82%82%e2%82%95%e2%82%95-tien-nong\/\" \/>\n<meta property=\"og:site_name\" content=\"Ti\u00ean N\u00f4ng Group\" \/>\n<meta property=\"article:modified_time\" content=\"2025-11-04T02:43:30+00:00\" \/>\n<meta property=\"og:image\" content=\"https:\/\/tiennong.vn\/wp-content\/uploads\/2025\/11\/6-9-3.jpg\" \/>\n\t<meta property=\"og:image:width\" content=\"1585\" \/>\n\t<meta property=\"og:image:height\" content=\"1559\" \/>\n\t<meta property=\"og:image:type\" content=\"image\/jpeg\" \/>\n<meta name=\"twitter:card\" content=\"summary_large_image\" \/>\n<meta name=\"twitter:label1\" content=\"Est. reading time\" \/>\n\t<meta name=\"twitter:data1\" content=\"2 minutes\" \/>\n<script type=\"application\/ld+json\" class=\"yoast-schema-graph\">{\"@context\":\"https:\/\/schema.org\",\"@graph\":[{\"@type\":\"WebPage\",\"@id\":\"https:\/\/tiennong.vn\/en\/product\/npk-6-9-31sio%e2%82%82%e2%82%95%e2%82%95-tien-nong\/\",\"url\":\"https:\/\/tiennong.vn\/en\/product\/npk-6-9-31sio%e2%82%82%e2%82%95%e2%82%95-tien-nong\/\",\"name\":\"NPK 6-9-3+1SiO\u2082\u2095\u2095 Ti\u1ebfn N\u00f4ng - Ti\u00ean N\u00f4ng Group\",\"isPartOf\":{\"@id\":\"https:\/\/tiennong.vn\/en\/#website\"},\"primaryImageOfPage\":{\"@id\":\"https:\/\/tiennong.vn\/en\/product\/npk-6-9-31sio%e2%82%82%e2%82%95%e2%82%95-tien-nong\/#primaryimage\"},\"image\":{\"@id\":\"https:\/\/tiennong.vn\/en\/product\/npk-6-9-31sio%e2%82%82%e2%82%95%e2%82%95-tien-nong\/#primaryimage\"},\"thumbnailUrl\":\"https:\/\/tiennong.vn\/wp-content\/uploads\/2025\/11\/6-9-3.jpg\",\"datePublished\":\"2025-11-04T02:20:53+00:00\",\"dateModified\":\"2025-11-04T02:43:30+00:00\",\"breadcrumb\":{\"@id\":\"https:\/\/tiennong.vn\/en\/product\/npk-6-9-31sio%e2%82%82%e2%82%95%e2%82%95-tien-nong\/#breadcrumb\"},\"inLanguage\":\"en-US\",\"potentialAction\":[{\"@type\":\"ReadAction\",\"target\":[\"https:\/\/tiennong.vn\/en\/product\/npk-6-9-31sio%e2%82%82%e2%82%95%e2%82%95-tien-nong\/\"]}]},{\"@type\":\"ImageObject\",\"inLanguage\":\"en-US\",\"@id\":\"https:\/\/tiennong.vn\/en\/product\/npk-6-9-31sio%e2%82%82%e2%82%95%e2%82%95-tien-nong\/#primaryimage\",\"url\":\"https:\/\/tiennong.vn\/wp-content\/uploads\/2025\/11\/6-9-3.jpg\",\"contentUrl\":\"https:\/\/tiennong.vn\/wp-content\/uploads\/2025\/11\/6-9-3.jpg\",\"width\":1585,\"height\":1559},{\"@type\":\"BreadcrumbList\",\"@id\":\"https:\/\/tiennong.vn\/en\/product\/npk-6-9-31sio%e2%82%82%e2%82%95%e2%82%95-tien-nong\/#breadcrumb\",\"itemListElement\":[{\"@type\":\"ListItem\",\"position\":1,\"name\":\"Home\",\"item\":\"https:\/\/tiennong.vn\/en\/\"},{\"@type\":\"ListItem\",\"position\":2,\"name\":\"Shop\",\"item\":\"https:\/\/tiennong.vn\/en\/shop\/\"},{\"@type\":\"ListItem\",\"position\":3,\"name\":\"NPK 6-9-3+1SiO\u2082\u2095\u2095 Ti\u1ebfn N\u00f4ng\"}]},{\"@type\":\"WebSite\",\"@id\":\"https:\/\/tiennong.vn\/en\/#website\",\"url\":\"https:\/\/tiennong.vn\/en\/\",\"name\":\"Ti\u00ean N\u00f4ng Group\",\"description\":\"\",\"potentialAction\":[{\"@type\":\"SearchAction\",\"target\":{\"@type\":\"EntryPoint\",\"urlTemplate\":\"https:\/\/tiennong.vn\/en\/?s={search_term_string}\"},\"query-input\":{\"@type\":\"PropertyValueSpecification\",\"valueRequired\":true,\"valueName\":\"search_term_string\"}}],\"inLanguage\":\"en-US\"}]}<\/script>\n<!-- \/ Yoast SEO plugin. -->","yoast_head_json":{"title":"NPK 6-9-3+1SiO\u2082\u2095\u2095 Ti\u1ebfn N\u00f4ng - Ti\u00ean N\u00f4ng Group","robots":{"index":"index","follow":"follow","max-snippet":"max-snippet:-1","max-image-preview":"max-image-preview:large","max-video-preview":"max-video-preview:-1"},"canonical":"https:\/\/tiennong.vn\/en\/product\/npk-6-9-31sio%e2%82%82%e2%82%95%e2%82%95-tien-nong\/","og_locale":"en_US","og_type":"article","og_title":"NPK 6-9-3+1SiO\u2082\u2095\u2095 Ti\u1ebfn N\u00f4ng - Ti\u00ean N\u00f4ng Group","og_description":"Provides sufficient and balanced essential nutrients for crops.    Increases crop yield and product quality.    Enhances plants\u2019 resistance to pests and unfavorable weather conditions.    Maintains nutrient balance and improves soil fertility.    Contributes to environmental protection and sustainable agriculture.","og_url":"https:\/\/tiennong.vn\/en\/product\/npk-6-9-31sio%e2%82%82%e2%82%95%e2%82%95-tien-nong\/","og_site_name":"Ti\u00ean N\u00f4ng Group","article_modified_time":"2025-11-04T02:43:30+00:00","og_image":[{"width":1585,"height":1559,"url":"https:\/\/tiennong.vn\/wp-content\/uploads\/2025\/11\/6-9-3.jpg","type":"image\/jpeg"}],"twitter_card":"summary_large_image","twitter_misc":{"Est. reading time":"2 minutes"},"schema":{"@context":"https:\/\/schema.org","@graph":[{"@type":"WebPage","@id":"https:\/\/tiennong.vn\/en\/product\/npk-6-9-31sio%e2%82%82%e2%82%95%e2%82%95-tien-nong\/","url":"https:\/\/tiennong.vn\/en\/product\/npk-6-9-31sio%e2%82%82%e2%82%95%e2%82%95-tien-nong\/","name":"NPK 6-9-3+1SiO\u2082\u2095\u2095 Ti\u1ebfn N\u00f4ng - Ti\u00ean N\u00f4ng Group","isPartOf":{"@id":"https:\/\/tiennong.vn\/en\/#website"},"primaryImageOfPage":{"@id":"https:\/\/tiennong.vn\/en\/product\/npk-6-9-31sio%e2%82%82%e2%82%95%e2%82%95-tien-nong\/#primaryimage"},"image":{"@id":"https:\/\/tiennong.vn\/en\/product\/npk-6-9-31sio%e2%82%82%e2%82%95%e2%82%95-tien-nong\/#primaryimage"},"thumbnailUrl":"https:\/\/tiennong.vn\/wp-content\/uploads\/2025\/11\/6-9-3.jpg","datePublished":"2025-11-04T02:20:53+00:00","dateModified":"2025-11-04T02:43:30+00:00","breadcrumb":{"@id":"https:\/\/tiennong.vn\/en\/product\/npk-6-9-31sio%e2%82%82%e2%82%95%e2%82%95-tien-nong\/#breadcrumb"},"inLanguage":"en-US","potentialAction":[{"@type":"ReadAction","target":["https:\/\/tiennong.vn\/en\/product\/npk-6-9-31sio%e2%82%82%e2%82%95%e2%82%95-tien-nong\/"]}]},{"@type":"ImageObject","inLanguage":"en-US","@id":"https:\/\/tiennong.vn\/en\/product\/npk-6-9-31sio%e2%82%82%e2%82%95%e2%82%95-tien-nong\/#primaryimage","url":"https:\/\/tiennong.vn\/wp-content\/uploads\/2025\/11\/6-9-3.jpg","contentUrl":"https:\/\/tiennong.vn\/wp-content\/uploads\/2025\/11\/6-9-3.jpg","width":1585,"height":1559},{"@type":"BreadcrumbList","@id":"https:\/\/tiennong.vn\/en\/product\/npk-6-9-31sio%e2%82%82%e2%82%95%e2%82%95-tien-nong\/#breadcrumb","itemListElement":[{"@type":"ListItem","position":1,"name":"Home","item":"https:\/\/tiennong.vn\/en\/"},{"@type":"ListItem","position":2,"name":"Shop","item":"https:\/\/tiennong.vn\/en\/shop\/"},{"@type":"ListItem","position":3,"name":"NPK 6-9-3+1SiO\u2082\u2095\u2095 Ti\u1ebfn N\u00f4ng"}]},{"@type":"WebSite","@id":"https:\/\/tiennong.vn\/en\/#website","url":"https:\/\/tiennong.vn\/en\/","name":"Ti\u00ean N\u00f4ng Group","description":"","potentialAction":[{"@type":"SearchAction","target":{"@type":"EntryPoint","urlTemplate":"https:\/\/tiennong.vn\/en\/?s={search_term_string}"},"query-input":{"@type":"PropertyValueSpecification","valueRequired":true,"valueName":"search_term_string"}}],"inLanguage":"en-US"}]}},"_links":{"self":[{"href":"https:\/\/tiennong.vn\/en\/wp-json\/wp\/v2\/product\/17995","targetHints":{"allow":["GET"]}}],"collection":[{"href":"https:\/\/tiennong.vn\/en\/wp-json\/wp\/v2\/product"}],"about":[{"href":"https:\/\/tiennong.vn\/en\/wp-json\/wp\/v2\/types\/product"}],"replies":[{"embeddable":true,"href":"https:\/\/tiennong.vn\/en\/wp-json\/wp\/v2\/comments?post=17995"}],"wp:featuredmedia":[{"embeddable":true,"href":"https:\/\/tiennong.vn\/en\/wp-json\/wp\/v2\/media\/17987"}],"wp:attachment":[{"href":"https:\/\/tiennong.vn\/en\/wp-json\/wp\/v2\/media?parent=17995"}],"wp:term":[{"taxonomy":"product_brand","embeddable":true,"href":"https:\/\/tiennong.vn\/en\/wp-json\/wp\/v2\/product_brand?post=17995"},{"taxonomy":"product_cat","embeddable":true,"href":"https:\/\/tiennong.vn\/en\/wp-json\/wp\/v2\/product_cat?post=17995"},{"taxonomy":"product_tag","embeddable":true,"href":"https:\/\/tiennong.vn\/en\/wp-json\/wp\/v2\/product_tag?post=17995"}],"curies":[{"name":"wp","href":"https:\/\/api.w.org\/{rel}","templated":true}]}}